{"id":2594,"date":"2023-08-02T20:52:28","date_gmt":"2023-08-02T18:52:28","guid":{"rendered":"https:\/\/www.themarquee.nl\/?page_id=2594"},"modified":"2025-09-06T12:19:43","modified_gmt":"2025-09-06T10:19:43","slug":"membership","status":"publish","type":"page","link":"https:\/\/themarquee.nl\/nl_nl\/membership\/","title":{"rendered":"Lidmaatschap"},"content":{"rendered":"<p>Vul het inschrijfformulier op onze website in met een geloofwaardige motivatie en de organisatie van Marquee informeert je of het lidmaatschap mogelijk is. Eenmaal geaccepteerd, maak je eenvoudig een uniek profiel aan, log je in en bekijk je de gastenlijsten van evenementen. Je kunt kaartjes kopen voor aankomende evenementen, chatten en flirten met andere leden met dezelfde interesses. Bekijk en deel foto's en neem deel aan priv\u00e9-evenementen. Je beslist zelf of je je profiel met andere leden wilt delen of priv\u00e9 wilt houden. Je kunt je priv\u00e9voorkeuren aanpassen in je accountinstellingen. Je kunt tickets kopen voor aankomende evenementen. (Alleen voor Elite-leden)<\/p>\r\n<h4>Goud<\/h4>\r\n<p>\u20ac750,- \/ jaar<br \/>per koppel<\/p>\r\n<ul>\r\n<li>Toegang tot de online community<\/li>\r\n<li>Persoonlijk online Goud account<\/li>\r\n<li><b>Geen toegang<\/b> naar de Marquee gebeurtenissen<\/li>\r\n<\/ul>\r\n<p><a href=\"https:\/\/members.themarquee.nl\/registration\/\" target=\"_blank\" rel=\"noopener\"> Aanmelden voor Gold <\/a> <a href=\"https:\/\/members.themarquee.nl\/registration\/\" target=\"_blank\" rel=\"noopener\"> Goud aanvragen single lady (50% korting) <\/a><\/p>\r\n<h4>Elite<\/h4>\r\n<p>\u20ac1500,- \/ jaar<br \/>per koppel<\/p>\r\n<ul>\r\n<li>Toegang tot de online community<\/li>\r\n<li>Persoonlijk online Elite-account<\/li>\r\n<li>Exclusieve privileges binnen de online community<\/li>\r\n<li>Betaalkaart voor Elite-leden<\/li>\r\n<\/ul>\r\n<p>Events<\/p>\r\n<ul>\r\n<li>Betaalde toegang tot onze uiterst exclusieve evenementen<\/li>\r\n<li>De mooiste, zorgvuldig geselecteerde geheime locaties<\/li>\r\n<li>Elke editie heeft een mysterieus en verleidelijk thema<\/li>\r\n<li>Chique en betoverend entertainment en performances<\/li>\r\n<li>Contactloze betalingen met jouw persoonlijke Elite-lidmaatschapskaart<\/li>\r\n<li>Zeer uitgebreide selectie van verfijnde dranken<\/li>\r\n<li>Top Champagne &amp; Cocktail service<\/li>\r\n<li>Fantastische VIP-ontvangst met een stijlvolle entree<\/li>\r\n<\/ul>\r\n<p>Dresscode<\/p>\r\n<ul>\r\n<li>Heren dienen een scherpe smoking te dragen<\/li>\r\n<li>Dames verschijnen in elegante lingerie en hoge hakken<\/li>\r\n<li>Deze dresscode is strikt en niet onderhandelbaar. Niet-naleving resulteert in geweigerde toegang tot het evenement.<\/li>\r\n<\/ul>\r\n<p>Privacy<\/p>\r\n<ul>\r\n<li>Discrete garderobe<\/li>\r\n<li>Ruime, beveiligde lockers<\/li>\r\n<li>Onbeperkte luxe verzorgings- en verfrissingsproducten<\/li>\r\n<li>Perfect onderhouden sanitair met attente toiletdames<\/li>\r\n<li>Uiterst discrete setting met professionele beveiliging<\/li>\r\n<li>Geen foto- of video-opnames tijdens de evenementen<\/li>\r\n<\/ul>\r\n<p>Privileges<\/p>\r\n<ul>\r\n<li>Exclusieve uitnodigingen voor intieme, priv\u00e9-soir\u00e9es die enkel toegankelijk zijn voor onze meest gewaardeerde leden<\/li>\r\n<li>Persoonlijke VIP-aandacht van onze toegewijde hostesses, die zorgen voor een naadloze en verfijnde beleving<\/li>\r\n<\/ul>\r\n<p>Hotel<\/p>\r\n<ul>\r\n<li>Betaalde mogelijkheid tot overnachting in zorgvuldig geselecteerde Marquee-partnerhotels<\/li>\r\n<li>Elite-vervoer van het hotel naar de geheime evenementenlocatie en terug<\/li>\r\n<li>Late check-out indien beschikbaar<\/li>\r\n<li>Ontbijt op verzoek<\/li>\r\n<\/ul>\r\n<p><a href=\"https:\/\/members.themarquee.nl\/registration\/\" target=\"_blank\" rel=\"noopener\"> Aanmelden voor Elite <\/a> <a href=\"https:\/\/members.themarquee.nl\/registration\/\" target=\"_blank\" rel=\"noopener\"> Goud aanvragen single lady (50% korting) <\/a><\/p>","protected":false},"excerpt":{"rendered":"<p>Vul het inschrijfformulier op onze website in met een geloofwaardige motivatie en de organisatie van Marquee informeert je of het lidmaatschap mogelijk is. Eenmaal geaccepteerd, maak je eenvoudig een uniek profiel aan, log je in en bekijk je de gastenlijsten van evenementen. Je kunt kaartjes kopen voor aankomende evenementen, chatten en flirten met andere leden met dezelfde interesses....<\/p>","protected":false},"author":1,"featured_media":0,"parent":0,"menu_order":0,"comment_status":"closed","ping_status":"closed","template":"","meta":{"_acf_changed":false,"inline_featured_image":false,"footnotes":""},"class_list":["post-2594","page","type-page","status-publish","hentry"],"acf":[],"_links":{"self":[{"href":"https:\/\/themarquee.nl\/nl_nl\/wp-json\/wp\/v2\/pages\/2594","targetHints":{"allow":["GET"]}}],"collection":[{"href":"https:\/\/themarquee.nl\/nl_nl\/wp-json\/wp\/v2\/pages"}],"about":[{"href":"https:\/\/themarquee.nl\/nl_nl\/wp-json\/wp\/v2\/types\/page"}],"author":[{"embeddable":true,"href":"https:\/\/themarquee.nl\/nl_nl\/wp-json\/wp\/v2\/users\/1"}],"replies":[{"embeddable":true,"href":"https:\/\/themarquee.nl\/nl_nl\/wp-json\/wp\/v2\/comments?post=2594"}],"version-history":[{"count":20,"href":"https:\/\/themarquee.nl\/nl_nl\/wp-json\/wp\/v2\/pages\/2594\/revisions"}],"predecessor-version":[{"id":3654,"href":"https:\/\/themarquee.nl\/nl_nl\/wp-json\/wp\/v2\/pages\/2594\/revisions\/3654"}],"wp:attachment":[{"href":"https:\/\/themarquee.nl\/nl_nl\/wp-json\/wp\/v2\/media?parent=2594"}],"curies":[{"name":"wp","href":"https:\/\/api.w.org\/{rel}","templated":true}]}}