{"id":3625,"date":"2025-02-11T13:50:34","date_gmt":"2025-02-11T12:50:34","guid":{"rendered":"https:\/\/themarquee.nl\/?page_id=3625"},"modified":"2025-09-06T12:22:39","modified_gmt":"2025-09-06T10:22:39","slug":"gold-membership","status":"publish","type":"page","link":"https:\/\/themarquee.nl\/fr\/gold-membership\/","title":{"rendered":"Adh\u00e9sion en or"},"content":{"rendered":"<h2>Adh\u00e9sion en or<\/h2>\r\n<p>L'exp\u00e9rience exclusive en ligne<\/p>\r\n<p>Un monde de luxe, de discr\u00e9tion et d'exclusivit\u00e9<\/p>\r\n<p>Chez Marquee, tout tourne autour de l'exp\u00e9rience. En tant que membre de notre communaut\u00e9, vous acc\u00e9dez \u00e0 un monde o\u00f9 convergent sophistication, sensualit\u00e9 et \u00e9l\u00e9gance. Cependant, l'adh\u00e9sion n'est pas accessible \u00e0 tous ; c'est un privil\u00e8ge exclusif pour ceux qui partagent nos valeurs et nos normes.<br \/>En choisissant l'adh\u00e9sion Gold ou Elite, vous d\u00e9cidez de la profondeur de votre immersion dans le monde de Marquee.<\/p>\r\n<p>L'adh\u00e9sion Gold \u00e0 Marquee vous offre un acc\u00e8s exclusif \u00e0 notre communaut\u00e9 priv\u00e9e en ligne, o\u00f9 l'\u00e9l\u00e9gance et les opportunit\u00e9s se rencontrent. En tant que membre Gold, vous \u00eates accueilli dans un r\u00e9seau raffin\u00e9 de couples prosp\u00e8res et ouverts d'esprit et de femmes c\u00e9libataires confiantes qui partagent une passion pour le luxe, la sophistication et les connexions significatives.<\/p>\r\n<p>Gr\u00e2ce \u00e0 votre profil Gold personnel en ligne, vous pouvez entrer en contact avec des personnes partageant les m\u00eames id\u00e9es, engager des conversations raffin\u00e9es et explorer des int\u00e9r\u00eats communs. Cette adh\u00e9sion est con\u00e7ue pour ceux qui cherchent \u00e0 construire des relations authentiques dans un cadre discret et \u00e9l\u00e9gant. Que vous soyez \u00e0 la recherche de conversations inspirantes ou de la possibilit\u00e9 de transformer une connexion en ligne en une rencontre excitante dans la vie r\u00e9elle, l'adh\u00e9sion Gold ouvre la porte \u00e0 un monde de possibilit\u00e9s et de passion.<\/p>\r\n<p><strong>Rencontres pour les personnes \u00e0 l'esprit ouvert :<\/strong> Marquee&#8217;s Gold Membership is perfect for those eager to explore new dimensions of connection in a respectful and refined environment. It&#8217;s an invitation to meet, flirt, and discover people who share your adventurous spirit.<\/p>\r\n<p>The Gold Membership grants you access to Marquee&#8217;s digital world. This is a network for open-minded, confident individuals and couples looking to surround themselves with like-minded people.<\/p>\r\n<ul>\r\n<li><strong>Acc\u00e8s \u00e0 la communaut\u00e9 en ligne<\/strong> &#8211; Create a personal profile, share your interests, and connect discreetly.<\/li>\r\n<li><strong>Partager et d\u00e9couvrir<\/strong> &#8211; Participate in conversations, enrich your profile with photos, and share exclusive content within the community.<\/li>\r\n<li><strong>\u00c9tablir des connexions en ligne pour des rencontres dans la vie r\u00e9elle<\/strong> &#8211; Meet couples and women worldwide who share your interests.<\/li>\r\n<li><strong>Contr\u00f4le total de la vie priv\u00e9e<\/strong> &#8211; Decide whether you are visible to others or remain invisible.<\/li>\r\n<\/ul>\r\n<p><em>A noter :<\/em> Gold members do not have access to Marquee&#8217;s physical events.<\/p>\r\n<h2>Le choix vous appartient<\/h2>\r\n<p>Que vous choisissiez <strong>L'or<\/strong> pour une pr\u00e9sentation exclusive en ligne ou <strong>Elite<\/strong> pour une immersion totale dans le monde de Marquee, vous devenez membre d'une communaut\u00e9 o\u00f9 convergent discr\u00e9tion, \u00e9l\u00e9gance et sophistication.<\/p>\r\n<p>L'adh\u00e9sion n'est pas garantie. Chaque demande est soigneusement examin\u00e9e afin de garantir la qualit\u00e9 et l'exclusivit\u00e9 de Marquee.<\/p>\r\n<h3>Faites votre choix et d\u00e9couvrez le monde de Marquee.<\/h3>\r\n<p><a href=\"https:\/\/members.themarquee.nl\/registration\/\" target=\"_blank\" rel=\"noopener\"> Demande d'adh\u00e9sion \u00e0 la cat\u00e9gorie \"Gold\" (or) <\/a> <a href=\"https:\/\/members.themarquee.nl\/registration\/\" target=\"_blank\" rel=\"noopener\"> Demande d'adh\u00e9sion \u00e0 l'association Elite <\/a><\/p>","protected":false},"excerpt":{"rendered":"<p>Gold Membership The Exclusive Online Experience A world of luxury, discretion, and exclusivity At Marquee, everything revolves around experience. As a member of our community, you gain access to a world where sophistication, sensuality, and elegance converge. However, membership is not available to everyone; it is an exclusive privilege for those who share our values&hellip;<\/p>","protected":false},"author":1,"featured_media":0,"parent":0,"menu_order":0,"comment_status":"closed","ping_status":"closed","template":"","meta":{"_acf_changed":false,"inline_featured_image":false,"footnotes":""},"class_list":["post-3625","page","type-page","status-publish","hentry"],"acf":[],"_links":{"self":[{"href":"https:\/\/themarquee.nl\/fr\/wp-json\/wp\/v2\/pages\/3625","targetHints":{"allow":["GET"]}}],"collection":[{"href":"https:\/\/themarquee.nl\/fr\/wp-json\/wp\/v2\/pages"}],"about":[{"href":"https:\/\/themarquee.nl\/fr\/wp-json\/wp\/v2\/types\/page"}],"author":[{"embeddable":true,"href":"https:\/\/themarquee.nl\/fr\/wp-json\/wp\/v2\/users\/1"}],"replies":[{"embeddable":true,"href":"https:\/\/themarquee.nl\/fr\/wp-json\/wp\/v2\/comments?post=3625"}],"version-history":[{"count":5,"href":"https:\/\/themarquee.nl\/fr\/wp-json\/wp\/v2\/pages\/3625\/revisions"}],"predecessor-version":[{"id":3656,"href":"https:\/\/themarquee.nl\/fr\/wp-json\/wp\/v2\/pages\/3625\/revisions\/3656"}],"wp:attachment":[{"href":"https:\/\/themarquee.nl\/fr\/wp-json\/wp\/v2\/media?parent=3625"}],"curies":[{"name":"wp","href":"https:\/\/api.w.org\/{rel}","templated":true}]}}