{"id":3619,"date":"2025-02-11T12:32:46","date_gmt":"2025-02-11T11:32:46","guid":{"rendered":"https:\/\/themarquee.nl\/?page_id=3619"},"modified":"2025-09-06T12:23:50","modified_gmt":"2025-09-06T10:23:50","slug":"elite-membership","status":"publish","type":"page","link":"https:\/\/themarquee.nl\/fr\/elite-membership\/","title":{"rendered":"Adh\u00e9sion d'\u00e9lite"},"content":{"rendered":"<h2>Adh\u00e9sion d'\u00e9lite<\/h2>\r\n<p>L'exp\u00e9rience compl\u00e8te de Marquee<\/p>\r\n<p>Pour ceux qui souhaitent s'immerger totalement dans le monde exclusif de Marquee, le statut de membre d'\u00e9lite constitue l'ultime porte d'entr\u00e9e vers l'\u00e9l\u00e9gance, le myst\u00e8re et la sophistication.<\/p>\r\n<ul>\r\n<li>Access to the online community &#8211; Enjoy all the benefits of the Gold Membership, with additional privileges.<\/li>\r\n<li>Invitations to Marquee events &#8211; Only Elite members have the opportunity to participate in our carefully curated, private events.<\/li>\r\n<li>A personal Elite membership card &#8211; Essential for cashless payments and access to exclusive benefits.<\/li>\r\n<\/ul>\r\n<p><strong>Marquee Events<\/strong><br \/>Quatre fois par an, nos sites exquis se transforment en terrains de jeux raffin\u00e9s pour adultes. Les membres de l'\u00e9lite b\u00e9n\u00e9ficient :<\/p>\r\n<ul>\r\n<li>Des th\u00e8mes uniques, myst\u00e9rieux et sensuels pour chaque \u00e9dition<\/li>\r\n<li>Divertissements exquis et spectacles immersifs<\/li>\r\n<li>Une vaste s\u00e9lection de boissons raffin\u00e9es, du champagne et un service de cocktails.<\/li>\r\n<li>Avantages VIP, y compris l'acc\u00e8s exclusif<\/li>\r\n<\/ul>\r\n<p><em>Les billets d'\u00e9v\u00e9nements ne sont pas inclus dans l'adh\u00e9sion et doivent \u00eatre achet\u00e9s s\u00e9par\u00e9ment.<\/em><\/p>\r\n<p><strong>Code vestimentaire et exclusivit\u00e9<\/strong><br \/>Afin de pr\u00e9server l'ambiance sophistiqu\u00e9e de Marquee, un code vestimentaire strict est appliqu\u00e9 :<\/p>\r\n<ul>\r\n<li><strong>Messieurs :<\/strong> \u00c9l\u00e9gant dans un smoking parfaitement taill\u00e9<\/li>\r\n<li><strong>Mesdames :<\/strong> El\u00e9gante en lingerie de luxe et talons hauts<\/li>\r\n<\/ul>\r\n<p><em>L'acc\u00e8s sera refus\u00e9 \u00e0 ceux qui ne respectent pas cette norme.<\/em><\/p>\r\n<p><strong>Discr\u00e9tion et vie priv\u00e9e<\/strong><br \/>Le respect de la vie priv\u00e9e est primordial chez Marquee. C'est pourquoi :<\/p>\r\n<ul>\r\n<li><strong>Pas de photos ou de vid\u00e9os<\/strong> &#8211; Experiences remain personal<\/li>\r\n<li>Des casiers spacieux et un vestiaire discret<\/li>\r\n<li>Hygi\u00e8ne et installations impeccables, y compris des produits de rafra\u00eechissement de luxe<\/li>\r\n<\/ul>\r\n<p><strong>Privil\u00e8ges suppl\u00e9mentaires<\/strong><br \/>Les membres d'\u00e9lite re\u00e7oivent des invitations \u00e0 des \u00e9v\u00e9nements priv\u00e9s exclusifs et b\u00e9n\u00e9ficient de l'attention VIP de nos h\u00f4tesses d\u00e9vou\u00e9es. <strong>H\u00f4tel et transport<\/strong><br \/>Pour compl\u00e9ter l'exp\u00e9rience, Marquee offre aux membres de l'\u00e9lite la possibilit\u00e9 de passer la nuit dans un h\u00f4tel partenaire de Marquee :<\/p>\r\n<ul>\r\n<li>Transport organis\u00e9 vers et depuis le lieu de l'\u00e9v\u00e9nement secret<\/li>\r\n<li>D\u00e9part tardif (si disponible)<\/li>\r\n<li>Petit d\u00e9jeuner facultatif apr\u00e8s une nuit inoubliable<\/li>\r\n<\/ul>\r\n<p><em>Les s\u00e9jours \u00e0 l'h\u00f4tel ne sont pas inclus dans l'adh\u00e9sion et doivent \u00eatre r\u00e9serv\u00e9s s\u00e9par\u00e9ment, sous r\u00e9serve de disponibilit\u00e9.<\/em><\/p>\r\n<h2>Le choix vous appartient<\/h2>\r\n<p>Que vous choisissiez Gold pour une pr\u00e9sentation exclusive en ligne ou Elite pour une immersion totale dans le monde de Marquee, vous devenez membre d'une communaut\u00e9 o\u00f9 convergent discr\u00e9tion, \u00e9l\u00e9gance et sophistication.<\/p>\r\n<p>L'adh\u00e9sion n'est pas garantie. Chaque demande est soigneusement examin\u00e9e afin de garantir la qualit\u00e9 et l'exclusivit\u00e9 de Marquee.<\/p>\r\n<h3>Faites votre choix et d\u00e9couvrez le monde de Marquee.<\/h3>\r\n<p><a href=\"https:\/\/members.themarquee.nl\/registration\/\" target=\"_blank\" rel=\"noopener\"> Demande d'adh\u00e9sion \u00e0 la cat\u00e9gorie \"Gold\" (or) <\/a> <a href=\"https:\/\/members.themarquee.nl\/registration\/\" target=\"_blank\" rel=\"noopener\"> Demande d'adh\u00e9sion \u00e0 l'association Elite <\/a><\/p>","protected":false},"excerpt":{"rendered":"<p>Elite Membership The Full Marquee Experience For those who wish to fully immerse themselves in the exclusive world of Marquee, the Elite Membership offers the ultimate gateway to elegance, mystery, and sophistication. Access to the online community &#8211; Enjoy all the benefits of the Gold Membership, with additional privileges. Invitations to Marquee events &#8211; Only&hellip;<\/p>","protected":false},"author":1,"featured_media":0,"parent":0,"menu_order":0,"comment_status":"closed","ping_status":"closed","template":"","meta":{"_acf_changed":false,"inline_featured_image":false,"footnotes":""},"class_list":["post-3619","page","type-page","status-publish","hentry"],"acf":[],"_links":{"self":[{"href":"https:\/\/themarquee.nl\/fr\/wp-json\/wp\/v2\/pages\/3619","targetHints":{"allow":["GET"]}}],"collection":[{"href":"https:\/\/themarquee.nl\/fr\/wp-json\/wp\/v2\/pages"}],"about":[{"href":"https:\/\/themarquee.nl\/fr\/wp-json\/wp\/v2\/types\/page"}],"author":[{"embeddable":true,"href":"https:\/\/themarquee.nl\/fr\/wp-json\/wp\/v2\/users\/1"}],"replies":[{"embeddable":true,"href":"https:\/\/themarquee.nl\/fr\/wp-json\/wp\/v2\/comments?post=3619"}],"version-history":[{"count":5,"href":"https:\/\/themarquee.nl\/fr\/wp-json\/wp\/v2\/pages\/3619\/revisions"}],"predecessor-version":[{"id":3657,"href":"https:\/\/themarquee.nl\/fr\/wp-json\/wp\/v2\/pages\/3619\/revisions\/3657"}],"wp:attachment":[{"href":"https:\/\/themarquee.nl\/fr\/wp-json\/wp\/v2\/media?parent=3619"}],"curies":[{"name":"wp","href":"https:\/\/api.w.org\/{rel}","templated":true}]}}