{"id":3423,"date":"2024-11-20T20:32:21","date_gmt":"2024-11-20T19:32:21","guid":{"rendered":"https:\/\/themarquee.nl\/?page_id=3423"},"modified":"2025-09-06T12:20:31","modified_gmt":"2025-09-06T10:20:31","slug":"member-card","status":"publish","type":"page","link":"https:\/\/themarquee.nl\/fr\/member-card\/","title":{"rendered":"Carte de membre"},"content":{"rendered":"<h2>La carte de membre The Marquee<\/h2>\r\n<p>Exclusivit\u00e9 et commodit\u00e9 avec la carte de membre Marquee.<\/p>\r\n<p>Bienvenue au Marquee, o\u00f9 nous offrons \u00e0 nos membres une exp\u00e9rience exclusive gr\u00e2ce \u00e0 la carte de membre du Marquee. Cette carte personnalis\u00e9e est votre porte d'entr\u00e9e dans un monde de privil\u00e8ges et de commodit\u00e9s, con\u00e7u pour rendre vos visites \u00e0 nos \u00e9v\u00e9nements fluides et agr\u00e9ables.<\/p>\r\n<p>Chaque carte de membre Marquee est accompagn\u00e9e d'un code QR unique et d'un num\u00e9ro correspondant, ce qui vous permet de recharger facilement votre carte. Le processus est rapide, facile et s\u00e9curis\u00e9. Il vous suffit d'utiliser votre smartphone pour scanner le code QR et recharger votre solde. Cela vous permet de payer avec votre carte de membre tout au long de la soir\u00e9e sans aucun souci.<\/p>\r\n<p>Vous avez \u00e9galement la possibilit\u00e9 de recharger votre solde en ligne via votre compte personnel. Vous pouvez ainsi recharger votre carte \u00e0 votre convenance, o\u00f9 que vous soyez.<\/p>\r\n<p>At The Marquee, we understand that transparency is important. That&#8217;s why our members can check their balance at any time. Moreover, it is possible to request a refund for any remaining balance at any time, should you wish to do so.<\/p>\r\n<p>Nous nous effor\u00e7ons d'offrir \u00e0 nos membres une exp\u00e9rience de qualit\u00e9 sup\u00e9rieure, et la carte de membre du Marquee fait partie int\u00e9grante de cette promesse. Avec des paiements rapides et faciles et un contr\u00f4le total de votre solde, il n'a jamais \u00e9t\u00e9 aussi facile de profiter de votre temps au Marquee.<\/p>\r\n<p>Apportez votre carte de membre Marquee lors de nos \u00e9v\u00e9nements et d\u00e9couvrez par vous-m\u00eame la commodit\u00e9 et l'exclusivit\u00e9.<\/p>\r\n<p><img decoding=\"async\" title=\"CARTE-\u00c9LITE_DRUKKLAAR_BRUIN-V3\" src=\"https:\/\/themarquee.nl\/wp-content\/uploads\/2024\/11\/ELITE-CARD_DRUKKLAAR_BRUIN-V3.png\" alt=\"ELITE-CARD_DRUKKLAAR_BRUIN-V3\" width=\"1000\" height=\"651\" \/><\/p>","protected":false},"excerpt":{"rendered":"<p>The Marquee Member Card Exclusivity and Convenience with the Marquee Member Card. Welcome to The Marquee, where we provide our members with an exclusive experience through our Marquee Member Card. This personalised card is your gateway to a world of privilege and convenience, designed to make your visits to our events seamless and enjoyable. Each&hellip;<\/p>","protected":false},"author":1,"featured_media":0,"parent":0,"menu_order":0,"comment_status":"closed","ping_status":"closed","template":"","meta":{"_acf_changed":false,"inline_featured_image":false,"footnotes":""},"class_list":["post-3423","page","type-page","status-publish","hentry"],"acf":[],"_links":{"self":[{"href":"https:\/\/themarquee.nl\/fr\/wp-json\/wp\/v2\/pages\/3423","targetHints":{"allow":["GET"]}}],"collection":[{"href":"https:\/\/themarquee.nl\/fr\/wp-json\/wp\/v2\/pages"}],"about":[{"href":"https:\/\/themarquee.nl\/fr\/wp-json\/wp\/v2\/types\/page"}],"author":[{"embeddable":true,"href":"https:\/\/themarquee.nl\/fr\/wp-json\/wp\/v2\/users\/1"}],"replies":[{"embeddable":true,"href":"https:\/\/themarquee.nl\/fr\/wp-json\/wp\/v2\/comments?post=3423"}],"version-history":[{"count":9,"href":"https:\/\/themarquee.nl\/fr\/wp-json\/wp\/v2\/pages\/3423\/revisions"}],"predecessor-version":[{"id":3655,"href":"https:\/\/themarquee.nl\/fr\/wp-json\/wp\/v2\/pages\/3423\/revisions\/3655"}],"wp:attachment":[{"href":"https:\/\/themarquee.nl\/fr\/wp-json\/wp\/v2\/media?parent=3423"}],"curies":[{"name":"wp","href":"https:\/\/api.w.org\/{rel}","templated":true}]}}