{"id":3403,"date":"2024-11-20T20:05:15","date_gmt":"2024-11-20T19:05:15","guid":{"rendered":"https:\/\/themarquee.nl\/?page_id=3403"},"modified":"2025-09-06T12:27:02","modified_gmt":"2025-09-06T10:27:02","slug":"guidelines-etiquette","status":"publish","type":"page","link":"https:\/\/themarquee.nl\/fr\/events\/guidelines-etiquette\/","title":{"rendered":"Lignes directrices et \u00e9tiquette"},"content":{"rendered":"<h2>Conformit\u00e9 de l'adh\u00e9sion<\/h2>\r\n<p><strong>Respect strict des r\u00e8gles de consentement.<\/strong><br \/>Le non-respect de nos normes de consentement entra\u00eenera le retrait imm\u00e9diat de l'\u00e9v\u00e9nement et la r\u00e9vocation de votre adh\u00e9sion, sans exception.<\/p>\r\n<h2>Etiquette comportementale<\/h2>\r\n<p><strong>Respecter la communaut\u00e9.<\/strong><br \/>Cultiver une atmosph\u00e8re sensuelle et confortable en traitant tous les membres avec gentillesse et courtoisie. Soyez attentif aux autres et \u00e9vitez de les mettre mal \u00e0 l'aise. Toute infraction peut entra\u00eener la r\u00e9vocation de l'adh\u00e9sion. <strong>Respecter l'espace personnel.<\/strong><br \/>Gardez vos mains pour vous et maintenez des distances respectueuses. Toucher d'autres personnes, y compris le personnel du Marquee, n\u00e9cessite un consentement explicite. Voir la section Etiquette du consentement pour plus d'informations. <strong>Pas de photographie ni de vid\u00e9ographie.<\/strong><br \/>Pour prot\u00e9ger la vie priv\u00e9e, une politique stricte de non-photo et de non-vid\u00e9o est appliqu\u00e9e \u00e0 tous les \u00e9v\u00e9nements. Les t\u00e9l\u00e9phones doivent rester dans les casiers pendant toute la dur\u00e9e de l'\u00e9v\u00e9nement. <strong>Courtoisie \u00e0 l'\u00e9gard du personnel.<\/strong><br \/>Notre \u00e9quipe est l\u00e0 pour vous aider \u00e0 vivre votre exp\u00e9rience. Le manque de respect ou le harc\u00e8lement envers le personnel ne sera pas tol\u00e9r\u00e9, car il fait partie int\u00e9grante de la communaut\u00e9 Marquee et m\u00e9rite le m\u00eame respect que tous les participants. <strong>Restez sobre.<\/strong><br \/>Les membres qui semblent en \u00e9tat d'\u00e9bri\u00e9t\u00e9 avanc\u00e9 seront pri\u00e9s de quitter les lieux pour la s\u00e9curit\u00e9 de tous. Le non-respect de cette r\u00e8gle peut entra\u00eener la suspension ou la r\u00e9vocation de l'adh\u00e9sion. <strong>Il est interdit de fumer \u00e0 l'int\u00e9rieur.<\/strong><br \/>Pour des raisons de sant\u00e9 et de s\u00e9curit\u00e9, il est interdit de fumer \u00e0 l'int\u00e9rieur de la salle. Des zones fumeurs d\u00e9sign\u00e9es sont disponibles. <strong>Pas de pression, seulement du plaisir.<\/strong><br \/>La participation est toujours volontaire. Fixez vos propres limites et profitez de l'exp\u00e9rience \u00e0 votre rythme. <strong>Tol\u00e9rance z\u00e9ro pour l'intol\u00e9rance.<\/strong><br \/>Discrimination of any form-including racist, homophobic, or transphobic comments-is not accepted. Marquee values respect for all bodies, equitable dynamics, and diverse preferences. <strong>Signaler rapidement les probl\u00e8mes.<\/strong><br \/>Si vous \u00eates t\u00e9moin d'un comportement contraire \u00e0 nos directives, informez-en imm\u00e9diatement un membre de l'\u00e9quipe de Marquee afin de nous aider \u00e0 maintenir un environnement s\u00fbr. <strong>Exprimez-vous.<\/strong><br \/>Si vous avez des inqui\u00e9tudes pendant un \u00e9v\u00e9nement, contactez un membre de notre \u00e9quipe de s\u00e9curit\u00e9 ou un h\u00f4te de Marquee pour une assistance imm\u00e9diate. <strong>Faites-nous part de vos commentaires.<\/strong><br \/>Si vous rencontrez des probl\u00e8mes lors d'un \u00e9v\u00e9nement, envoyez-nous un courriel \u00e0 l'adresse suivante <strong>info@TheMarquee.nl<\/strong>. Vos commentaires sont pris au s\u00e9rieux et nous nous effor\u00e7ons de r\u00e9soudre rapidement tout probl\u00e8me. <strong>Sanctions en cas de faute.<\/strong><br \/>Si l'\u00e9quipe de Marquee ou d'autres membres ont des doutes sur votre comportement, votre adh\u00e9sion peut \u00eatre suspendue pour un minimum de six mois afin de nous permettre d'\u00e9valuer votre aptitude \u00e0 faire partie de notre communaut\u00e9. En cas de plainte formelle, nous nous r\u00e9servons le droit de prolonger cette suspension jusqu'\u00e0 ce qu'une solution soit trouv\u00e9e.<\/p>\r\n<h2>Etiquette du consentement<\/h2>\r\n<p><strong>Observer...<\/strong><\/p>\r\n<p><strong>Respecter les limites.<\/strong> Ne touchez pas les autres sans leur consentement explicite et \u00e9vitez d'interrompre les sc\u00e8nes ou d'\u00eatre intrusif. Demandez toujours la permission si vous souhaitez vous engager avec une personne impliqu\u00e9e dans une activit\u00e9.<\/p>\r\n<p><strong>Voyeurisme avec respect.<\/strong> L'observation est acceptable, mais il faut conna\u00eetre ses limites. \u00c9vitez de regarder sans y \u00eatre invit\u00e9 et, si vous vous identifiez comme un voyeur, abstenez-vous de jouer seul tout en observant les autres, car cela peut cr\u00e9er une exp\u00e9rience non consensuelle.<\/p>\r\n<p><strong>Engageant...<\/strong><\/p>\r\n<p><strong>Respecter les espaces partag\u00e9s.<\/strong> Be considerate of shared spaces, keeping them clean and hygienic. Avoid interrupting others&#8217; activities, and always seek consent before any physical interaction, even during play.<\/p>\r\n<p><strong>Consentement \u00e0 la participation.<\/strong> If you wish to involve someone else in a scene you&#8217;re part of, ensure all parties consent. If consent is not granted, continue without them or play separately.<\/p>\r\n<p><strong>R\u00e9vocation imm\u00e9diate de l'adh\u00e9sion en cas de non-respect des r\u00e8gles.<\/strong> Le non-respect de nos r\u00e8gles de consentement entra\u00eenera la r\u00e9siliation imm\u00e9diate de l'adh\u00e9sion et l'exclusion des futurs \u00e9v\u00e9nements de Marquee.<\/p>\r\n<p>Merci de faire partie de la communaut\u00e9 du Marquee. En suivant ces lignes directrices, vous contribuez \u00e0 une exp\u00e9rience accueillante et m\u00e9morable pour tous.<\/p>","protected":false},"excerpt":{"rendered":"<p>Membership Compliance Strict Adherence to Consent Rules.Failure to comply with our consent standards will result in immediate removal from the event and revocation of your membership, without exception. Behavioral Etiquette Respect the Community.Cultivate a sensual, comfortable atmosphere by treating all members with kindness and courtesy. Be mindful of others, and avoid causing discomfort. Violations may&hellip;<\/p>","protected":false},"author":1,"featured_media":0,"parent":2575,"menu_order":0,"comment_status":"closed","ping_status":"closed","template":"","meta":{"_acf_changed":false,"inline_featured_image":false,"footnotes":""},"class_list":["post-3403","page","type-page","status-publish","hentry"],"acf":[],"_links":{"self":[{"href":"https:\/\/themarquee.nl\/fr\/wp-json\/wp\/v2\/pages\/3403","targetHints":{"allow":["GET"]}}],"collection":[{"href":"https:\/\/themarquee.nl\/fr\/wp-json\/wp\/v2\/pages"}],"about":[{"href":"https:\/\/themarquee.nl\/fr\/wp-json\/wp\/v2\/types\/page"}],"author":[{"embeddable":true,"href":"https:\/\/themarquee.nl\/fr\/wp-json\/wp\/v2\/users\/1"}],"replies":[{"embeddable":true,"href":"https:\/\/themarquee.nl\/fr\/wp-json\/wp\/v2\/comments?post=3403"}],"version-history":[{"count":8,"href":"https:\/\/themarquee.nl\/fr\/wp-json\/wp\/v2\/pages\/3403\/revisions"}],"predecessor-version":[{"id":3659,"href":"https:\/\/themarquee.nl\/fr\/wp-json\/wp\/v2\/pages\/3403\/revisions\/3659"}],"up":[{"embeddable":true,"href":"https:\/\/themarquee.nl\/fr\/wp-json\/wp\/v2\/pages\/2575"}],"wp:attachment":[{"href":"https:\/\/themarquee.nl\/fr\/wp-json\/wp\/v2\/media?parent=3403"}],"curies":[{"name":"wp","href":"https:\/\/api.w.org\/{rel}","templated":true}]}}