{"id":3383,"date":"2024-10-25T09:35:46","date_gmt":"2024-10-25T07:35:46","guid":{"rendered":"https:\/\/themarquee.nl\/?page_id=3383"},"modified":"2025-10-20T22:42:31","modified_gmt":"2025-10-20T20:42:31","slug":"about-marquee","status":"publish","type":"page","link":"https:\/\/themarquee.nl\/fr\/about-marquee\/","title":{"rendered":"\u00c0 propos de Marquee"},"content":{"rendered":"<h2>\n\t\t\tLe chapiteau\t<\/h2>\n\t<p>Bienvenue sur Marquee, un community exclusif d\u00e9di\u00e9 aux c\u0153urs aventureux, aux esprits libres et aux \u00e2mes confiantes. Ici, nous invitons les couples \u00e0 succ\u00e8s ouverts d'esprit et les femmes c\u00e9libataires qui sont en harmonie avec leur sensualit\u00e9 \u00e0 se connecter, \u00e0 flirter et \u00e0 s'amuser. <a href=\"https:\/\/erotisch-uitgaan.nl\/erotisch-avondje-uit\/\" target=\"_blank\" rel=\"noopener\">explorer<\/a> leurs d\u00e9sirs.<\/p>\n<p><a href=\"https:\/\/themarquee.nl\/fr\/membership\/\">L'adh\u00e9sion<\/a> Le fait d'\u00eatre membre du Marquee est un privil\u00e8ge, une marque de distinction accord\u00e9e uniquement \u00e0 ceux qui peuvent am\u00e9liorer notre dynamique community. Nos membres sont choisis en fonction de leur attrait, de leur statut professionnel et de leur contribution potentielle au Marquee. <a href=\"https:\/\/themarquee.nl\/fr\/community\/\">community<\/a>. Nous croyons en la qualit\u00e9 plut\u00f4t qu'en la quantit\u00e9, afin de garantir l'exp\u00e9rience Marquee.<\/p>\n<p>Nous sommes fiers d'accueillir chaque ann\u00e9e quatre \u00e9v\u00e9nements spectaculaires, dont l'acc\u00e8s est r\u00e9serv\u00e9 \u00e0 nos membres les plus estim\u00e9s. Les normes que nous appliquons \u00e0 nos \u00e9v\u00e9nements sont sans compromis. Nous appliquons une<a href=\"https:\/\/themarquee.nl\/fr\/community\/\"> code vestimentaire<\/a> to uphold the sophistication and allure of the event. Men in sharp tuxedos, and women in elegant lingerie and high heels. We ensure each event&#8217;s theme is communicated well in advance, providing inspiration and guidance. For a glamorous night of life&#8217;s most exquisite pleasures.<\/p>\n<p>Marquee est bien plus qu'une communaut\u00e9 en ligne ou un organisateur d'\u00e9v\u00e9nements. Nous sommes un havre de paix o\u00f9 les femmes peuvent embrasser leur d\u00e9esse int\u00e9rieure, se d\u00e9lecter de leur f\u00e9minit\u00e9 et exprimer fi\u00e8rement leur confiance en elles. Nous croyons en la c\u00e9l\u00e9bration des femmes, de leur rayonnement et de leur pouvoir.<\/p>\n<p>Today&#8217;s world is consumed by <a href=\"https:\/\/themarquee.nl\/fr\/social-media\/\">m\u00e9dias sociaux<\/a> et l'empreinte num\u00e9rique que nous laissons derri\u00e8re nous. Cependant, Marquee choisit consciemment une voie diff\u00e9rente. Nous \u00e9vitons les m\u00e9dias sociaux ; nos \u00e9v\u00e9nements sont priv\u00e9s, non photographi\u00e9s, non enregistr\u00e9s et vraiment inoubliables. Nous croyons en la cr\u00e9ation de souvenirs, pas de messages. Vos exp\u00e9riences au sein de Marquee resteront personnelles et significatives, \u00e0 l'abri du regard du public.<\/p>\n<p>Chez Marquee, nous vivons pleinement notre vie, nous c\u00e9l\u00e9brons chaque instant et nous accueillons nos d\u00e9sirs \u00e0 bras ouverts. Rejoignez-nous \u00e0 Marquee, o\u00f9 la sophistication rencontre l'exclusivit\u00e9 et o\u00f9 le plaisir est toujours au rendez-vous. D\u00e9bloquez votre style de vie extraordinaire avec nous, car vous m\u00e9ritez tout cela. Rejoignez notre community d\u00e8s aujourd'hui et \u00e9levez vos sens vers de nouveaux sommets.<\/p>\n<h3  data-animation-delay=\"2\" data-animation-duration=\"2\">\n\t\t\tAre you curious what&#8217;s going on behind the closed doors of Marquee? \t<\/h3>\n\t\t\t<a href=\"https:\/\/themarquee.nl\/fr\/membership\/\" target=\"_self\">\n\t\t\t\t\t\t\tDemande d'adh\u00e9sion\n\t\t\t\t\t<\/a>","protected":false},"excerpt":{"rendered":"<p>The Marquee Welcome to Marquee, an exclusive community dedicated to the adventurous hearts, the free spirits, and the confident souls. Here, we invite open-minded successful couples and single ladies who are in harmony with their sensuality to connect, flirt, and explore their desires. Membership at Marquee is a privilege, a mark of distinction given only&hellip;<\/p>","protected":false},"author":1,"featured_media":2695,"parent":0,"menu_order":0,"comment_status":"closed","ping_status":"closed","template":"","meta":{"_acf_changed":false,"inline_featured_image":false,"footnotes":""},"class_list":["post-3383","page","type-page","status-publish","has-post-thumbnail","hentry"],"acf":[],"_links":{"self":[{"href":"https:\/\/themarquee.nl\/fr\/wp-json\/wp\/v2\/pages\/3383","targetHints":{"allow":["GET"]}}],"collection":[{"href":"https:\/\/themarquee.nl\/fr\/wp-json\/wp\/v2\/pages"}],"about":[{"href":"https:\/\/themarquee.nl\/fr\/wp-json\/wp\/v2\/types\/page"}],"author":[{"embeddable":true,"href":"https:\/\/themarquee.nl\/fr\/wp-json\/wp\/v2\/users\/1"}],"replies":[{"embeddable":true,"href":"https:\/\/themarquee.nl\/fr\/wp-json\/wp\/v2\/comments?post=3383"}],"version-history":[{"count":10,"href":"https:\/\/themarquee.nl\/fr\/wp-json\/wp\/v2\/pages\/3383\/revisions"}],"predecessor-version":[{"id":3665,"href":"https:\/\/themarquee.nl\/fr\/wp-json\/wp\/v2\/pages\/3383\/revisions\/3665"}],"wp:featuredmedia":[{"embeddable":true,"href":"https:\/\/themarquee.nl\/fr\/wp-json\/wp\/v2\/media\/2695"}],"wp:attachment":[{"href":"https:\/\/themarquee.nl\/fr\/wp-json\/wp\/v2\/media?parent=3383"}],"curies":[{"name":"wp","href":"https:\/\/api.w.org\/{rel}","templated":true}]}}