{"id":3270,"date":"2024-05-24T11:37:36","date_gmt":"2024-05-24T09:37:36","guid":{"rendered":"https:\/\/staging.themarquee.nl\/?page_id=3270"},"modified":"2025-09-06T12:27:49","modified_gmt":"2025-09-06T10:27:49","slug":"dresscode","status":"publish","type":"page","link":"https:\/\/themarquee.nl\/fr\/dresscode\/","title":{"rendered":"Code vestimentaire"},"content":{"rendered":"<h2>S'habiller pour impressionner<\/h2>\r\n<p>NOTRE CODE VESTIMENTAIRE : UN \u00c9L\u00c9MENT ESSENTIEL DE NOS \u00c9V\u00c9NEMENTS EXCLUSIFS<\/p>\r\n<p>Chez Marquee, nous organisons chaque ann\u00e9e quatre \u00e9v\u00e9nements spectaculaires, chacun ayant un th\u00e8me unique et m\u00e9ticuleusement choisi. Ces soir\u00e9es raffin\u00e9es sont exclusivement accessibles \u00e0 nos membres d'\u00e9lite, ce qui garantit une exp\u00e9rience intime et in\u00e9gal\u00e9e.<\/p>\r\n<p>Nos \u00e9v\u00e9nements sont con\u00e7us comme la c\u00e9l\u00e9bration ultime du luxe et de la s\u00e9duction. Les th\u00e8mes sont annonc\u00e9s longtemps \u00e0 l'avance, ce qui vous permet de parfaire votre look et de vous immerger totalement dans l'atmosph\u00e8re enchanteresse de la soir\u00e9e. Laissez-vous emporter par la musique, savourez des boissons exquises et entourez-vous de personnes partageant votre passion pour l'\u00e9l\u00e9gance et l'exclusivit\u00e9.<\/p>\r\n<p>Pour pr\u00e9server la magie et l'attrait de nos r\u00e9unions, nous appliquons un code vestimentaire strict :<br \/>\u2022 Gentlemen &#8211; A perfectly tailored tuxedo<br \/>\u2022 Ladies &#8211; Exquisite lingerie and high heels<\/p>\r\n<p>This dress code is non-negotiable-failure to comply will result in denied entry, regardless of reservation or ticket. We believe that these standards contribute to the sophisticated ambiance that our guests expect and deserve.<\/p>\r\n<p>Rejoignez Marquee Luxury Events et devenez membre d'une communaut\u00e9 exclusive o\u00f9 le style, le luxe et la tentation s'entrem\u00ealent harmonieusement. Que vous soyez un couple \u00e0 la recherche de nouvelles dimensions dans votre relation ou une femme seule qui explore ses fantasmes les plus profonds, nos \u00e9v\u00e9nements vous offrent un cadre o\u00f9 vous pouvez vous exprimer librement dans une atmosph\u00e8re d'\u00e9l\u00e9gance et de raffinement.<\/p>\r\n<h4>\u00c9l\u00e9gance et classe pour les hommes<\/h4>\r\n<p>For gentlemen, nothing exudes sophistication and class quite like a perfectly tailored tuxedo. This is no arbitrary choice-the tuxedo embodies respect, dignity, and refinement, elevating the exclusivity of our events. It is a statement of status and style, an essential component of the mesmerizing ambiance that defines Marquee Luxury Events.<\/p>\r\n<h4>Sensualit\u00e9 et cr\u00e9ativit\u00e9 th\u00e9matique pour les femmes<\/h4>\r\n<p>Ladies are encouraged to express their sensuality and creativity through refined lingerie that aligns with the theme of the evening. The theme is announced well in advance, allowing our female guests to craft the perfect look-one that not only accentuates their figure with elegance but also reflects their personality and sensuality in the most exquisite way.<\/p>\r\n<h4>Application stricte du code vestimentaire<\/h4>\r\n<p>Notre \u00e9quipe de s\u00e9curit\u00e9 est sp\u00e9cialement form\u00e9e pour faire respecter rigoureusement le code vestimentaire. Les clients qui ne respectent pas les normes vestimentaires requises ne seront pas admis, ind\u00e9pendamment de leur r\u00e9servation ou de leur billet.<\/p>\r\n<p>At Marquee, we understand that our events are more than just indulgence-they are immersive experiences, a seamless fusion of luxury, seduction, and exclusivity. And every experience begins with the perfect choice of attire.<\/p>\r\n<h2>Pourquoi un code vestimentaire ?<\/h2>\r\n<p>Notre code vestimentaire remplit plusieurs fonctions essentielles :<\/p>\r\n<ol>\r\n<li>\r\n<h3>Cr\u00e9er un environnement \u00e0 la fois sensuel et respectueux.<\/h3>\r\n<p>En respectant le code vestimentaire, vous faites preuve de respect pour l'exp\u00e9rience, l'ambiance et les autres invit\u00e9s.<\/p>\r\n<\/li>\r\n<li>\r\n<h3>Favoriser l'\u00e9galit\u00e9 et le sens de la communaut\u00e9.<\/h3>\r\n<p>Au sein de The Marquee, les m\u00eames normes s'appliquent \u00e0 tous, ind\u00e9pendamment du statut ou de l'origine. Cela garantit une atmosph\u00e8re d'harmonie et d'exclusivit\u00e9.<\/p>\r\n<\/li>\r\n<li>\r\n<h3>Renforcer le myst\u00e8re et l'excitation.<\/h3>\r\n<p>The anticipation of what others will wear, the thrill of revealing your own look, and the transformation you experience as you step inside-all of this contributes to the magic of Marquee.<\/p>\r\n<\/li>\r\n<\/ol>\r\n<p><img decoding=\"async\" title=\"Citation 4\" src=\"https:\/\/themarquee.nl\/wp-content\/uploads\/2024\/11\/Quote-4.svg\" alt=\"Quote 4\" width=\"0\" height=\"0\" \/><\/p>","protected":false},"excerpt":{"rendered":"<p>Dress to Impress OUR DRESS CODE: AN ESSENTIAL ELEMENT OF OUR EXCLUSIVE EVENTS At Marquee, we host four spectacular events each year, each featuring a unique and meticulously curated theme. These refined soir\u00e9es are exclusively accessible to our Elite members, ensuring an intimate and unparalleled experience. Our events are designed as the ultimate celebration of&hellip;<\/p>","protected":false},"author":1,"featured_media":0,"parent":0,"menu_order":0,"comment_status":"closed","ping_status":"closed","template":"","meta":{"_acf_changed":false,"inline_featured_image":false,"footnotes":""},"class_list":["post-3270","page","type-page","status-publish","hentry"],"acf":[],"_links":{"self":[{"href":"https:\/\/themarquee.nl\/fr\/wp-json\/wp\/v2\/pages\/3270","targetHints":{"allow":["GET"]}}],"collection":[{"href":"https:\/\/themarquee.nl\/fr\/wp-json\/wp\/v2\/pages"}],"about":[{"href":"https:\/\/themarquee.nl\/fr\/wp-json\/wp\/v2\/types\/page"}],"author":[{"embeddable":true,"href":"https:\/\/themarquee.nl\/fr\/wp-json\/wp\/v2\/users\/1"}],"replies":[{"embeddable":true,"href":"https:\/\/themarquee.nl\/fr\/wp-json\/wp\/v2\/comments?post=3270"}],"version-history":[{"count":13,"href":"https:\/\/themarquee.nl\/fr\/wp-json\/wp\/v2\/pages\/3270\/revisions"}],"predecessor-version":[{"id":3660,"href":"https:\/\/themarquee.nl\/fr\/wp-json\/wp\/v2\/pages\/3270\/revisions\/3660"}],"wp:attachment":[{"href":"https:\/\/themarquee.nl\/fr\/wp-json\/wp\/v2\/media?parent=3270"}],"curies":[{"name":"wp","href":"https:\/\/api.w.org\/{rel}","templated":true}]}}