{"id":3267,"date":"2024-05-24T11:37:20","date_gmt":"2024-05-24T09:37:20","guid":{"rendered":"https:\/\/staging.themarquee.nl\/?page_id=3267"},"modified":"2025-09-06T12:10:33","modified_gmt":"2025-09-06T10:10:33","slug":"privacy","status":"publish","type":"page","link":"https:\/\/themarquee.nl\/fr\/privacy\/","title":{"rendered":"Vie priv\u00e9e"},"content":{"rendered":"<h2>La vie priv\u00e9e chez Marquee<\/h2>\r\n<p>Notre promesse sacr\u00e9e<\/p>\r\n<p>Chez Marquee, nous savons qu'une v\u00e9ritable connexion s'\u00e9panouit dans un environnement de confiance et de confidentialit\u00e9. Dans un monde o\u00f9 l'intimit\u00e9 est souvent per\u00e7ue comme un luxe \u00e9ph\u00e9m\u00e8re, nous en faisons une promesse sacr\u00e9e \u00e0 nos membres les plus estim\u00e9s. Vos secrets, vos d\u00e9sirs et les moments partag\u00e9s au sein de notre communaut\u00e9 exclusive sont des tr\u00e9sors que nous gardons avec un d\u00e9vouement in\u00e9branlable.<\/p>\r\n<p>Notre engagement en faveur de la protection de la vie priv\u00e9e s'\u00e9tend \u00e0 tous les d\u00e9tails de nos r\u00e9unions. Pour que votre exp\u00e9rience reste intime et s\u00fbre, nous appliquons une politique stricte de protection de la vie priv\u00e9e. <strong>politique de non-utilisation du t\u00e9l\u00e9phone<\/strong>-for members, crew, and all event staff. Phones are not permitted inside our venues, allowing you to fully immerse yourself in each moment without the distraction of digital devices. This policy preserves the exclusive ambiance of Marquee, giving you a safe space to connect, explore, and celebrate.<\/p>\r\n<p>To further protect the confidentiality of our members, every individual involved in our events-from our trusted Marquee team to the external professionals we hire-signs a <strong>accord de confidentialit\u00e9 contraignant<\/strong>. This agreement ensures that the magic and mystery of Marquee remain within our community. Our staff and partners understand the importance of discretion, safeguarding every member&#8217;s experience from start to finish.<\/p>\r\n<p>Nous concevons chaque \u00e9v\u00e9nement avec un soin m\u00e9ticuleux, en veillant \u00e0 ce que chaque d\u00e9tail enrichisse votre exp\u00e9rience, \u00e0 l'abri des regards indiscrets du monde ext\u00e9rieur. Notre engagement \u00e0 respecter la vie priv\u00e9e signifie que nos rassemblements ne sont ni photographi\u00e9s ni enregistr\u00e9s ; vos moments enchanteurs restent personnels, une tapisserie exquise tiss\u00e9e \u00e0 partir de rires partag\u00e9s, de flirts et de l'excitation de l'aventure. Ici, vous pouvez vous d\u00e9lecter de votre sensualit\u00e9, vous connecter avec des \u00e2mes qui vous ressemblent et explorer vos d\u00e9sirs sans h\u00e9sitation.<\/p>\r\n<p>Dans une soci\u00e9t\u00e9 qui exige souvent l'ouverture, Marquee ose \u00eatre diff\u00e9rent. Nous cr\u00e9ons un espace intime o\u00f9 vous pouvez embrasser votre d\u00e9esse int\u00e9rieure, c\u00e9l\u00e9brer votre f\u00e9minit\u00e9 et exprimer votre confiance en vous en toute libert\u00e9. En donnant la priorit\u00e9 \u00e0 votre intimit\u00e9, nous cr\u00e9ons un sanctuaire o\u00f9 chaque membre peut s'adonner aux plaisirs exquis de la vie, sans \u00eatre d\u00e9rang\u00e9 par le bruit du monde ext\u00e9rieur.<\/p>\r\n<p>Rejoignez-nous et faites l'exp\u00e9rience de la libert\u00e9 in\u00e9gal\u00e9e que procure le fait de savoir que votre vie priv\u00e9e n'est pas seulement respect\u00e9e, mais c\u00e9l\u00e9br\u00e9e. Au Marquee, nous vous invitons \u00e0 d\u00e9couvrir un style de vie o\u00f9 vos d\u00e9sirs sont ch\u00e9ris, vos secrets sont en s\u00e9curit\u00e9 et vos moments sont les v\u00f4tres. Bienvenue dans un royaume o\u00f9 sophistication et exclusivit\u00e9 s'entrem\u00ealent et o\u00f9 votre voyage d'exploration ne fait que commencer.<\/p>\r\n<p><img decoding=\"async\" title=\"citations2\" src=\"https:\/\/themarquee.nl\/wp-content\/uploads\/2024\/05\/quotes2.png\" alt=\"quotes2\" width=\"347\" height=\"347\" \/><\/p>\r\n<h4>Chez Marquee, nous honorons la promesse sacr\u00e9e de la vie priv\u00e9e, en cr\u00e9ant un sanctuaire intime o\u00f9 vos d\u00e9sirs restent confidentiels et o\u00f9 vos relations s'\u00e9panouissent.<\/h4>\r\n<p>Dans un monde avide de partage, nous vous invitons \u00e0 savourer la beaut\u00e9 de la discr\u00e9tion, o\u00f9 chaque moment est ch\u00e9ri et chaque exp\u00e9rience est un tr\u00e9sor priv\u00e9. Rejoignez-nous dans un royaume o\u00f9 vos secrets sont en s\u00e9curit\u00e9 et o\u00f9 votre voyage d'exploration commence.<\/p>","protected":false},"excerpt":{"rendered":"<p>Privacy at Marquee Our Sacred Promise At Marquee, we understand that true connection flourishes in an environment of trust and confidentiality. In a world where privacy often feels like a fleeting luxury, we hold it as a sacred promise to our esteemed members. Your secrets, desires, and moments shared within our exclusive community are treasures&hellip;<\/p>","protected":false},"author":1,"featured_media":0,"parent":0,"menu_order":0,"comment_status":"closed","ping_status":"closed","template":"","meta":{"_acf_changed":false,"inline_featured_image":false,"footnotes":""},"class_list":["post-3267","page","type-page","status-publish","hentry"],"acf":[],"_links":{"self":[{"href":"https:\/\/themarquee.nl\/fr\/wp-json\/wp\/v2\/pages\/3267","targetHints":{"allow":["GET"]}}],"collection":[{"href":"https:\/\/themarquee.nl\/fr\/wp-json\/wp\/v2\/pages"}],"about":[{"href":"https:\/\/themarquee.nl\/fr\/wp-json\/wp\/v2\/types\/page"}],"author":[{"embeddable":true,"href":"https:\/\/themarquee.nl\/fr\/wp-json\/wp\/v2\/users\/1"}],"replies":[{"embeddable":true,"href":"https:\/\/themarquee.nl\/fr\/wp-json\/wp\/v2\/comments?post=3267"}],"version-history":[{"count":11,"href":"https:\/\/themarquee.nl\/fr\/wp-json\/wp\/v2\/pages\/3267\/revisions"}],"predecessor-version":[{"id":3642,"href":"https:\/\/themarquee.nl\/fr\/wp-json\/wp\/v2\/pages\/3267\/revisions\/3642"}],"wp:attachment":[{"href":"https:\/\/themarquee.nl\/fr\/wp-json\/wp\/v2\/media?parent=3267"}],"curies":[{"name":"wp","href":"https:\/\/api.w.org\/{rel}","templated":true}]}}