{"id":3265,"date":"2024-05-24T11:36:51","date_gmt":"2024-05-24T09:36:51","guid":{"rendered":"https:\/\/staging.themarquee.nl\/?page_id=3265"},"modified":"2025-09-06T12:16:01","modified_gmt":"2025-09-06T10:16:01","slug":"community","status":"publish","type":"page","link":"https:\/\/themarquee.nl\/fr\/community\/","title":{"rendered":"Communaut\u00e9"},"content":{"rendered":"<h2>Terrain de jeu pour l'\u00e9lite<\/h2>\r\n<p>BIENVENUE DANS LA COMMUNAUT\u00c9 MARQUEE, O\u00d9 L'EXCLUSIVIT\u00c9 HORS LIGNE ET LA CONNEXION EN LIGNE SE REJOIGNENT.<\/p>\r\n<p>Notre communaut\u00e9 repose sur deux piliers. D'une part, nous avons cr\u00e9\u00e9 un r\u00e9seau pour l'\u00e9lite ouverte d'esprit \u00e0 travers le monde. Ici, vous pouvez cr\u00e9er un profil personnel, partager des d\u00e9tails sur vous ou votre partenaire, et exprimer vos r\u00eaves, vos fantasmes et vos d\u00e9sirs. Les profils peuvent \u00eatre enrichis de photos, partag\u00e9s sur la ligne de temps et utilis\u00e9s pour engager des conversations int\u00e9ressantes avec d'autres couples et femmes c\u00e9libataires.<\/p>\r\n<p>En s\u00e9lectionnant des termes qui correspondent \u00e0 vos pr\u00e9f\u00e9rences et \u00e0 la dynamique de votre relation, vous permettez aux autres de vous d\u00e9couvrir et de se connecter avec vous sur la base d'int\u00e9r\u00eats communs. Certains membres choisissent de garder leur profil priv\u00e9, restant ainsi invisibles et non consultables. Ce niveau de confidentialit\u00e9 est enti\u00e8rement laiss\u00e9 \u00e0 la discr\u00e9tion de nos membres.<\/p>\r\n<h2>Exclusivit\u00e9 Events, exp\u00e9riences inoubliables<\/h2>\r\n<p>But the magic doesn&#8217;t stop there. Four times a year, our members gather for exclusive events that are nothing short of spectacular. Each edition boasts a unique theme, transforming our breathtaking venues into sophisticated playgrounds for adults, complete with high-end service and captivating performances.<\/p>\r\n<p>Ce n'est qu'en tant que membre que vous pouvez acc\u00e9der \u00e0 ces exp\u00e9riences in\u00e9gal\u00e9es, garantissant ainsi que chaque r\u00e9union sera inoubliable.<\/p>\r\n<h2>\u00c0 qui s'adresse Marquee ?<\/h2>\r\n<p>Que vous soyez une femme c\u00e9libataire confiante ou un couple d\u00e9sireux d'explorer de nouvelles dimensions de votre relation, Marquee s'aligne parfaitement sur vos d\u00e9sirs.<\/p>\r\n<p>Vous \u00eates nouveau dans le monde des \u00e9v\u00e9nements sensuels et vous \u00eates simplement curieux de savoir si ce mode de vie vous convient ? Ou \u00eates-vous d\u00e9j\u00e0 rompu \u00e0 un mode de vie ouvert d'esprit, o\u00f9 le partage d'exp\u00e9riences avec d'autres fait naturellement partie de votre parcours ? Tous ceux qui correspondent \u00e0 notre profil sont les bienvenus au sein de la communaut\u00e9 Marquee.<\/p>\r\n<h2>Respect, consentement et confiance<\/h2>\r\n<p>Flirtez, s\u00e9duisez et explorez ! Nous attendons de chaque membre qu'il traite les autres avec le plus grand respect. Le consentement et la confiance sont au c\u0153ur de notre philosophie. En ligne comme hors ligne, nous appliquons une politique de tol\u00e9rance z\u00e9ro en ce qui concerne les comportements ind\u00e9sirables.<\/p>\r\n<p>Marquee is an exclusive, safe, and elegant community-a place where discretion and pleasure go hand in hand.<\/p>\r\n<p><img decoding=\"async\" title=\"citations2\" src=\"https:\/\/themarquee.nl\/wp-content\/uploads\/2024\/05\/quotes2.png\" alt=\"quotes2\" width=\"347\" height=\"347\" \/><\/p>\r\n<h4>Chez Marquee, s'habiller pour impressionner n'est pas qu'une simple ligne de conduite.<\/h4>\r\n<p>it&#8217;s an invitation to enchant. Our strict dress code transforms each event into a sophisticated soir\u00e9e where elegance and sensuality intertwine, ensuring every member feels not only valued but celebrated. Step into a world where your attire speaks volumes, and every glance becomes a part of the alluring tapestry of the night.<\/p>","protected":false},"excerpt":{"rendered":"<p>Playground for the Elite WELCOME TO THE MARQUEE COMMUNITY, WHERE OFFLINE EXCLUSIVITY AND ONLINE CONNECTION MERGE. Our community is built on two pillars. On one hand, we have created a network for the open-minded elite across the globe. Here, you can craft a personal profile, share details about yourself or your partner, and express your&hellip;<\/p>","protected":false},"author":1,"featured_media":0,"parent":0,"menu_order":0,"comment_status":"closed","ping_status":"closed","template":"","meta":{"_acf_changed":false,"inline_featured_image":false,"footnotes":""},"class_list":["post-3265","page","type-page","status-publish","hentry"],"acf":[],"_links":{"self":[{"href":"https:\/\/themarquee.nl\/fr\/wp-json\/wp\/v2\/pages\/3265","targetHints":{"allow":["GET"]}}],"collection":[{"href":"https:\/\/themarquee.nl\/fr\/wp-json\/wp\/v2\/pages"}],"about":[{"href":"https:\/\/themarquee.nl\/fr\/wp-json\/wp\/v2\/types\/page"}],"author":[{"embeddable":true,"href":"https:\/\/themarquee.nl\/fr\/wp-json\/wp\/v2\/users\/1"}],"replies":[{"embeddable":true,"href":"https:\/\/themarquee.nl\/fr\/wp-json\/wp\/v2\/comments?post=3265"}],"version-history":[{"count":12,"href":"https:\/\/themarquee.nl\/fr\/wp-json\/wp\/v2\/pages\/3265\/revisions"}],"predecessor-version":[{"id":3652,"href":"https:\/\/themarquee.nl\/fr\/wp-json\/wp\/v2\/pages\/3265\/revisions\/3652"}],"wp:attachment":[{"href":"https:\/\/themarquee.nl\/fr\/wp-json\/wp\/v2\/media?parent=3265"}],"curies":[{"name":"wp","href":"https:\/\/api.w.org\/{rel}","templated":true}]}}