{"id":3263,"date":"2024-05-24T11:36:36","date_gmt":"2024-05-24T09:36:36","guid":{"rendered":"https:\/\/staging.themarquee.nl\/?page_id=3263"},"modified":"2025-09-06T12:09:39","modified_gmt":"2025-09-06T10:09:39","slug":"the-process","status":"publish","type":"page","link":"https:\/\/themarquee.nl\/fr\/the-process\/","title":{"rendered":"Le processus"},"content":{"rendered":"<p>\u00c9tape 1<\/p>\r\n<h2>Initier votre demande<\/h2>\r\n<p>D\u00e9couvrez l'enchantement de l'anonymat complet au Marquee, o\u00f9 le myst\u00e8re rencontre le d\u00e9sir dans un royaume de passion d\u00e9brid\u00e9e. Sp\u00e9cialis\u00e9 dans la cr\u00e9ation de soir\u00e9es \u00e9rotiques qui ne sont pas seulement sensuelles et excitantes, mais qui respectent \u00e9galement le plus haut degr\u00e9 d'anonymat.<\/p>\r\n<p><strong>Votre vie priv\u00e9e, notre priorit\u00e9 : Pas de photos ni de vid\u00e9os lors de nos \u00e9v\u00e9nements exclusifs<\/strong><\/p>\r\n<p>At The Marquee, we value the privacy and discretion of our guests above all. We believe that the magic of our exclusive parties lies in living the moment, not capturing it. That&#8217;s why we enforce a strict &#8216;no photos and videos&#8217; policy during our events-no exceptions, no memories caught on tape.<\/p>\r\n<p><strong>Les t\u00e9l\u00e9phones sont interdits<\/strong><br \/>Pour garantir votre anonymat, les t\u00e9l\u00e9phones portables sont \u00e9galement interdits. <strong>Un environnement sans cam\u00e9ra<\/strong><br \/>Nous comprenons qu'\u00e0 l'\u00e8re du num\u00e9rique, capturer des moments est devenu une seconde nature. Toutefois, afin de pr\u00e9server l'int\u00e9grit\u00e9 et la confidentialit\u00e9 de nos \u00e9v\u00e9nements, nous n'autorisons aucune forme de photographie ou de vid\u00e9ographie. Cette interdiction s'applique \u00e0 tous les appareils, y compris les t\u00e9l\u00e9phones portables.<\/p>\r\n<p>\u00c9tape 2<\/p>\r\n<h2>Le processus de s\u00e9lection<\/h2>\r\n<p>Une fois que votre demande est soumise, elle fait l'objet d'une \u00e9valuation approfondie.<\/p>\r\n<p>Marquee takes pride in its selective process, ensuring that each member fits seamlessly into the community. Applications are assessed based on a blend of subjective and objective criteria, keeping in mind the community&#8217;s overarching goals.<\/p>\r\n<p>Professional status is one of the metrics used to gauge your fit within Marquee. While not the sole deciding factor, it helps in understanding your background and potential contributions to the community&#8217;s diverse tapestry.<\/p>\r\n<p>Votre attrait personnel et vos contributions potentielles jouent \u00e9galement un r\u00f4le crucial. Marquee va au-del\u00e0 des CV et des titres et se concentre sur les qualit\u00e9s intrins\u00e8ques qui font de vous un membre id\u00e9al.<\/p>\r\n<p>\u00c9tape 3<\/p>\r\n<h2>Acceptation ou rejet<\/h2>\r\n<p>Receiving a decision on your application can be an exhilarating or disappointing experience. Here&#8217;s what happens next, regardless of the outcome.<\/p>\r\n<p>If your application is successful, congratulations are in order. You&#8217;ll gain access to Marquee&#8217;s online community, where you can start connecting with fellow members. This is your gateway to exclusive events and adventures.<\/p>\r\n<p>Not every application can be accepted, and it&#8217;s important to understand that rejection doesn&#8217;t reflect your worth. Due to the selective nature of Marquee, not all applicants can be accommodated. However, the opportunity to reapply exists, should your circumstances or motivations change.<\/p>\r\n<p>While Marquee maintains a no-explanation policy for rejections, this isn&#8217;t a reflection of disinterest. Rather, it&#8217;s a standard procedure to ensure privacy and integrity in the review process.<\/p>\r\n<p>\u00c9tape 4<\/p>\r\n<h2>Profitez de nos \u00e9v\u00e9nements<\/h2>\r\n<p>Quatre fois par an, nos membres d'\u00e9lite se r\u00e9unissent pour des \u00e9v\u00e9nements exclusifs vraiment spectaculaires. Chaque occasion est plac\u00e9e sous le signe d'un th\u00e8me particulier, transformant nos lieux exquis en terrains de jeux sophistiqu\u00e9s pour adultes, offrant un service in\u00e9gal\u00e9 et des spectacles captivants.<\/p>\r\n<p>Ce n'est qu'en tant que membre que vous pouvez acc\u00e9der \u00e0 ces exp\u00e9riences extraordinaires, garantissant ainsi que chaque \u00e9v\u00e9nement sera inoubliable. Profitez de la danse, des boissons exquises et de la compagnie de personnes partageant votre passion pour le luxe. Flirtez, s\u00e9duisez et donnez vie \u00e0 vos d\u00e9sirs !<\/p>\r\n<p>To uphold sophistication and allure, a strict dress code is enforced: gentlemen in sharp tuxedos, and ladies in elegant lingerie and high heels-failure to comply will result in denied entry. These standards are vital to maintaining the enchanting atmosphere our guests expect.<\/p>\r\n<p><img decoding=\"async\" title=\"Citation 4\" src=\"https:\/\/themarquee.nl\/wp-content\/uploads\/2024\/11\/Quote-4.svg\" alt=\"Quote 4\" width=\"0\" height=\"0\" \/><\/p>","protected":false},"excerpt":{"rendered":"<p>Step 1 Initiating Your Application Experience the Enchantment of Complete Anonymity at The Marquee, where mystery meets desire in a realm of unbridled passion. Specializing in creating erotic parties that are not only sensual and exciting but also uphold the highest degree of anonymity. Your Privacy, Our Priority: No Photos or Videos at our Exclusive&hellip;<\/p>","protected":false},"author":1,"featured_media":0,"parent":0,"menu_order":0,"comment_status":"closed","ping_status":"closed","template":"","meta":{"_acf_changed":false,"inline_featured_image":false,"footnotes":""},"class_list":["post-3263","page","type-page","status-publish","hentry"],"acf":[],"_links":{"self":[{"href":"https:\/\/themarquee.nl\/fr\/wp-json\/wp\/v2\/pages\/3263","targetHints":{"allow":["GET"]}}],"collection":[{"href":"https:\/\/themarquee.nl\/fr\/wp-json\/wp\/v2\/pages"}],"about":[{"href":"https:\/\/themarquee.nl\/fr\/wp-json\/wp\/v2\/types\/page"}],"author":[{"embeddable":true,"href":"https:\/\/themarquee.nl\/fr\/wp-json\/wp\/v2\/users\/1"}],"replies":[{"embeddable":true,"href":"https:\/\/themarquee.nl\/fr\/wp-json\/wp\/v2\/comments?post=3263"}],"version-history":[{"count":12,"href":"https:\/\/themarquee.nl\/fr\/wp-json\/wp\/v2\/pages\/3263\/revisions"}],"predecessor-version":[{"id":3649,"href":"https:\/\/themarquee.nl\/fr\/wp-json\/wp\/v2\/pages\/3263\/revisions\/3649"}],"wp:attachment":[{"href":"https:\/\/themarquee.nl\/fr\/wp-json\/wp\/v2\/media?parent=3263"}],"curies":[{"name":"wp","href":"https:\/\/api.w.org\/{rel}","templated":true}]}}