{"id":2928,"date":"2024-02-06T16:40:42","date_gmt":"2024-02-06T15:40:42","guid":{"rendered":"https:\/\/themarquee.nl\/cookiebeleid-eu\/"},"modified":"2024-11-27T12:21:38","modified_gmt":"2024-11-27T11:21:38","slug":"cookie-policy","status":"publish","type":"page","link":"https:\/\/themarquee.nl\/fr\/cookie-policy\/","title":{"rendered":"Politique en mati\u00e8re de cookies"},"content":{"rendered":"<p><strong>Bienvenue sur notre site web !<\/strong><\/p>\n<p>Nous voulons nous assurer que vous b\u00e9n\u00e9ficiez d'une exp\u00e9rience utilisateur optimale. C'est pourquoi, comme beaucoup d'autres acteurs du monde num\u00e9rique, nous utilisons des cookies. Mais que sont exactement ces cookies et pourquoi sont-ils importants pour nous deux ?<\/p>\n<p><strong>What Does &#8216;Cookies&#8217; Mean?<\/strong><\/p>\n<p>Lors de votre visite sur notre site, de petits fichiers appel\u00e9s \"cookies\" sont plac\u00e9s sur votre appareil. Ces cookies jouent un r\u00f4le crucial dans des fonctions telles que la m\u00e9morisation de vos pr\u00e9f\u00e9rences et le suivi des articles de votre panier d'achat.<\/p>\n<p><strong>La raison d'\u00eatre des cookies<\/strong><\/p>\n<p>Les cookies ont de multiples fonctions. Ils g\u00e8rent non seulement des aspects techniques importants de nos services, mais nous permettent \u00e9galement de vous offrir une exp\u00e9rience personnalis\u00e9e. Ils nous guident silencieusement en suivant vos interactions avec notre site, ce qui nous aide \u00e0 nous am\u00e9liorer constamment.<\/p>\n<p><strong>Gestion des cookies<\/strong><\/p>\n<p>You have control over your cookies. It&#8217;s easy to adjust settings: configure your browser to receive warnings before storing cookies or choose to refuse them altogether. However, please note that opting out may result in a less convenient browsing experience on our website.<\/p>\n<p>By continuing to use our website, you consent to the use of cookies as described. If you have any questions about our cookie policy, don&#8217;t hesitate to contact us.<\/p>\n<p><strong>Merci de votre attention, et profitez de tout ce que notre site web a \u00e0 offrir !<\/strong><\/p>","protected":false},"excerpt":{"rendered":"<p>Welcome to our website! We want to ensure you have the best user experience, so like many others in the digital world, we use cookies. But what exactly are these cookies and why do they matter to both of us? What Does &#8216;Cookies&#8217; Mean? During your visit to our site, small files called cookies are&hellip;<\/p>","protected":false},"author":1,"featured_media":0,"parent":0,"menu_order":102,"comment_status":"closed","ping_status":"closed","template":"","meta":{"_acf_changed":false,"inline_featured_image":false,"footnotes":""},"class_list":["post-2928","page","type-page","status-publish","hentry"],"acf":[],"_links":{"self":[{"href":"https:\/\/themarquee.nl\/fr\/wp-json\/wp\/v2\/pages\/2928","targetHints":{"allow":["GET"]}}],"collection":[{"href":"https:\/\/themarquee.nl\/fr\/wp-json\/wp\/v2\/pages"}],"about":[{"href":"https:\/\/themarquee.nl\/fr\/wp-json\/wp\/v2\/types\/page"}],"author":[{"embeddable":true,"href":"https:\/\/themarquee.nl\/fr\/wp-json\/wp\/v2\/users\/1"}],"replies":[{"embeddable":true,"href":"https:\/\/themarquee.nl\/fr\/wp-json\/wp\/v2\/comments?post=2928"}],"version-history":[{"count":11,"href":"https:\/\/themarquee.nl\/fr\/wp-json\/wp\/v2\/pages\/2928\/revisions"}],"predecessor-version":[{"id":3541,"href":"https:\/\/themarquee.nl\/fr\/wp-json\/wp\/v2\/pages\/2928\/revisions\/3541"}],"wp:attachment":[{"href":"https:\/\/themarquee.nl\/fr\/wp-json\/wp\/v2\/media?parent=2928"}],"curies":[{"name":"wp","href":"https:\/\/api.w.org\/{rel}","templated":true}]}}