{"id":2652,"date":"2023-08-04T13:19:38","date_gmt":"2023-08-04T11:19:38","guid":{"rendered":"https:\/\/www.themarquee.nl\/?page_id=2652"},"modified":"2025-09-06T12:28:34","modified_gmt":"2025-09-06T10:28:34","slug":"faq","status":"publish","type":"page","link":"https:\/\/themarquee.nl\/fr\/faq\/","title":{"rendered":"FAQ"},"content":{"rendered":"<h2>Questions g\u00e9n\u00e9rales<\/h2>\r\n<p>Quel type de personnes vient \u00e0 vos \u00e9v\u00e9nements ?<\/p>\r\n<p>Les \u00e9v\u00e9nements sous chapiteau attirent des couples prosp\u00e8res et ouverts d'esprit, ainsi que des femmes c\u00e9libataires confiantes qui appr\u00e9cient l'exclusivit\u00e9, le style et l'opulence. Nos membres m\u00e8nent une vie \u00e9panouie et sont d\u00e9sireux d'explorer leurs limites dans un environnement sophistiqu\u00e9 et discret. La communaut\u00e9 Marquee se compose d'individus passionn\u00e9s par l'am\u00e9lioration de leurs exp\u00e9riences romantiques et sensuelles avec des personnes partageant les m\u00eames id\u00e9es. La plupart des membres ont entre 26 et 50 ans et participent \u00e0 nos \u00e9v\u00e9nements pour se connecter, flirter et explorer leurs d\u00e9sirs dans une atmosph\u00e8re de totale confidentialit\u00e9.<\/p>\r\n<p>\u00c0 quoi puis-je m'attendre lors de vos \u00e9v\u00e9nements ?<\/p>\r\n<p>Nos \u00e9v\u00e9nements s'articulent autour de l'\u00e9l\u00e9gance, de l'\u00e9rotisme et d'un divertissement exaltant. Chaque r\u00e9union est con\u00e7ue pour offrir une exp\u00e9rience m\u00e9morable, avec de belles personnes, des performances palpitantes et un th\u00e8me unique qui inspire votre tenue et vos interactions. Attendez-vous \u00e0 une nuit de connexion, d'excitation et \u00e0 la possibilit\u00e9 de vous livrer \u00e0 vos fantasmes dans un cadre s\u00e9curis\u00e9 et sophistiqu\u00e9.<\/p>\r\n<p>Les hommes c\u00e9libataires sont-ils autoris\u00e9s \u00e0 participer aux \u00e9v\u00e9nements ?<\/p>\r\n<p>Non, nos \u00e9v\u00e9nements sont exclusivement ouverts aux couples (hommes\/femmes) et aux femmes seules. Cette politique garantit une atmosph\u00e8re \u00e9quilibr\u00e9e et intime pour nos membres.<\/p>\r\n<p>Des casiers sont-ils mis \u00e0 disposition lors des manifestations ?<\/p>\r\n<p>Oui, des casiers gratuits sont mis \u00e0 votre disposition. Les t\u00e9l\u00e9phones ne sont pas autoris\u00e9s lors des \u00e9v\u00e9nements. Veuillez donc les ranger en toute s\u00e9curit\u00e9 dans votre casier, avec vos autres effets personnels.<\/p>\r\n<p>Y a-t-il un endroit o\u00f9 l'on peut se changer pour porter la tenue de l'\u00e9v\u00e9nement ?<\/p>\r\n<p>Absolument. Les vestiaires sont situ\u00e9s \u00e0 proximit\u00e9 des casiers, ce qui vous permet de vous pr\u00e9parer et de vous sentir au mieux de votre forme avant de participer \u00e0 l'\u00e9v\u00e9nement.<\/p>\r\n<p>Puis-je prendre des photos lors des \u00e9v\u00e9nements organis\u00e9s sous le chapiteau ?<\/p>\r\n<p>Les photos sont strictement interdites afin que chaque invit\u00e9 se sente \u00e0 l'aise et d\u00e9tendu. Si nous observons une personne en train de prendre des photos, les images seront effac\u00e9es et l'invit\u00e9 pourra \u00eatre pri\u00e9 de partir.<\/p>\r\n<p>Marquee propose-t-elle des photographies d'\u00e9v\u00e9nements ?<\/p>\r\n<p>Oui. Nos photographes professionnels immortalisent des moments avec votre consentement. Les photos ne sont visibles que par les membres qui ont assist\u00e9 \u00e0 l'\u00e9v\u00e9nement, gr\u00e2ce \u00e0 un code s\u00e9curis\u00e9 fourni apr\u00e8s l'\u00e9v\u00e9nement. Ainsi, seules les personnes pr\u00e9sentes ont acc\u00e8s \u00e0 ces souvenirs exclusifs.<\/p>\r\n<h2>Vie priv\u00e9e<\/h2>\r\n<p>Qu'advient-il des photos que j'envoie lors de mon inscription ?<\/p>\r\n<p>Vos photos ne sont visionn\u00e9es que par l'\u00e9quipe de Marquee et ne sont utilis\u00e9es que pour \u00e9valuer votre candidature. Nous ne partageons jamais ces images avec des tiers.<\/p>\r\n<p>Comment mes informations personnelles sont-elles utilis\u00e9es dans la demande d'adh\u00e9sion ?<\/p>\r\n<p>Vos informations sont strictement confidentielles et ne sont utilis\u00e9es que pour \u00e9valuer votre candidature. Nous nous engageons \u00e0 respecter votre vie priv\u00e9e et \u00e0 ne pas partager vos donn\u00e9es avec des tiers.<\/p>\r\n<p>Puis-je contr\u00f4ler qui voit les photos que je t\u00e9l\u00e9charge sur mon profil ?<\/p>\r\n<p>Oui. Par d\u00e9faut, vos photos sont prot\u00e9g\u00e9es, mais vous avez un contr\u00f4le total sur les param\u00e8tres de visibilit\u00e9. Choisissez de les rendre visibles \u00e0 tout le monde, uniquement \u00e0 vos connexions ou \u00e0 personne.<\/p>\r\n<p>Comment puis-je modifier mon profil ?<\/p>\r\n<p>Log in, click on your name or photo at the top right, then select &#8220;Account.&#8221; You&#8217;ll be able to make adjustments to your profile details.<\/p>\r\n<p>Comment puis-je supprimer d\u00e9finitivement mon profil ?<\/p>\r\n<p>Log in, click on your name or photo, go to &#8220;Account,&#8221; and select the option to delete your profile permanently. Please note that this action is irreversible.<\/p>\r\n<p>Puis-je cr\u00e9er un profil sans que d'autres personnes le voient ?<\/p>\r\n<p>Yes, you may set your profile to &#8220;invisible&#8221; mode. To do so, log in, go to &#8220;Account&#8221; under your name or photo, and adjust your visibility settings under &#8220;Privacy.&#8221;<\/p>\r\n<h2>Marquee Moments Photography<\/h2>\r\n<p>Puis-je faire prendre des photos pendant les \u00e9v\u00e9nements organis\u00e9s sous le chapiteau ?<\/p>\r\n<p>Oui, nous proposons <strong>Moments forts<\/strong>-an exclusive photo opportunity in private areas with themed backdrops. You can choose from self-service photo booths with on-the-spot prints or have portraits taken by our professional photographers, who will email you edited copies after the event. These photos are for your personal use, and we encourage members to keep them within the community.<\/p>\r\n<p>Puis-je rencontrer d'autres membres en dehors des \u00e9v\u00e9nements ?<\/p>\r\n<p>Oui, gr\u00e2ce \u00e0 notre communaut\u00e9 en ligne exclusive, vous pouvez entrer en contact avec d'autres membres. Vous pouvez y \u00e9tablir des liens et, si l'alchimie est bonne, organiser des rencontres priv\u00e9es. La discr\u00e9tion et le respect sont toujours de mise.<\/p>\r\n<h2>Code de conduite<\/h2>\r\n<p>Qu'attend-on de moi en tant que membre de Marquee ?<\/p>\r\n<p>We expect all members to respect the Marquee community by adhering to our consent guidelines, treating others with courtesy, and honoring each individual&#8217;s boundaries. Both online and offline, we prioritize respect, kindness, and consent.<\/p>\r\n<p>Comment puis-je signaler un probl\u00e8me ou un comportement ind\u00e9sirable ?<\/p>\r\n<p>Si vous \u00eates t\u00e9moin d'un comportement qui va \u00e0 l'encontre des normes de notre communaut\u00e9, veuillez en informer un membre du personnel de Marquee pendant les \u00e9v\u00e9nements, ou contactez-nous \u00e0 l'adresse info@TheMarquee.nl. Nous prenons tous les rapports au s\u00e9rieux et donnons la priorit\u00e9 \u00e0 la s\u00e9curit\u00e9 et au confort des membres.<\/p>\r\n<p>Que se passe-t-il si j'enfreins le code de conduite ?<\/p>\r\n<p>La violation de notre code de conduite peut entra\u00eener une suspension temporaire ou une exclusion permanente de la communaut\u00e9 Marquee et de ses \u00e9v\u00e9nements. Nous appliquons des r\u00e8gles strictes pour garantir la s\u00e9curit\u00e9 et le confort de tous nos membres.<\/p>\r\n<h2>Ev\u00e9nements<\/h2>\r\n<p>Quelle est la fr\u00e9quence des \u00e9v\u00e9nements organis\u00e9s par Marquee ?<\/p>\r\n<p>Marquee hosts approximately four to five events annually, ranging from large themed gatherings with 500-750 guests to more intimate &#8220;Exclusively Elite&#8221; evenings. These exclusive events offer a deeply personal experience and are only open to selected members.<\/p>\r\n<p>O\u00f9 se d\u00e9roulent les manifestations sous chapiteau ?<\/p>\r\n<p>We select only the most stunning locations across the Netherlands to meet your high expectations. You&#8217;ll receive the full address one day before the event, though the general region is provided in advance so you can arrange accommodations if needed.<\/p>\r\n<p>Y a-t-il des th\u00e8mes pour chaque \u00e9v\u00e9nement ?<\/p>\r\n<p>Oui, chaque \u00e9v\u00e9nement se caract\u00e9rise par un th\u00e8me unique et soigneusement choisi. Ce th\u00e8me inspire le code vestimentaire et cr\u00e9e une atmosph\u00e8re coh\u00e9rente et enchanteresse. Les th\u00e8mes sont annonc\u00e9s longtemps \u00e0 l'avance afin que vous ayez le temps de vous pr\u00e9parer.<\/p>\r\n<p>Puis-je soumettre des demandes sp\u00e9ciales pour des \u00e9v\u00e9nements ?<\/p>\r\n<p>Oui, nous acceptons les demandes sp\u00e9ciales qui am\u00e9liorent votre exp\u00e9rience. Contactez notre \u00e9quipe \u00e0 l'adresse info@TheMarquee.nl, et nous ferons de notre mieux pour r\u00e9pondre \u00e0 vos souhaits.<\/p>\r\n<h2>Adh\u00e9sions<\/h2>\r\n<p>Pourquoi faut-il \u00eatre membre de Marquee ?<\/p>\r\n<p>L'adh\u00e9sion \u00e0 Marquee garantit l'existence d'une communaut\u00e9 exclusive o\u00f9 les membres peuvent se connecter et explorer dans un environnement confortable. Tous les candidats sont soigneusement s\u00e9lectionn\u00e9s afin de maintenir la qualit\u00e9 et l'int\u00e9grit\u00e9 de notre communaut\u00e9, cr\u00e9ant ainsi une exp\u00e9rience s\u00fbre et sophistiqu\u00e9e pour tous.<\/p>\r\n<p>Quel type de photos dois-je joindre \u00e0 ma demande ?<\/p>\r\n<p>We request recent, full-body color photos that capture your authentic self-without filters or sunglasses. Clear, elegant photos increase the likelihood of acceptance, as they help us understand your alignment with our community.<\/p>\r\n<p>Combien de temps faut-il pour examiner ma demande ?<\/p>\r\n<p>Nous nous effor\u00e7ons d'examiner votre candidature dans un d\u00e9lai de deux semaines. En raison de notre processus de s\u00e9lection rigoureux, ce d\u00e9lai peut \u00eatre plus long. Vous recevrez une confirmation lorsque la d\u00e9cision aura \u00e9t\u00e9 prise.<\/p>\r\n<h2>Code vestimentaire<\/h2>\r\n<p>Quel est le code vestimentaire pour les \u00e9v\u00e9nements sous chapiteau ?<\/p>\r\n<p>Notre code vestimentaire est con\u00e7u pour renforcer la magie et l'attrait de nos r\u00e9unions. Les hommes doivent porter des smokings (et non des costumes) et les femmes doivent s'habiller avec une lingerie \u00e9l\u00e9gante en accord avec le th\u00e8me de la soir\u00e9e. Cette tenue donne le ton d'une nuit de connexion et d'\u00e9l\u00e9gance, cr\u00e9ant une atmosph\u00e8re unique partag\u00e9e par tous les participants.<\/p>\r\n<p>What happens if I don&#8217;t adhere to the dress code?<\/p>\r\n<p>Nous appliquons un code vestimentaire strict. Les membres qui ne se conforment pas \u00e0 la tenue prescrite se verront poliment refuser l'acc\u00e8s \u00e0 l'\u00e9v\u00e9nement. Cette mesure est essentielle pour pr\u00e9server l'atmosph\u00e8re et l'exclusivit\u00e9 de nos r\u00e9unions.<\/p>\r\n<h2>Billets<\/h2>\r\n<p>Can I sell my ticket to someone else if I can&#8217;t attend?<\/p>\r\n<p>Non, les billets sont personnels et non transf\u00e9rables. Ils sont li\u00e9s \u00e0 votre compte et sont valid\u00e9s \u00e0 l'entr\u00e9e pour confirmer votre identit\u00e9.<\/p>\r\n<p>Puis-je acheter un billet \u00e0 un autre membre ?<\/p>\r\n<p>No, Marquee tickets are non-transferable and exclusively available through each member&#8217;s personal account. Tickets are scanned at the entrance, and only the purchaser is granted access.<\/p>\r\n<p>What if I can&#8217;t attend an event after purchasing a ticket?<\/p>\r\n<p>Bien que les billets ne soient pas remboursables, nous offrons une politique d'annulation limit\u00e9e. Si vous nous pr\u00e9venez \u00e0 l'adresse info@TheMarquee.nl, nous pouvons cr\u00e9diter votre compte d'un pourcentage du prix du billet en fonction de la date d'annulation :<\/p>\r\n<ul>\r\n<li>21+ jours avant l'\u00e9v\u00e9nement : 50% cr\u00e9dit sur votre compte<\/li>\r\n<li>14-21 jours avant l'\u00e9v\u00e9nement : 25% cr\u00e9dit sur votre compte<\/li>\r\n<li>Dans les 14 jours : Pas de cr\u00e9dit<\/li>\r\n<\/ul>\r\n<p>Cette politique garantit \u00e0 la fois l'exclusivit\u00e9 de nos \u00e9v\u00e9nements et la flexibilit\u00e9 pour nos membres.<\/p>\r\n<p>Puis-je acheter un billet \u00e0 la porte ?<\/p>\r\n<p>Non, les billets ne sont disponibles que sur votre compte personnel en ligne et doivent \u00eatre achet\u00e9s \u00e0 l'avance. Les billets ne peuvent pas \u00eatre achet\u00e9s \u00e0 la porte.<\/p>\r\n<h2>Plate-forme communautaire en ligne<\/h2>\r\n<p>Que comprend la plateforme en ligne Marquee ?<\/p>\r\n<p>Notre plateforme en ligne est un espace o\u00f9 les couples et les femmes c\u00e9libataires peuvent cr\u00e9er des profils, entrer en contact avec d'autres personnes et explorer des int\u00e9r\u00eats communs. Les membres peuvent ajouter des photos, exprimer leurs d\u00e9sirs et s'engager dans des conversations int\u00e9ressantes avec des personnes partageant les m\u00eames id\u00e9es.<\/p>\r\n<p>Puis-je garder mon profil en ligne priv\u00e9 ?<\/p>\r\n<p>Yes, you have full control over your profile&#8217;s visibility. You can choose to keep it private, making it invisible and unsearchable to others. Privacy is paramount to Marquee, and we respect all members&#8217; preferences.<\/p>\r\n<p>Quelles sont les r\u00e8gles \u00e0 suivre pour les interactions en ligne ?<\/p>\r\n<p>Toutes les interactions sur notre plateforme doivent \u00eatre respectueuses et consensuelles. Nous appliquons une politique de tol\u00e9rance z\u00e9ro \u00e0 l'\u00e9gard du harc\u00e8lement, des avances non d\u00e9sir\u00e9es et des comportements irrespectueux. Demandez toujours votre consentement avant de vous engager avec d'autres personnes et signalez toute violation \u00e0 notre \u00e9quipe d'assistance \u00e0 l'adresse suivante <a href=\"mailto:info@TheMarquee.nl\">info@TheMarquee.nl<\/a>.<\/p>\r\n<p><a href=\"https:\/\/themarquee.nl\/fr\/membership\/\" target=\"_self\"> Demande d'adh\u00e9sion <\/a><\/p>","protected":false},"excerpt":{"rendered":"<p>General questions What kind of people come to your events? Marquee events attract successful, open-minded couples and confident single women who appreciate exclusivity, style, and opulence. Our members lead fulfilling lives and are eager to explore their boundaries within a sophisticated, discreet environment. The Marquee community consists of individuals passionate about enhancing their romantic and&hellip;<\/p>","protected":false},"author":1,"featured_media":0,"parent":0,"menu_order":20,"comment_status":"closed","ping_status":"closed","template":"","meta":{"_acf_changed":false,"inline_featured_image":false,"footnotes":""},"class_list":["post-2652","page","type-page","status-publish","hentry"],"acf":[],"_links":{"self":[{"href":"https:\/\/themarquee.nl\/fr\/wp-json\/wp\/v2\/pages\/2652","targetHints":{"allow":["GET"]}}],"collection":[{"href":"https:\/\/themarquee.nl\/fr\/wp-json\/wp\/v2\/pages"}],"about":[{"href":"https:\/\/themarquee.nl\/fr\/wp-json\/wp\/v2\/types\/page"}],"author":[{"embeddable":true,"href":"https:\/\/themarquee.nl\/fr\/wp-json\/wp\/v2\/users\/1"}],"replies":[{"embeddable":true,"href":"https:\/\/themarquee.nl\/fr\/wp-json\/wp\/v2\/comments?post=2652"}],"version-history":[{"count":20,"href":"https:\/\/themarquee.nl\/fr\/wp-json\/wp\/v2\/pages\/2652\/revisions"}],"predecessor-version":[{"id":3661,"href":"https:\/\/themarquee.nl\/fr\/wp-json\/wp\/v2\/pages\/2652\/revisions\/3661"}],"wp:attachment":[{"href":"https:\/\/themarquee.nl\/fr\/wp-json\/wp\/v2\/media?parent=2652"}],"curies":[{"name":"wp","href":"https:\/\/api.w.org\/{rel}","templated":true}]}}