{"id":2575,"date":"2023-08-02T20:20:37","date_gmt":"2023-08-02T18:20:37","guid":{"rendered":"https:\/\/www.themarquee.nl\/?page_id=2575"},"modified":"2025-09-06T12:24:36","modified_gmt":"2025-09-06T10:24:36","slug":"events","status":"publish","type":"page","link":"https:\/\/themarquee.nl\/fr\/events\/","title":{"rendered":"Ev\u00e9nements"},"content":{"rendered":"<h2>Au-del\u00e0 de votre imagination la plus folle<\/h2>\r\n<p>\u00c9lite de personnes partageant les m\u00eames id\u00e9es<\/p>\r\n<p>Quatre fois par an, nos membres se r\u00e9unissent pour des \u00e9v\u00e9nements exclusifs vraiment spectaculaires. Chaque \u00e9dition est plac\u00e9e sous le signe d'un th\u00e8me unique, transformant nos lieux \u00e9poustouflants en terrains de jeu sophistiqu\u00e9s pour adultes, offrant un service in\u00e9gal\u00e9 et des spectacles captivants.<\/p>\r\n<p>Ce n'est qu'en tant que membre que vous pouvez acc\u00e9der \u00e0 ces exp\u00e9riences extraordinaires, garantissant ainsi que chaque rencontre sera inoubliable. Profitez de la danse, des boissons exquises et de la compagnie de personnes partageant votre passion pour le luxe. Flirtez, s\u00e9duisez et donnez vie \u00e0 vos d\u00e9sirs.<\/p>\r\n<p>Pour maintenir le raffinement et l'attrait de nos \u00e9v\u00e9nements, nous maintenons une <strong>code vestimentaire strict<\/strong>:<\/p>\r\n<ul>\r\n<li><strong>Messieurs<\/strong>: El\u00e9gamment v\u00eatu d'un smoking parfaitement taill\u00e9.<\/li>\r\n<li><strong>Mesdames<\/strong>: gracieusement par\u00e9e de lingerie luxueuse et de talons hauts<\/li>\r\n<\/ul>\r\n<p>Les personnes qui ne respectent pas ce code vestimentaire se verront refuser l'entr\u00e9e. Ces normes sont essentielles pour pr\u00e9server l'atmosph\u00e8re enchanteresse \u00e0 laquelle nos h\u00f4tes s'attendent.<\/p>\r\n<p>Au <strong>Marquee Luxe Events<\/strong>L'exclusivit\u00e9 et la discr\u00e9tion sont primordiales. Nous ne partageons pas d'images ou de vid\u00e9os sur des plateformes publiques, afin de pr\u00e9server la vie priv\u00e9e et l'intimit\u00e9 de nos rassemblements. En revanche, nous offrons la possibilit\u00e9 de participer \u00e0 des s\u00e9ances photos professionnelles dans des zones d\u00e9sign\u00e9es lors de nos \u00e9v\u00e9nements soigneusement s\u00e9lectionn\u00e9s.<\/p>\r\n<ul>\r\n<li><strong>Installations photographiques \u00e0 th\u00e8me<\/strong> sont con\u00e7us pour capturer des moments particuliers<\/li>\r\n<li><strong>Les photos peuvent \u00eatre imprim\u00e9es sur place<\/strong> ou re\u00e7u par courrier \u00e9lectronique apr\u00e8s l'\u00e9v\u00e9nement<\/li>\r\n<li><strong>Les membres sont libres d'utiliser leurs images comme ils le souhaitent<\/strong>Nous encourageons cependant la pr\u00e9servation de l'essence unique de Marquee au sein de notre communaut\u00e9 exclusive.<\/li>\r\n<\/ul>\r\n<p>Rejoindre le <strong>Cercle Marquee<\/strong>o\u00f9 le style, le luxe et la tentation sont c\u00e9l\u00e9br\u00e9s. Nos \u00e9v\u00e9nements constituent un sanctuaire o\u00f9 les femmes peuvent embrasser leur d\u00e9esse int\u00e9rieure, exprimer leur f\u00e9minit\u00e9 et leur confiance, et faire rayonner leur allure et leur pouvoir.<\/p>\r\n<p><a href=\"https:\/\/themarquee.nl\/fr\/membership\/\" target=\"_self\"> Demande d'adh\u00e9sion <\/a> <img decoding=\"async\" title=\"citations2\" src=\"https:\/\/themarquee.nl\/wp-content\/uploads\/2024\/05\/quotes2.png\" alt=\"quotes2\" width=\"347\" height=\"347\" \/><\/p>\r\n<h4>Entrez dans un monde qui d\u00e9passe votre imagination la plus folle chez Marquee, o\u00f9 chaque \u00e9v\u00e9nement exclusif est une classe de ma\u00eetre en mati\u00e8re de luxe et d'allure.<\/h4>\r\n<p>Avec des th\u00e8mes captivants et un cadre exquis, nos r\u00e9unions vous invitent \u00e0 danser, \u00e0 flirter et \u00e0 vivre des exp\u00e9riences inoubliables avec d'autres connaisseurs de la sophistication. Ici, chaque moment est une c\u00e9l\u00e9bration du d\u00e9sir, et chaque d\u00e9tail est con\u00e7u pour honorer votre voyage dans l'\u00e9l\u00e9gance et l'enchantement.<\/p>","protected":false},"excerpt":{"rendered":"<p>Beyond your wildest imagination Elite of like-minded people Four times a year, our members gather for exclusive events that are truly spectacular. Each edition boasts a unique theme, transforming our breathtaking venues into sophisticated playgrounds for adults, offering unparalleled service and captivating performances. Only as a member can you access these extraordinary experiences, ensuring each&hellip;<\/p>","protected":false},"author":1,"featured_media":0,"parent":0,"menu_order":0,"comment_status":"closed","ping_status":"closed","template":"","meta":{"_acf_changed":false,"inline_featured_image":false,"footnotes":""},"class_list":["post-2575","page","type-page","status-publish","hentry"],"acf":[],"_links":{"self":[{"href":"https:\/\/themarquee.nl\/fr\/wp-json\/wp\/v2\/pages\/2575","targetHints":{"allow":["GET"]}}],"collection":[{"href":"https:\/\/themarquee.nl\/fr\/wp-json\/wp\/v2\/pages"}],"about":[{"href":"https:\/\/themarquee.nl\/fr\/wp-json\/wp\/v2\/types\/page"}],"author":[{"embeddable":true,"href":"https:\/\/themarquee.nl\/fr\/wp-json\/wp\/v2\/users\/1"}],"replies":[{"embeddable":true,"href":"https:\/\/themarquee.nl\/fr\/wp-json\/wp\/v2\/comments?post=2575"}],"version-history":[{"count":20,"href":"https:\/\/themarquee.nl\/fr\/wp-json\/wp\/v2\/pages\/2575\/revisions"}],"predecessor-version":[{"id":3658,"href":"https:\/\/themarquee.nl\/fr\/wp-json\/wp\/v2\/pages\/2575\/revisions\/3658"}],"wp:attachment":[{"href":"https:\/\/themarquee.nl\/fr\/wp-json\/wp\/v2\/media?parent=2575"}],"curies":[{"name":"wp","href":"https:\/\/api.w.org\/{rel}","templated":true}]}}