{"id":2561,"date":"2023-08-02T10:05:29","date_gmt":"2023-08-02T08:05:29","guid":{"rendered":"https:\/\/www.themarquee.nl\/?page_id=2561"},"modified":"2026-03-25T13:43:41","modified_gmt":"2026-03-25T12:43:41","slug":"home","status":"publish","type":"page","link":"https:\/\/themarquee.nl\/fr\/","title":{"rendered":"Accueil"},"content":{"rendered":"<figure data-animation-delay=\"0\" data-animation-duration=\"1\" itemscope itemtype=\"https:\/\/schema.org\/ImageObject\">\n\t\t\t\t<img decoding=\"async\" src=\"https:\/\/themarquee.nl\/wp-content\/uploads\/2024\/01\/Logo-compleet-goud-grunge.svg\" alt=\"Logo compleet goud-grunge\" height=\"0\" width=\"0\" title=\"Logo complet goud-grunge\" onerror=\"this.style.display='none'\" loading=\"lazy\" \/>\n\t<\/figure>\n<figure data-animation-delay=\"1\" data-animation-duration=\"1\" itemscope itemtype=\"https:\/\/schema.org\/ImageObject\">\n\t\t\t\t<img decoding=\"async\" src=\"https:\/\/themarquee.nl\/wp-content\/uploads\/2024\/01\/Tekst-goud.svg\" alt=\"Tekst goud\" height=\"0\" width=\"0\" title=\"Tekst goud\" onerror=\"this.style.display='none'\" loading=\"lazy\" \/>\n\t<\/figure>\n<figure data-animation-delay=\"4\" data-animation-duration=\"1\" itemscope itemtype=\"https:\/\/schema.org\/ImageObject\">\n\t\t\t\t<img decoding=\"async\" src=\"https:\/\/themarquee.nl\/wp-content\/uploads\/2024\/01\/Scroll-Down-white.gif\" alt=\"Scroll-Down-white\" height=\"600\" width=\"800\" title=\"D\u00e9filement vers le bas - blanc\" onerror=\"this.style.display='none'\" loading=\"lazy\" \/>\n\t<\/figure>\n<h2>\n\t\t\tVotre prochaine aventure vous attend\t<\/h2>\n\t<iframe allowfullscreen allow=\"autoplay\" data-src=\"https:\/\/player.vimeo.com\/video\/1047404690?color=ac9577&amp;autopause=0&amp;loop=0&amp;muted=0&amp;title=0&amp;portrait=0&amp;byline=0&amp;h\"><\/iframe>\t\t\n\t\t\t\t\tLire la vid\u00e9o\n<h1>\n\t\t\tNous sommes Marquee\t<\/h1>\n\t<p>Bienvenue \u00e0 Marquee, une communaut\u00e9 exclusive d\u00e9di\u00e9e aux c\u0153urs aventureux, aux esprits libres et aux \u00e2mes confiantes. Ici, nous invitons les couples \u00e0 succ\u00e8s ouverts d'esprit et les femmes c\u00e9libataires qui sont en harmonie avec leur sensualit\u00e9 \u00e0 se connecter, \u00e0 flirter et \u00e0 explorer leurs d\u00e9sirs.<\/p>\n<p>L'adh\u00e9sion \u00e0 Marquee est un privil\u00e8ge, une marque de distinction accord\u00e9e uniquement \u00e0 ceux qui peuvent am\u00e9liorer notre communaut\u00e9 dynamique. Nos membres sont choisis en fonction de leur attrait, de leur statut professionnel et de leur contribution potentielle \u00e0 la communaut\u00e9 de Marquee. Nous privil\u00e9gions la qualit\u00e9 plut\u00f4t que la quantit\u00e9, afin de garantir l'exp\u00e9rience Marquee.<\/p>\n\t\t\t<a href=\"https:\/\/themarquee.nl\/fr\/about-marquee\/\"  target=\"_self\">\n\t\t\t\t\t\t\t\u00c0 propos de Marquee\n\t\t\t\t\t<\/a>\n<figure itemscope itemtype=\"https:\/\/schema.org\/ImageObject\">\n\t\t\t\t<img decoding=\"async\" src=\"https:\/\/themarquee.nl\/wp-content\/uploads\/2024\/05\/quotes2.png\" alt=\"quotes2\" height=\"347\" width=\"347\" title=\"citations2\" onerror=\"this.style.display='none'\" loading=\"lazy\" \/>\n\t<\/figure>\n<h2>\n\t\t\tEntrez dans Marquee, o\u00f9 l'audace et la beaut\u00e9 se rejoignent dans une c\u00e9l\u00e9bration des plus beaux plaisirs de la vie.\t<\/h2>\n\t<p>Notre communaut\u00e9 exclusive invite les \u00e2mes aventureuses \u00e0 se connecter, \u00e0 explorer et \u00e0 embrasser leurs d\u00e9sirs dans une atmosph\u00e8re de sophistication et d'allure. Ici, chaque moment est un tr\u00e9sor priv\u00e9, con\u00e7u pour ceux qui comprennent que le vrai luxe r\u00e9side dans des exp\u00e9riences inoubliables partag\u00e9es par des esprits semblables.<\/p>\n<h2>\n\t\t\tLe processus\t<\/h2>\n\t\t<ul>\n\t\t\t\t\t<li>\n\t\t\t\t<h3>01<\/h3>\n\t\t<p><strong>Demande d'adh\u00e9sion<\/strong>Posez votre candidature pour rejoindre notre communaut\u00e9 exclusive.<\/p>\t\t\t\n\t\t\t<\/li>\n\t\t\t\t\t<li>\n\t\t\t\t<h3>02<\/h3>\n\t\t<p><strong>Demander l'acc\u00e8s<\/strong><\/p>\n<p>Notre \u00e9quipe examinera vos demandes pour s'assurer qu'elles sont parfaitement adapt\u00e9es.<\/p>\n\t\t\t<\/li>\n\t\t\t\t\t<li>\n\t\t\t\t<h3>03<\/h3>\n\t\t<p><strong>Et que votre motivation suscite notre int\u00e9r\u00eat<\/strong>Une fois s\u00e9lectionn\u00e9, vous aurez acc\u00e8s \u00e0 notre plateforme en ligne.<\/p>\t\t\t\n\t\t\t<\/li>\n\t\t\t\t\t<li>\n\t\t\t\t<h3>04<\/h3>\n\t\t<p><strong>Profitez de nos \u00e9v\u00e9nements (Elite Only)<\/strong>Rejoignez-nous pour des \u00e9v\u00e9nements inoubliables remplis d'amusement, de connexion et d'excitation. Ne manquez pas ces \u00e9v\u00e9nements !<\/p>\t\t\t\n\t\t\t<\/li>\n\t\t\t\t<\/ul>\n\t\t\t<a href=\"https:\/\/themarquee.nl\/fr\/the-process\/\"  target=\"_self\">\n\t\t\t\t\t\t\tLe processus complet\n\t\t\t\t\t<\/a>\n\t\t\t<a href=\"https:\/\/themarquee.nl\/fr\/membership\/\"  target=\"_self\">\n\t\t\t\t\t\t\tDemande d'adh\u00e9sion\n\t\t\t\t\t<\/a>\n<h2>\n\t\t\tL'attrait de Marquee\t<\/h2>\n\t<p>Marquee a \u00e9t\u00e9 cr\u00e9\u00e9 comme un sanctuaire pour ceux qui recherchent l'\u00e9l\u00e9gance, l'intimit\u00e9 et le frisson d'une sensualit\u00e9 sophistiqu\u00e9e. Dans un monde o\u00f9 la discr\u00e9tion et l'authenticit\u00e9 sont rares, Marquee offre un havre exclusif aux couples et aux femmes confiants pour explorer leurs d\u00e9sirs, partager leurs relations et se d\u00e9lecter de l'attrait de l'inconnu. Ici, les plaisirs les plus exquis de la vie prennent vie - des moments de s\u00e9duction, de beaut\u00e9 et d'aventure. Marquee n'est pas seulement une \u00e9vasion, c'est un voyage dans un monde o\u00f9 les fronti\u00e8res s'effacent, o\u00f9 la sophistication rencontre l'intrigue et o\u00f9 chaque rencontre vous invite \u00e0 embrasser l'art de vivre avec audace, beaut\u00e9 et passion.<\/p>\n<h4>\n\t\t\tVie priv\u00e9e\t<\/h4>\n\t<p>Chez Marquee, le respect de la vie priv\u00e9e est primordial. Notre politique de non-photographie et nos accords de confidentialit\u00e9 garantissent que chaque moment reste intime et non partag\u00e9, vous permettant ainsi de vous immerger pleinement dans l'exp\u00e9rience.<\/p>\n\t\t\t<a href=\"https:\/\/themarquee.nl\/fr\/privacy\/\"  target=\"_self\">\n\t\t\t\t\t\t\tEn savoir plus\n\t\t\t\t\t<\/a>\n<h4>\n\t\t\tL'adh\u00e9sion\t<\/h4>\n\t<p>Rejoindre Marquee est un privil\u00e8ge. Notre processus s\u00e9lectif cr\u00e9e une communaut\u00e9 exclusive de personnes partageant les m\u00eames id\u00e9es et pr\u00eates \u00e0 se connecter, \u00e0 explorer et \u00e0 se faire plaisir dans un environnement raffin\u00e9 et respectueux.<\/p>\n\t\t\t<a href=\"https:\/\/themarquee.nl\/fr\/membership\/\"  target=\"_self\">\n\t\t\t\t\t\t\tEn savoir plus\n\t\t\t\t\t<\/a>\n<h4>\n\t\t\tCode vestimentaire\t<\/h4>\n\t<p>La sophistication et l'allure sont essentielles. Les hommes sont attendus en smoking et les femmes en \u00e9l\u00e9gante lingerie \u00e0 th\u00e8me, pr\u00e9parant ainsi le terrain pour une soir\u00e9e inoubliable et luxueuse.<\/p>\n\t\t\t<a href=\"https:\/\/themarquee.nl\/fr\/dresscode\/\"  target=\"_self\">\n\t\t\t\t\t\t\tEn savoir plus\n\t\t\t\t\t<\/a>\n<h2>\n\t\t\tCommunaut\u00e9\t<\/h2>\n\t\t\t\t\t\t<h4>Consentement, respect et \u00e9l\u00e9gance<\/h4>\t\t\t\t\t\n\t\t\t\t\t\t<h4>Le respect de la vie priv\u00e9e, une valeur fondamentale<\/h4>\t\t\t\t\t\n\t\t\t\t\t\t<h4>Profils et connexions personnalis\u00e9s<\/h4>\t\t\t\t\t\n\t\t\t\t\t\t<h4>Communaut\u00e9 exclusive de personnes \u00e0 l'esprit ouvert<\/h4>\t\t\t\t\t\n\t\t\t\t\t\t<h4>Des \u00e9v\u00e9nements inoubliables avec une discr\u00e9tion in\u00e9gal\u00e9e<\/h4>\t\t\t\t\t\n\t\t\t<a href=\"https:\/\/themarquee.nl\/fr\/community\/\"  target=\"_self\">\n\t\t\t\t\t\t\tEn savoir plus sur la communaut\u00e9\n\t\t\t\t\t<\/a>\n<h2>\n\t\t\tEv\u00e9nements\t<\/h2>\n\t<p>Quatre fois par an, nos membres Elite se r\u00e9unissent pour des \u00e9v\u00e9nements exclusifs qui sont vraiment spectaculaires. Chaque \u00e9v\u00e9nement est plac\u00e9 sous le signe d'un th\u00e8me particulier, transformant nos lieux exquis en terrains de jeux sophistiqu\u00e9s pour adultes, avec un service in\u00e9gal\u00e9 et des spectacles captivants.<\/p>\n<p>Ce n'est qu'en tant que membre Elite que vous pouvez acheter des billets pour ces exp\u00e9riences extraordinaires, garantissant ainsi que chaque \u00e9v\u00e9nement sera inoubliable. Profitez de la danse, des boissons exquises et de la compagnie de personnes partageant votre passion pour le luxe. Flirtez, s\u00e9duisez et donnez vie \u00e0 vos d\u00e9sirs !<\/p>\n\t\t\t<a href=\"https:\/\/themarquee.nl\/fr\/events\/\"  target=\"_self\">\n\t\t\t\t\t\t\tEn savoir plus\n\t\t\t\t\t<\/a>\n<h2>\n\t\t\tVivre le moment pr\u00e9sent\t<\/h2>\n\t<p>\u00c0 une \u00e9poque o\u00f9 chaque instant semble \u00eatre captur\u00e9, partag\u00e9 et aim\u00e9 sur les m\u00e9dias sociaux, Marquee ose emprunter un chemin diff\u00e9rent. Nous croyons au pouvoir de vivre l'instant pr\u00e9sent.<\/p>\n<p>Chez \u2018Marquee\u2019, nous avons pris la d\u00e9cision d\u00e9lib\u00e9r\u00e9e de nous \u00e9loigner des m\u00e9dias sociaux. Nos \u00e9v\u00e9nements restent non photographi\u00e9s, non enregistr\u00e9s et, surtout, inoubliables. Cette philosophie d\u00e9coule de notre engagement en faveur de la confidentialit\u00e9 et de la discr\u00e9tion. Nous comprenons que la v\u00e9ritable valeur d'une exp\u00e9rience r\u00e9side dans sa signification personnelle, et non dans son exposition publique.<\/p>\n\t\t\t<a href=\"https:\/\/themarquee.nl\/fr\/social-media\/\"  target=\"_self\">\n\t\t\t\t\t\t\tEn savoir plus\n\t\t\t\t\t<\/a>","protected":false},"excerpt":{"rendered":"<p>Votre prochaine aventure vous attend Play Video Nous sommes Marquee Bienvenue sur Marquee, un community exclusif d\u00e9di\u00e9 aux c\u0153urs aventureux, aux esprits libres et aux \u00e2mes s\u00fbres d'elles. Ici, nous invitons les couples \u00e0 succ\u00e8s ouverts d'esprit et les femmes c\u00e9libataires qui sont en harmonie avec leur sensualit\u00e9 \u00e0 se connecter, \u00e0 flirter et \u00e0 explorer leurs d\u00e9sirs. L'adh\u00e9sion \u00e0 Marquee est une...<\/p>","protected":false},"author":1,"featured_media":2996,"parent":0,"menu_order":-1,"comment_status":"closed","ping_status":"closed","template":"","meta":{"_acf_changed":false,"inline_featured_image":false,"footnotes":""},"class_list":["post-2561","page","type-page","status-publish","has-post-thumbnail","hentry"],"acf":[],"_links":{"self":[{"href":"https:\/\/themarquee.nl\/fr\/wp-json\/wp\/v2\/pages\/2561","targetHints":{"allow":["GET"]}}],"collection":[{"href":"https:\/\/themarquee.nl\/fr\/wp-json\/wp\/v2\/pages"}],"about":[{"href":"https:\/\/themarquee.nl\/fr\/wp-json\/wp\/v2\/types\/page"}],"author":[{"embeddable":true,"href":"https:\/\/themarquee.nl\/fr\/wp-json\/wp\/v2\/users\/1"}],"replies":[{"embeddable":true,"href":"https:\/\/themarquee.nl\/fr\/wp-json\/wp\/v2\/comments?post=2561"}],"version-history":[{"count":20,"href":"https:\/\/themarquee.nl\/fr\/wp-json\/wp\/v2\/pages\/2561\/revisions"}],"predecessor-version":[{"id":3668,"href":"https:\/\/themarquee.nl\/fr\/wp-json\/wp\/v2\/pages\/2561\/revisions\/3668"}],"wp:featuredmedia":[{"embeddable":true,"href":"https:\/\/themarquee.nl\/fr\/wp-json\/wp\/v2\/media\/2996"}],"wp:attachment":[{"href":"https:\/\/themarquee.nl\/fr\/wp-json\/wp\/v2\/media?parent=2561"}],"curies":[{"name":"wp","href":"https:\/\/api.w.org\/{rel}","templated":true}]}}