{"id":2103,"date":"2019-12-11T10:08:12","date_gmt":"2019-12-11T09:08:12","guid":{"rendered":"https:\/\/demo.justiin.nl\/?page_id=2103"},"modified":"2025-03-19T10:12:34","modified_gmt":"2025-03-19T09:12:34","slug":"terms-and-conditions","status":"publish","type":"page","link":"https:\/\/themarquee.nl\/fr\/terms-and-conditions\/","title":{"rendered":"Conditions d'utilisation"},"content":{"rendered":"<strong>Que faisons-nous ?<br \/>\n<\/strong>The Marquee est une plateforme de rencontre en ligne exclusive et priv\u00e9e pour les femmes, avec des applications gratuites et b\u00eata. En outre, nous organisons r\u00e9guli\u00e8rement des \u00e9v\u00e9nements exclusifs pour nos clients.\n<p>&nbsp;<\/p>\n<strong>Lidmaatschap<br \/>\n<\/strong>Vous pouvez indiquer une demande de remboursement via le formulaire disponible sur notre site web. Nous prenons contact avec vous par courrier dans un d\u00e9lai de 14 jours. En cas de r\u00e9ponse positive, nous vous informons et vous garantissons que vous n'avez pas \u00e0 vous inqui\u00e9ter de la situation :\n<p>ouder bent dan 23 jaar en juridisch bevoegd bent om een contract aan te gaan ;<\/p>\n<p>\u00e0 la page d'enregistrement, comme indiqu\u00e9 sur notre site web ;<\/p>\n<p>des informations utiles, fiables et fiables qui ne sont pas trompeuses ;<\/p>\n<p>niet geregistreerd bent als zedendelinquent ;<\/p>\n<p>aucune disposition l\u00e9gale ne s'applique en cas de fraude, d'escroquerie, d'abus de confiance (y compris de l'usage domestique), d'intimidation, de harc\u00e8lement, de terrorisme ou de harc\u00e8lement moral.<\/p>\n<p>&nbsp;<\/p>\n<p>L'indication d'une alerte ne signifie pas automatiquement que je serai s\u00e9lectionn\u00e9 comme nouveau couvercle. Nous disposons d'un syst\u00e8me efficace de mise \u00e0 jour des nouvelles \u00e9tiquettes. The Marquee se r\u00e9serve le droit de modifier, d'annuler ou de remplacer un \u00e9v\u00e9nement \u00e0 tout moment par un autre. Les avis des agents de change sont directement v\u00e9rifi\u00e9s. Lidmaatschap kan worden ingetrokken als je niet houdt aan ons beleid en\/of gedragsregels.<\/p>\n<p>Je peux faire plus de comptes que d'habitude.<\/p>\n<p>&nbsp;<\/p>\n<strong>Minimumleeftijd<br \/>\n<\/strong>Pour obtenir un permis de s\u00e9jour, il faut avoir au moins 23 ans. Les profils des personnes \u00e2g\u00e9es de moins de 23 ans sont directement v\u00e9rifi\u00e9s.\n<p>&nbsp;<\/p>\n<p>&nbsp;<\/p>\n<p>&nbsp;<\/p>\n<strong>PROFIELEN<br \/>\n<\/strong>V\u00e9rification de l'\u00e9tat de sant\u00e9 et de l'\u00e9tat de sant\u00e9 des personnes :\n<p>Chez The Marquee, nous sommes tenus de v\u00e9rifier l'identit\u00e9 de nos dirigeants. Si nous constatons qu'un profil n'est pas n\u00e9cessaire, nous nous r\u00e9servons le droit de modifier ce profil et de l'associer \u00e0 tous les \u00e9v\u00e9nements de The Marquee. Il est entendu que, dans ce cas, il n'y a pas de restitution de la taxe de couverture.<\/p>\n<p>&nbsp;<\/p>\n<strong>HERROEPINGSRECHT<br \/>\n<\/strong>Opzegging van het lidmaatschap :\n<p>Si vous recevez un e-mail de The Marquee, votre carte de cr\u00e9dit sera r\u00e9activ\u00e9e. \u00c0 partir de ce jour, vous avez le droit d'utiliser votre carte de cr\u00e9dit avec une option de r\u00e9duction, conform\u00e9ment \u00e0 la r\u00e9glementation sur les droits d'inscription. Un cr\u00e9dit complet de la taxe sur le chiffre d'affaires b\u00eata est disponible.<\/p>\n<p>Si vous souhaitez vous pr\u00e9valoir de votre droit \u00e0 l'\u00e9levage, vous devez vous procurer le formulaire d'\u00e9levage le plus complet et le consulter r\u00e9guli\u00e8rement sur le site info@TheMarquee.nl.<\/p>\n<p>Laissez-le ouvert : Als u v\u00f3\u00f3r het einde van de opzegtermijn inlogt op uw account en gebruik maakt van onze diensten, wordt dit beschouwd als een uitdrukkelijk verzoek om onmiddellijke toegang to de diensten, waarvoor betaling verschuldigd is.<\/p>\n<p>&nbsp;<\/p>\n<strong>BERICHTEN<br \/>\n<\/strong>Opties voor communicatie :\n<p>Pour pouvoir utiliser les services de The Marquee, vous devez savoir que nos messages doivent \u00eatre publi\u00e9s sur votre compte ou sur nos services. Vous pouvez obtenir ces informations directement sur notre plateforme en ligne ou par l'interm\u00e9diaire de l'adresse e-mail indiqu\u00e9e sur votre compte. Pour contr\u00f4ler le type de messages que vous souhaitez recevoir de The Marquee, vous pouvez cliquer sur votre inscription sur notre plateforme interactive.<\/p>\n<p>&nbsp;<\/p>\n<strong>EVENEMENTEN<br \/>\n<\/strong>Tickets pour les \u00e9v\u00e9nements :\n<p>Les responsables de The Marquee ont la possibilit\u00e9 d'acheter des billets pour les \u00e9v\u00e9nements organis\u00e9s par The Marquee ou ses responsables (sans tenir compte des conditions d'utilisation). Vous pouvez acheter des billets en utilisant le code unique et personnel qui figure sur le couvercle.<\/p>\n<p>Laissez-le ouvert : Les billets ne peuvent pas \u00eatre \u00e9chang\u00e9s avec d'autres personnes.<\/p>\n<p>En cas d'erreur, nous nous effor\u00e7ons de faire en sorte que les participants \u00e0 l'\u00e9v\u00e9nement aient acc\u00e8s \u00e0 ce dernier et qu'ils aient la possibilit\u00e9 d'en profiter pendant une p\u00e9riode plus longue.<\/p>\n<p>Voor de aangeboden evenementen gelden specifieke voorwaarden, die beschikbaar zijn op de pagina&#8217;s waarin de evenementen of activiteiten worden beschreven.<\/p>\n<p>&nbsp;<\/p>\n<p>&nbsp;<\/p>\n<strong>REMBOURSEMENT DES BILLETS D'AVION<br \/>\n<\/strong>Beleid : Il n'y a pas d'autres probl\u00e8mes \u00e0 r\u00e9soudre.\n<p>Si vous avez un billet mais que vous ne pouvez pas participer \u00e0 l'\u00e9v\u00e9nement, vous pouvez \u00e9changer le billet contre un bon. Le(s) code(s) de bon(s) est (sont) envoy\u00e9(s) par courrier \u00e0 votre attention et peut (peuvent) \u00eatre utilis\u00e9(s) pour des op\u00e9rations de remboursement dans notre billetterie.<\/p>\n<p>&nbsp;<\/p>\n<p>Pourcentage du prix du billet en cas d'annulation de l'\u00e9v\u00e9nement :<\/p>\n<p>Annulation \u00e0 plus de 14 jours de l'\u00e9v\u00e9nement : 90%<\/p>\n<p>Annulation entre 7 et 14 jours pour l'\u00e9v\u00e9nement : 75%<\/p>\n<p>Annulation dans les 7 jours pour l'\u00e9v\u00e9nement : 50%<\/p>\n<p>Annulation \u00e0 la date de l'\u00e9v\u00e9nement : 0%<\/p>\n<p>&nbsp;<\/p>\n<p>Pourcentage de la valeur de l'h\u00f4tel en cas d'annulation :<\/p>\n<p>Annulation \u00e0 plus de 14 jours de l'\u00e9v\u00e9nement : 90%<\/p>\n<p>Annulation entre 7 et 14 jours pour l'\u00e9v\u00e9nement : 75%<\/p>\n<p>Annulation entre 3 et 7 jours pour l'\u00e9v\u00e9nement : 50%<\/p>\n<p>Annulation dans les 3 jours pour l'\u00e9v\u00e9nement : 0%<\/p>\n<p>&nbsp;<\/p>\n<p>Let op : Il n'y a pas d'obligation de r\u00e9sultat sur ce point. Cette r\u00e9glementation sur les bons s'applique \u00e0 tous les commer\u00e7ants, sauf en cas d'annulation.<\/p>\n<p>&nbsp;<\/p>\n<strong>LE SUIVI ET L'\u00c9VALUATION DE L'\u00c9TAT DE SANT\u00c9 DE LA POPULATION<br \/>\n<\/strong>Si une personne n'est pas en mesure de fournir des informations plus d\u00e9taill\u00e9es ou si elle ne souhaite pas que son profil soit reconnu par d'autres utilisateurs, elle peut demander l'annulation de son profil \u00e0 n'importe quel moment. Cette op\u00e9ration est d\u00e9licate et le couvercle peut \u00eatre activ\u00e9 \u00e0 tout moment.\n<p>Un couvercle peut \u00eatre utilis\u00e9 \u00e0 n'importe quel moment. Les frais suppl\u00e9mentaires \u00e9ventuels ne sont pas pris en compte.<\/p>\n<p>Pour toute demande d'information, vous pouvez contacter The Marquee par l'interm\u00e9diaire de l'adresse \u00e9lectronique indiqu\u00e9e ci-dessous : <a href=\"mailto:info@TheMarquee.nl\">info@TheMarquee.nl<\/a><\/p>\n<p>&nbsp;<\/p>\n<p>&nbsp;<\/p>\n<p>&nbsp;<\/p>\n<p>&nbsp;<\/p>\n<p>&nbsp;<\/p>\n<strong>LA PROTECTION DES DONN\u00c9ES PERSONNELLES\/DE LA VIE PRIV\u00c9E<br \/>\n<\/strong>The Marquee neemt persoonsgegevens op et voldoet aan de Algemene Verordening Gegevensbescherming.\n<p>Notre politique en mati\u00e8re de protection de la vie priv\u00e9e est de ne pas tenir compte de toutes les donn\u00e9es personnelles que nous v\u00e9rifions.<\/p>\n<p>&nbsp;<\/p>\n<strong>KOSTEN<br \/>\n<\/strong>En tant qu'utilisateur, je suis responsable des co\u00fbts li\u00e9s \u00e0 l'utilisation de notre site web. Les prix et les tarifs sont indiqu\u00e9s sur notre site web et peuvent \u00eatre modifi\u00e9s \u00e0 tout moment.\n<p>&nbsp;<\/p>\n<strong>LA PROTECTION DE L'ENVIRONNEMENT<br \/>\n<\/strong>The Marquee n'est pas responsable du comportement, des activit\u00e9s ou de la sant\u00e9 de ses dirigeants.\n<p>Les chefs de file sont eux-m\u00eames tr\u00e8s comp\u00e9tents pour les informations qu'ils fournissent sur notre site web.<\/p>\n<p>Nous ne pouvons pas garantir que les produits et les services qui en d\u00e9coulent soient produits, exempts de tout risque, complets et efficaces. Nous ne sommes pas non plus responsables des \u00e9v\u00e9nements li\u00e9s \u00e0 l'utilisation de ces informations et de ces donn\u00e9es, mais seulement des donn\u00e9es qui sont transmises par les destinataires et qui ne peuvent pas \u00eatre utilis\u00e9es par les destinataires ou les utilisateurs.<\/p>\n<p>&nbsp;<\/p>\n<strong>VEILIGHEID<br \/>\n<\/strong>En tant que directeur de The Marquee, je suis conscient de la n\u00e9cessit\u00e9 d'\u00e9tablir des r\u00e8gles de conduite strictes dans le cadre de la communication avec d'autres personnes, m\u00eame si j'ai besoin d'\u00eatre inform\u00e9 sur nos activit\u00e9s pour pouvoir communiquer avec les femmes ou les hommes, ou pour les aider.\n<p>Je reconnais que la divulgation d'informations personnelles, confidentielles et\/ou confidentielles (nom, adresse, num\u00e9ro de t\u00e9l\u00e9phone, donn\u00e9es financi\u00e8res) peut avoir une incidence sur le risque encouru.<\/p>\n<p>&nbsp;<\/p>\n<strong>WIJZIGINGEN<br \/>\n<\/strong>The Marquee s'engage \u00e0 ce que, \u00e0 tout moment, des changements soient apport\u00e9s aux produits et aux prix publi\u00e9s sur le site. Il en va de m\u00eame pour les fournisseurs.\n<p>&nbsp;<\/p>\n<strong>INTELLECTUEEL EIGENDOM (AUTEURSRECHT)<br \/>\n<\/strong>Toutes les d\u00e9clarations et tous les documents qui sont publi\u00e9s sur le site web sont soumis \u00e0 la r\u00e8gle de l'auteur.\n<p>En outre, tous les droits, y compris les droits d'auteur, les droits de propri\u00e9t\u00e9 intellectuelle et les autres droits de propri\u00e9t\u00e9 intellectuelle, y compris les droits d'auteur, le nom du site web et le nom de l'utilisateur, doivent \u00eatre respect\u00e9s \u00e0 l'int\u00e9rieur du site The Marquee.<\/p>\n<p>Leden die deelnemen aan evenementen van The Marquee stemmen ermee in dat hun foto&#8217;s worden gedeeld door de organisatoren van het evenement op het priv\u00e9 online platform. Leden hebben het recht om te verzoeken om verwijdering van hun foto&#8217;s door een e-mail te sturen naar The Marquee op info@TheMarquee.nl<\/p>\n<p>&nbsp;<\/p>\n<strong>UITSCHRIJVEN<br \/>\n<\/strong>Les chefs d'entreprise ont le droit d'\u00e9crire sur le site web sans \u00eatre oblig\u00e9s de le faire. Les donn\u00e9es personnelles qui sont utilis\u00e9es, exploit\u00e9es, utilis\u00e9es et utilis\u00e9es dans le cadre de la mise \u00e0 jour du site The Marquee ne seront pas prises en compte si vous en faites la demande.\n<p>&nbsp;<\/p>\n<strong>KLACHTEN<br \/>\n<\/strong>Vous pouvez nous faire part de vos commentaires, de vos questions et\/ou de vos r\u00e9actions en utilisant le formulaire de contact du site web.\n<p>The Marquee est une source d'inspiration pour que ces \u00e9v\u00e9nements se d\u00e9roulent dans un cadre exceptionnel et qu'ils soient couronn\u00e9s de succ\u00e8s.<\/p>\n<p>Les prix n'ont pas d'incidence sur le prix de vente du couvercle. Le couvercle est fix\u00e9 de mani\u00e8re \u00e0 ce que tous les frais soient rembours\u00e9s par The Marquee en raison de l'utilisation d'un service d'h\u00e9bergement \u00e0 prix r\u00e9duit.<\/p>\n<p>&nbsp;<\/p>\n<p><strong>NIETIGHEID<\/strong><\/p>\n<p>Als \u00e9\u00e9n of meerdere clausules van deze algemene voorwaarden geheel of gedeeltelijk ongeldig, nietig of niet-afdwingbaar zijn, heeft dit geen invloed op de geldigheid en afdwingbaarheid van de andere clausules en bepalingen.<\/p>\n<p>&nbsp;<\/p>\n<p><strong>TOEPASSELIJK RECHT<\/strong><\/p>\n<p>Le droit n\u00e9erlandais d'acc\u00e8s \u00e0 l'information s'applique \u00e0 ces questions. En cas de litige, les tribunaux d'Amsterdam ont l'obligation exclusive de se prononcer sur ce litige.<\/p>","protected":false},"excerpt":{"rendered":"<p>Wat bieden we aan? The Marquee biedt een exclusief en priv\u00e9 online datingplatform voor leden, met zowel gratis als betaalde lidmaatschappen. Bovendien organiseren we regelmatig exclusieve evenementen voor onze leden. &nbsp; Lidmaatschap Je kunt een lidmaatschapsaanvraag indienen via het formulier op onze website. We nemen binnen 14 dagen contact met je op per mail. Door&hellip;<\/p>","protected":false},"author":1,"featured_media":0,"parent":0,"menu_order":100,"comment_status":"closed","ping_status":"closed","template":"","meta":{"_acf_changed":false,"inline_featured_image":false,"footnotes":""},"class_list":["post-2103","page","type-page","status-publish","hentry"],"acf":[],"_links":{"self":[{"href":"https:\/\/themarquee.nl\/fr\/wp-json\/wp\/v2\/pages\/2103","targetHints":{"allow":["GET"]}}],"collection":[{"href":"https:\/\/themarquee.nl\/fr\/wp-json\/wp\/v2\/pages"}],"about":[{"href":"https:\/\/themarquee.nl\/fr\/wp-json\/wp\/v2\/types\/page"}],"author":[{"embeddable":true,"href":"https:\/\/themarquee.nl\/fr\/wp-json\/wp\/v2\/users\/1"}],"replies":[{"embeddable":true,"href":"https:\/\/themarquee.nl\/fr\/wp-json\/wp\/v2\/comments?post=2103"}],"version-history":[{"count":12,"href":"https:\/\/themarquee.nl\/fr\/wp-json\/wp\/v2\/pages\/2103\/revisions"}],"predecessor-version":[{"id":3646,"href":"https:\/\/themarquee.nl\/fr\/wp-json\/wp\/v2\/pages\/2103\/revisions\/3646"}],"wp:attachment":[{"href":"https:\/\/themarquee.nl\/fr\/wp-json\/wp\/v2\/media?parent=2103"}],"curies":[{"name":"wp","href":"https:\/\/api.w.org\/{rel}","templated":true}]}}