{"id":3625,"date":"2025-02-11T13:50:34","date_gmt":"2025-02-11T12:50:34","guid":{"rendered":"https:\/\/themarquee.nl\/?page_id=3625"},"modified":"2025-09-06T12:22:39","modified_gmt":"2025-09-06T10:22:39","slug":"gold-membership","status":"publish","type":"page","link":"https:\/\/themarquee.nl\/es\/gold-membership\/","title":{"rendered":"Afiliaci\u00f3n Oro"},"content":{"rendered":"<h2>Afiliaci\u00f3n Oro<\/h2>\r\n<p>La experiencia exclusiva en l\u00ednea<\/p>\r\n<p>Un mundo de lujo, discreci\u00f3n y exclusividad<\/p>\r\n<p>En Marquee, todo gira en torno a la experiencia. Como miembro de nuestra comunidad, tendr\u00e1 acceso a un mundo donde convergen la sofisticaci\u00f3n, la sensualidad y la elegancia. Sin embargo, la afiliaci\u00f3n no est\u00e1 disponible para todo el mundo; es un privilegio exclusivo para aquellos que comparten nuestros valores y est\u00e1ndares.<br \/>Con la posibilidad de elegir entre la afiliaci\u00f3n Oro y \u00c9lite, usted decide hasta qu\u00e9 punto desea sumergirse en el mundo de Marquee.<\/p>\r\n<p>La Afiliaci\u00f3n Oro a Marquee le ofrece acceso exclusivo a nuestra comunidad privada en l\u00ednea, donde la elegancia y la oportunidad se dan la mano. Como Miembro Oro, ser\u00e1s bienvenido a una refinada red de parejas de \u00e9xito y mentalidad abierta y mujeres solteras seguras de s\u00ed mismas que comparten su pasi\u00f3n por el lujo, la sofisticaci\u00f3n y las conexiones significativas.<\/p>\r\n<p>Con su perfil personal Gold en l\u00ednea, puede conectar con personas afines, entablar conversaciones refinadas y explorar intereses compartidos. Esta afiliaci\u00f3n est\u00e1 dise\u00f1ada para quienes buscan entablar relaciones aut\u00e9nticas en un entorno discreto y elegante. Tanto si busca conversaciones inspiradoras como la oportunidad de transformar una conexi\u00f3n en l\u00ednea en un emocionante encuentro en la vida real, la Afiliaci\u00f3n Oro le abre las puertas a un mundo de posibilidades y pasi\u00f3n.<\/p>\r\n<p><strong>Citas para mentes abiertas:<\/strong> Marquee&#8217;s Gold Membership is perfect for those eager to explore new dimensions of connection in a respectful and refined environment. It&#8217;s an invitation to meet, flirt, and discover people who share your adventurous spirit.<\/p>\r\n<p>The Gold Membership grants you access to Marquee&#8217;s digital world. This is a network for open-minded, confident individuals and couples looking to surround themselves with like-minded people.<\/p>\r\n<ul>\r\n<li><strong>Acceso a la comunidad en l\u00ednea<\/strong> &#8211; Create a personal profile, share your interests, and connect discreetly.<\/li>\r\n<li><strong>Compartir y descubrir<\/strong> &#8211; Participate in conversations, enrich your profile with photos, and share exclusive content within the community.<\/li>\r\n<li><strong>Crear conexiones en l\u00ednea para encuentros en la vida real<\/strong> &#8211; Meet couples and women worldwide who share your interests.<\/li>\r\n<li><strong>Control total de la privacidad<\/strong> &#8211; Decide whether you are visible to others or remain invisible.<\/li>\r\n<\/ul>\r\n<p><em>Tenga en cuenta lo siguiente:<\/em> Gold members do not have access to Marquee&#8217;s physical events.<\/p>\r\n<h2>T\u00fa eliges<\/h2>\r\n<p>Tanto si elige <strong>Oro<\/strong> para una presentaci\u00f3n exclusiva en l\u00ednea o <strong>Elite<\/strong> para sumergirse plenamente en el mundo de Marquee, pasar\u00e1 a formar parte de una comunidad en la que convergen la discreci\u00f3n, la elegancia y la sofisticaci\u00f3n.<\/p>\r\n<p>La afiliaci\u00f3n no est\u00e1 garantizada. Cada solicitud se revisa cuidadosamente para garantizar la calidad y exclusividad de Marquee.<\/p>\r\n<h3>Haga su elecci\u00f3n y descubra el mundo de Marquee.<\/h3>\r\n<p><a href=\"https:\/\/members.themarquee.nl\/registration\/\" target=\"_blank\" rel=\"noopener\"> Solicitud de afiliaci\u00f3n Oro <\/a> <a href=\"https:\/\/members.themarquee.nl\/registration\/\" target=\"_blank\" rel=\"noopener\"> Solicitud de afiliaci\u00f3n Elite <\/a><\/p>","protected":false},"excerpt":{"rendered":"<p>Gold Membership The Exclusive Online Experience A world of luxury, discretion, and exclusivity At Marquee, everything revolves around experience. As a member of our community, you gain access to a world where sophistication, sensuality, and elegance converge. However, membership is not available to everyone; it is an exclusive privilege for those who share our values&hellip;<\/p>","protected":false},"author":1,"featured_media":0,"parent":0,"menu_order":0,"comment_status":"closed","ping_status":"closed","template":"","meta":{"_acf_changed":false,"inline_featured_image":false,"footnotes":""},"class_list":["post-3625","page","type-page","status-publish","hentry"],"acf":[],"_links":{"self":[{"href":"https:\/\/themarquee.nl\/es\/wp-json\/wp\/v2\/pages\/3625","targetHints":{"allow":["GET"]}}],"collection":[{"href":"https:\/\/themarquee.nl\/es\/wp-json\/wp\/v2\/pages"}],"about":[{"href":"https:\/\/themarquee.nl\/es\/wp-json\/wp\/v2\/types\/page"}],"author":[{"embeddable":true,"href":"https:\/\/themarquee.nl\/es\/wp-json\/wp\/v2\/users\/1"}],"replies":[{"embeddable":true,"href":"https:\/\/themarquee.nl\/es\/wp-json\/wp\/v2\/comments?post=3625"}],"version-history":[{"count":5,"href":"https:\/\/themarquee.nl\/es\/wp-json\/wp\/v2\/pages\/3625\/revisions"}],"predecessor-version":[{"id":3656,"href":"https:\/\/themarquee.nl\/es\/wp-json\/wp\/v2\/pages\/3625\/revisions\/3656"}],"wp:attachment":[{"href":"https:\/\/themarquee.nl\/es\/wp-json\/wp\/v2\/media?parent=3625"}],"curies":[{"name":"wp","href":"https:\/\/api.w.org\/{rel}","templated":true}]}}