{"id":3619,"date":"2025-02-11T12:32:46","date_gmt":"2025-02-11T11:32:46","guid":{"rendered":"https:\/\/themarquee.nl\/?page_id=3619"},"modified":"2025-09-06T12:23:50","modified_gmt":"2025-09-06T10:23:50","slug":"elite-membership","status":"publish","type":"page","link":"https:\/\/themarquee.nl\/es\/elite-membership\/","title":{"rendered":"Afiliaci\u00f3n de \u00e9lite"},"content":{"rendered":"<h2>Afiliaci\u00f3n de \u00e9lite<\/h2>\r\n<p>La experiencia Marquee al completo<\/p>\r\n<p>Para quienes deseen sumergirse por completo en el exclusivo mundo de Marquee, la Afiliaci\u00f3n de \u00c9lite ofrece la puerta definitiva a la elegancia, el misterio y la sofisticaci\u00f3n.<\/p>\r\n<ul>\r\n<li>Access to the online community &#8211; Enjoy all the benefits of the Gold Membership, with additional privileges.<\/li>\r\n<li>Invitations to Marquee events &#8211; Only Elite members have the opportunity to participate in our carefully curated, private events.<\/li>\r\n<li>A personal Elite membership card &#8211; Essential for cashless payments and access to exclusive benefits.<\/li>\r\n<\/ul>\r\n<p><strong>Marquee Events<\/strong><br \/>Cuatro veces al a\u00f1o, nuestros exquisitos recintos se transforman en refinados patios de recreo para adultos. Los socios de \u00e9lite disfrutan de:<\/p>\r\n<ul>\r\n<li>Temas \u00fanicos, misteriosos y sensuales para cada edici\u00f3n<\/li>\r\n<li>Entretenimiento exquisito y espect\u00e1culos envolventes<\/li>\r\n<li>Una amplia selecci\u00f3n de bebidas finas, champ\u00e1n y servicio de c\u00f3cteles<\/li>\r\n<li>Ventajas VIP, incluida la entrada exclusiva<\/li>\r\n<\/ul>\r\n<p><em>Las entradas para los eventos no est\u00e1n incluidas en la afiliaci\u00f3n y deben adquirirse por separado.<\/em><\/p>\r\n<p><strong>C\u00f3digo de vestimenta y exclusividad<\/strong><br \/>Para mantener el sofisticado ambiente de Marquee, se aplica un estricto c\u00f3digo de vestimenta:<\/p>\r\n<ul>\r\n<li><strong>Caballeros:<\/strong> Elegante con un esmoquin perfectamente entallado<\/li>\r\n<li><strong>Se\u00f1oras:<\/strong> Elegante con lencer\u00eda de lujo y tacones altos<\/li>\r\n<\/ul>\r\n<p><em>Se denegar\u00e1 el acceso a quienes no cumplan esta norma.<\/em><\/p>\r\n<p><strong>Discreci\u00f3n y privacidad<\/strong><br \/>La privacidad es primordial en Marquee. Por lo tanto:<\/p>\r\n<ul>\r\n<li><strong>No hay fotos ni v\u00eddeos<\/strong> &#8211; Experiences remain personal<\/li>\r\n<li>Amplias taquillas y un discreto guardarropa<\/li>\r\n<li>Higiene e instalaciones impecables, incluidos refrescos de lujo<\/li>\r\n<\/ul>\r\n<p><strong>Privilegios adicionales<\/strong><br \/>Los socios de \u00e9lite reciben invitaciones a eventos privados exclusivos y disfrutan de la atenci\u00f3n VIP de nuestras dedicadas azafatas. <strong>Hotel y transporte<\/strong><br \/>Para completar la experiencia, Marquee ofrece a los miembros Elite la opci\u00f3n de pernoctar en un hotel asociado seleccionado de Marquee:<\/p>\r\n<ul>\r\n<li>Transporte organizado de ida y vuelta al lugar del evento secreto<\/li>\r\n<li>Salida tard\u00eda (si est\u00e1 disponible)<\/li>\r\n<li>Desayuno opcional despu\u00e9s de una noche inolvidable<\/li>\r\n<\/ul>\r\n<p><em>Las estancias en hoteles no est\u00e1n incluidas en la afiliaci\u00f3n y deben reservarse por separado, seg\u00fan disponibilidad.<\/em><\/p>\r\n<h2>T\u00fa eliges<\/h2>\r\n<p>Tanto si elige Oro para una introducci\u00f3n exclusiva en l\u00ednea como \u00c9lite para una inmersi\u00f3n total en el mundo de Marquee, pasar\u00e1 a formar parte de una comunidad en la que convergen discreci\u00f3n, elegancia y sofisticaci\u00f3n.<\/p>\r\n<p>La afiliaci\u00f3n no est\u00e1 garantizada. Cada solicitud se revisa cuidadosamente para garantizar la calidad y exclusividad de Marquee.<\/p>\r\n<h3>Haga su elecci\u00f3n y descubra el mundo de Marquee.<\/h3>\r\n<p><a href=\"https:\/\/members.themarquee.nl\/registration\/\" target=\"_blank\" rel=\"noopener\"> Solicitud de afiliaci\u00f3n Oro <\/a> <a href=\"https:\/\/members.themarquee.nl\/registration\/\" target=\"_blank\" rel=\"noopener\"> Solicitud de afiliaci\u00f3n Elite <\/a><\/p>","protected":false},"excerpt":{"rendered":"<p>Elite Membership The Full Marquee Experience For those who wish to fully immerse themselves in the exclusive world of Marquee, the Elite Membership offers the ultimate gateway to elegance, mystery, and sophistication. Access to the online community &#8211; Enjoy all the benefits of the Gold Membership, with additional privileges. Invitations to Marquee events &#8211; Only&hellip;<\/p>","protected":false},"author":1,"featured_media":0,"parent":0,"menu_order":0,"comment_status":"closed","ping_status":"closed","template":"","meta":{"_acf_changed":false,"inline_featured_image":false,"footnotes":""},"class_list":["post-3619","page","type-page","status-publish","hentry"],"acf":[],"_links":{"self":[{"href":"https:\/\/themarquee.nl\/es\/wp-json\/wp\/v2\/pages\/3619","targetHints":{"allow":["GET"]}}],"collection":[{"href":"https:\/\/themarquee.nl\/es\/wp-json\/wp\/v2\/pages"}],"about":[{"href":"https:\/\/themarquee.nl\/es\/wp-json\/wp\/v2\/types\/page"}],"author":[{"embeddable":true,"href":"https:\/\/themarquee.nl\/es\/wp-json\/wp\/v2\/users\/1"}],"replies":[{"embeddable":true,"href":"https:\/\/themarquee.nl\/es\/wp-json\/wp\/v2\/comments?post=3619"}],"version-history":[{"count":5,"href":"https:\/\/themarquee.nl\/es\/wp-json\/wp\/v2\/pages\/3619\/revisions"}],"predecessor-version":[{"id":3657,"href":"https:\/\/themarquee.nl\/es\/wp-json\/wp\/v2\/pages\/3619\/revisions\/3657"}],"wp:attachment":[{"href":"https:\/\/themarquee.nl\/es\/wp-json\/wp\/v2\/media?parent=3619"}],"curies":[{"name":"wp","href":"https:\/\/api.w.org\/{rel}","templated":true}]}}