{"id":3423,"date":"2024-11-20T20:32:21","date_gmt":"2024-11-20T19:32:21","guid":{"rendered":"https:\/\/themarquee.nl\/?page_id=3423"},"modified":"2025-09-06T12:20:31","modified_gmt":"2025-09-06T10:20:31","slug":"member-card","status":"publish","type":"page","link":"https:\/\/themarquee.nl\/es\/member-card\/","title":{"rendered":"Tarjeta de miembro"},"content":{"rendered":"<h2>La tarjeta de socio Marquee<\/h2>\r\n<p>Exclusividad y comodidad con la tarjeta de socio Marquee.<\/p>\r\n<p>Bienvenido a The Marquee, donde ofrecemos a nuestros socios una experiencia exclusiva a trav\u00e9s de nuestra Tarjeta de Socio Marquee. Esta tarjeta personalizada es su puerta de entrada a un mundo de privilegios y comodidades, dise\u00f1ada para que sus visitas a nuestros eventos sean fluidas y agradables.<\/p>\r\n<p>Cada tarjeta de socio de Marquee viene con un c\u00f3digo QR \u00fanico y un n\u00famero coincidente, lo que le permite recargar f\u00e1cilmente su tarjeta. El proceso es r\u00e1pido, sencillo y seguro. S\u00f3lo tienes que utilizar tu smartphone para escanear el c\u00f3digo QR y recargar tu saldo. As\u00ed podr\u00e1s pagar con tu tarjeta de socio durante toda la noche sin preocupaciones.<\/p>\r\n<p>Tambi\u00e9n tiene la opci\u00f3n de recargar su saldo en l\u00ednea a trav\u00e9s de su cuenta personal. De este modo, podr\u00e1 recargar su tarjeta cuando quiera y donde quiera.<\/p>\r\n<p>At The Marquee, we understand that transparency is important. That&#8217;s why our members can check their balance at any time. Moreover, it is possible to request a refund for any remaining balance at any time, should you wish to do so.<\/p>\r\n<p>Nos esforzamos por ofrecer a nuestros socios una experiencia superior, y la Tarjeta de Socio Marquee es una parte integral de esta promesa. Con pagos r\u00e1pidos y sencillos y un control total de su saldo, disfrutar de su tiempo en The Marquee nunca ha sido tan f\u00e1cil.<\/p>\r\n<p>Traiga su tarjeta de miembro de Marquee a nuestros eventos y experimente la comodidad y la exclusividad por s\u00ed mismo.<\/p>\r\n<p><img decoding=\"async\" title=\"TARJETA_\u00c9LITE_DRUKKLAAR_BRUIN-V3\" src=\"https:\/\/themarquee.nl\/wp-content\/uploads\/2024\/11\/ELITE-CARD_DRUKKLAAR_BRUIN-V3.png\" alt=\"ELITE-CARD_DRUKKLAAR_BRUIN-V3\" width=\"1000\" height=\"651\" \/><\/p>","protected":false},"excerpt":{"rendered":"<p>The Marquee Member Card Exclusivity and Convenience with the Marquee Member Card. Welcome to The Marquee, where we provide our members with an exclusive experience through our Marquee Member Card. This personalised card is your gateway to a world of privilege and convenience, designed to make your visits to our events seamless and enjoyable. Each&hellip;<\/p>","protected":false},"author":1,"featured_media":0,"parent":0,"menu_order":0,"comment_status":"closed","ping_status":"closed","template":"","meta":{"_acf_changed":false,"inline_featured_image":false,"footnotes":""},"class_list":["post-3423","page","type-page","status-publish","hentry"],"acf":[],"_links":{"self":[{"href":"https:\/\/themarquee.nl\/es\/wp-json\/wp\/v2\/pages\/3423","targetHints":{"allow":["GET"]}}],"collection":[{"href":"https:\/\/themarquee.nl\/es\/wp-json\/wp\/v2\/pages"}],"about":[{"href":"https:\/\/themarquee.nl\/es\/wp-json\/wp\/v2\/types\/page"}],"author":[{"embeddable":true,"href":"https:\/\/themarquee.nl\/es\/wp-json\/wp\/v2\/users\/1"}],"replies":[{"embeddable":true,"href":"https:\/\/themarquee.nl\/es\/wp-json\/wp\/v2\/comments?post=3423"}],"version-history":[{"count":9,"href":"https:\/\/themarquee.nl\/es\/wp-json\/wp\/v2\/pages\/3423\/revisions"}],"predecessor-version":[{"id":3655,"href":"https:\/\/themarquee.nl\/es\/wp-json\/wp\/v2\/pages\/3423\/revisions\/3655"}],"wp:attachment":[{"href":"https:\/\/themarquee.nl\/es\/wp-json\/wp\/v2\/media?parent=3423"}],"curies":[{"name":"wp","href":"https:\/\/api.w.org\/{rel}","templated":true}]}}