{"id":3403,"date":"2024-11-20T20:05:15","date_gmt":"2024-11-20T19:05:15","guid":{"rendered":"https:\/\/themarquee.nl\/?page_id=3403"},"modified":"2025-09-06T12:27:02","modified_gmt":"2025-09-06T10:27:02","slug":"guidelines-etiquette","status":"publish","type":"page","link":"https:\/\/themarquee.nl\/es\/events\/guidelines-etiquette\/","title":{"rendered":"Directrices y etiqueta"},"content":{"rendered":"<h2>Cumplimiento de los requisitos de afiliaci\u00f3n<\/h2>\r\n<p><strong>Cumplimiento estricto de las normas de consentimiento.<\/strong><br \/>El incumplimiento de nuestras normas de consentimiento conllevar\u00e1 la expulsi\u00f3n inmediata del evento y la revocaci\u00f3n de su afiliaci\u00f3n, sin excepci\u00f3n.<\/p>\r\n<h2>Etiqueta de comportamiento<\/h2>\r\n<p><strong>Respetar a la Comunidad.<\/strong><br \/>Cultiva un ambiente sensual y confortable tratando a todos los miembros con amabilidad y cortes\u00eda. Tenga en cuenta a los dem\u00e1s y evite causar molestias. Las infracciones pueden dar lugar a la revocaci\u00f3n de la condici\u00f3n de miembro. <strong>Respeta el espacio personal.<\/strong><br \/>No toque a nadie y mantenga distancias respetuosas. Tocar a otras personas, incluido el personal de la carpa, requiere un consentimiento expl\u00edcito. Para m\u00e1s informaci\u00f3n, consulte la secci\u00f3n Etiqueta del consentimiento. <strong>Sin fotograf\u00eda ni videograf\u00eda.<\/strong><br \/>Para proteger la intimidad, en todos los actos se aplica una estricta pol\u00edtica de prohibici\u00f3n de fotograf\u00edas y v\u00eddeos. Los tel\u00e9fonos deben permanecer en las taquillas durante todo el acto. <strong>Cortes\u00eda hacia el personal.<\/strong><br \/>Nuestro equipo est\u00e1 aqu\u00ed para apoyar su experiencia. No se tolerar\u00e1 la falta de respeto ni el acoso al personal, ya que son miembros integrales de la comunidad de Marquee y merecen el mismo respeto que todos los asistentes. <strong>Mantente sobrio.<\/strong><br \/>Se pedir\u00e1 a los miembros que parezcan excesivamente intoxicados que se marchen por la seguridad de todos. El incumplimiento de esta norma puede dar lugar a la suspensi\u00f3n o revocaci\u00f3n de la afiliaci\u00f3n. <strong>Prohibido fumar en interiores.<\/strong><br \/>Para promover la salud y la seguridad, est\u00e1 prohibido fumar en el interior del recinto. Hay zonas designadas para fumadores. <strong>Sin presiones, s\u00f3lo disfrute.<\/strong><br \/>La participaci\u00f3n es siempre voluntaria. Establezca sus propios l\u00edmites y disfrute de la experiencia a su propio ritmo. <strong>Tolerancia cero con la intolerancia.<\/strong><br \/>Discrimination of any form-including racist, homophobic, or transphobic comments-is not accepted. Marquee values respect for all bodies, equitable dynamics, and diverse preferences. <strong>Informar r\u00e1pidamente de los problemas.<\/strong><br \/>Si experimenta o presencia un comportamiento que infrinja nuestras directrices, informe inmediatamente a un miembro del equipo de Marquee para ayudarnos a mantener un entorno seguro. <strong>Di lo que piensas.<\/strong><br \/>Si tiene alguna duda durante un evento, p\u00f3ngase en contacto con un miembro de nuestro equipo de seguridad o con un anfitri\u00f3n de la carpa para obtener ayuda inmediata. <strong>Comparta su opini\u00f3n.<\/strong><br \/>Si tiene alg\u00fan problema en un acto, env\u00edenos un correo electr\u00f3nico a <strong>info@TheMarquee.nl<\/strong>. Nos tomamos muy en serio sus comentarios y nos esforzamos por resolver cualquier problema lo antes posible. <strong>Sanciones por mala conducta.<\/strong><br \/>Si surgen dudas sobre su comportamiento por parte del equipo de Marquee o de otros miembros, su afiliaci\u00f3n podr\u00e1 ser suspendida durante un m\u00ednimo de seis meses para permitirnos evaluar su idoneidad para nuestra comunidad. En casos de quejas formales, nos reservamos el derecho a ampliar esta suspensi\u00f3n hasta que se alcance una resoluci\u00f3n.<\/p>\r\n<h2>Etiqueta del consentimiento<\/h2>\r\n<p><strong>Observando...<\/strong><\/p>\r\n<p><strong>Respeta los l\u00edmites.<\/strong> No toques a los dem\u00e1s sin su consentimiento expl\u00edcito y evita interrumpir escenas o ser intrusivo. Pide siempre permiso si deseas involucrarte con alguien que participa en una actividad.<\/p>\r\n<p><strong>Voyeurismo con respeto.<\/strong> Observar es aceptable, pero conoce tus l\u00edmites. Evita mirar fijamente sin invitaci\u00f3n, y si te identificas como voyeur, abstente de jugar solo mientras observas a otros, ya que esto puede crear una experiencia no consentida.<\/p>\r\n<p><strong>Atraer...<\/strong><\/p>\r\n<p><strong>Respeta los espacios compartidos.<\/strong> Be considerate of shared spaces, keeping them clean and hygienic. Avoid interrupting others&#8217; activities, and always seek consent before any physical interaction, even during play.<\/p>\r\n<p><strong>Consentimiento para participar.<\/strong> If you wish to involve someone else in a scene you&#8217;re part of, ensure all parties consent. If consent is not granted, continue without them or play separately.<\/p>\r\n<p><strong>Revocaci\u00f3n inmediata de la condici\u00f3n de miembro por incumplimiento.<\/strong> La infracci\u00f3n de nuestras normas de consentimiento conllevar\u00e1 el cese inmediato de la afiliaci\u00f3n y la exclusi\u00f3n de futuros eventos de Marquee.<\/p>\r\n<p>Gracias por formar parte de la comunidad de The Marquee. Siguiendo estas directrices, contribuye a una experiencia acogedora y memorable para todos.<\/p>","protected":false},"excerpt":{"rendered":"<p>Membership Compliance Strict Adherence to Consent Rules.Failure to comply with our consent standards will result in immediate removal from the event and revocation of your membership, without exception. Behavioral Etiquette Respect the Community.Cultivate a sensual, comfortable atmosphere by treating all members with kindness and courtesy. Be mindful of others, and avoid causing discomfort. Violations may&hellip;<\/p>","protected":false},"author":1,"featured_media":0,"parent":2575,"menu_order":0,"comment_status":"closed","ping_status":"closed","template":"","meta":{"_acf_changed":false,"inline_featured_image":false,"footnotes":""},"class_list":["post-3403","page","type-page","status-publish","hentry"],"acf":[],"_links":{"self":[{"href":"https:\/\/themarquee.nl\/es\/wp-json\/wp\/v2\/pages\/3403","targetHints":{"allow":["GET"]}}],"collection":[{"href":"https:\/\/themarquee.nl\/es\/wp-json\/wp\/v2\/pages"}],"about":[{"href":"https:\/\/themarquee.nl\/es\/wp-json\/wp\/v2\/types\/page"}],"author":[{"embeddable":true,"href":"https:\/\/themarquee.nl\/es\/wp-json\/wp\/v2\/users\/1"}],"replies":[{"embeddable":true,"href":"https:\/\/themarquee.nl\/es\/wp-json\/wp\/v2\/comments?post=3403"}],"version-history":[{"count":8,"href":"https:\/\/themarquee.nl\/es\/wp-json\/wp\/v2\/pages\/3403\/revisions"}],"predecessor-version":[{"id":3659,"href":"https:\/\/themarquee.nl\/es\/wp-json\/wp\/v2\/pages\/3403\/revisions\/3659"}],"up":[{"embeddable":true,"href":"https:\/\/themarquee.nl\/es\/wp-json\/wp\/v2\/pages\/2575"}],"wp:attachment":[{"href":"https:\/\/themarquee.nl\/es\/wp-json\/wp\/v2\/media?parent=3403"}],"curies":[{"name":"wp","href":"https:\/\/api.w.org\/{rel}","templated":true}]}}