{"id":3383,"date":"2024-10-25T09:35:46","date_gmt":"2024-10-25T07:35:46","guid":{"rendered":"https:\/\/themarquee.nl\/?page_id=3383"},"modified":"2025-10-20T22:42:31","modified_gmt":"2025-10-20T20:42:31","slug":"about-marquee","status":"publish","type":"page","link":"https:\/\/themarquee.nl\/es\/about-marquee\/","title":{"rendered":"Acerca de Marquee"},"content":{"rendered":"<h2>\n\t\t\tLa carpa\t<\/h2>\n\t<p>Bienvenido a Marquee, un exclusivo community dedicado a los corazones aventureros, los esp\u00edritus libres y las almas seguras de s\u00ed mismas. Aqu\u00ed, invitamos a parejas de \u00e9xito de mente abierta y damas solteras que est\u00e1n en armon\u00eda con su sensualidad para conectar, coquetear, y <a href=\"https:\/\/erotisch-uitgaan.nl\/erotisch-avondje-uit\/\" target=\"_blank\" rel=\"noopener\">explore<\/a> sus deseos.<\/p>\n<p><a href=\"https:\/\/themarquee.nl\/es\/membership\/\">Afiliaci\u00f3n<\/a> en Marquee es un privilegio, una marca de distinci\u00f3n que s\u00f3lo se concede a quienes pueden mejorar nuestro vibrante community. Nuestros miembros son elegidos en funci\u00f3n de su atractivo, su categor\u00eda profesional y sus posibles contribuciones al Marquee. <a href=\"https:\/\/themarquee.nl\/es\/community\/\">community<\/a>. Creemos en la calidad por encima de la cantidad, garantizando la experiencia Marquee.<\/p>\n<p>Estamos orgullosos de organizar cuatro eventos espectaculares cada a\u00f1o, con acceso exclusivo para nuestros estimados miembros. Los est\u00e1ndares de nuestros eventos son inflexibles. Aplicamos un<a href=\"https:\/\/themarquee.nl\/es\/community\/\"> c\u00f3digo de vestimenta<\/a> to uphold the sophistication and allure of the event. Men in sharp tuxedos, and women in elegant lingerie and high heels. We ensure each event&#8217;s theme is communicated well in advance, providing inspiration and guidance. For a glamorous night of life&#8217;s most exquisite pleasures.<\/p>\n<p>Marquee es algo m\u00e1s que una comunidad en l\u00ednea o la organizaci\u00f3n de un evento. Somos un refugio para que las mujeres abracen a su diosa interior, se deleiten en su feminidad y expresen con orgullo su confianza. Creemos en la celebraci\u00f3n de la mujer, su resplandor y su poder.<\/p>\n<p>Today&#8217;s world is consumed by <a href=\"https:\/\/themarquee.nl\/es\/social-media\/\">redes sociales<\/a> y la huella digital que dejamos. Sin embargo, Marquee elige conscientemente un camino diferente. Nos mantenemos alejados de las redes sociales; nuestros eventos son privados, sin fotograf\u00edas, sin grabaciones y verdaderamente inolvidables. Creemos en la creaci\u00f3n de recuerdos, no de mensajes. Sus experiencias en Marquee seguir\u00e1n siendo personales y significativas, a salvo de la exposici\u00f3n p\u00fablica.<\/p>\n<p>En Marquee nos gusta vivir la vida al m\u00e1ximo, celebrar cada momento y abrazar nuestros deseos con los brazos abiertos. \u00danase a nosotros en Marquee, donde la sofisticaci\u00f3n se une a la exclusividad, y el placer est\u00e1 siempre en el men\u00fa. Libere su extraordinario estilo de vida con nosotros porque se lo merece todo. \u00danase hoy mismo a nuestro community y eleve sus sentidos a nuevas cotas.<\/p>\n<h3  data-animation-delay=\"2\" data-animation-duration=\"2\">\n\t\t\tAre you curious what&#8217;s going on behind the closed doors of Marquee? \t<\/h3>\n\t\t\t<a href=\"https:\/\/themarquee.nl\/es\/membership\/\" target=\"_self\">\n\t\t\t\t\t\t\tSolicite su afiliaci\u00f3n\n\t\t\t\t\t<\/a>","protected":false},"excerpt":{"rendered":"<p>The Marquee Welcome to Marquee, an exclusive community dedicated to the adventurous hearts, the free spirits, and the confident souls. Here, we invite open-minded successful couples and single ladies who are in harmony with their sensuality to connect, flirt, and explore their desires. Membership at Marquee is a privilege, a mark of distinction given only&hellip;<\/p>","protected":false},"author":1,"featured_media":2695,"parent":0,"menu_order":0,"comment_status":"closed","ping_status":"closed","template":"","meta":{"_acf_changed":false,"inline_featured_image":false,"footnotes":""},"class_list":["post-3383","page","type-page","status-publish","has-post-thumbnail","hentry"],"acf":[],"_links":{"self":[{"href":"https:\/\/themarquee.nl\/es\/wp-json\/wp\/v2\/pages\/3383","targetHints":{"allow":["GET"]}}],"collection":[{"href":"https:\/\/themarquee.nl\/es\/wp-json\/wp\/v2\/pages"}],"about":[{"href":"https:\/\/themarquee.nl\/es\/wp-json\/wp\/v2\/types\/page"}],"author":[{"embeddable":true,"href":"https:\/\/themarquee.nl\/es\/wp-json\/wp\/v2\/users\/1"}],"replies":[{"embeddable":true,"href":"https:\/\/themarquee.nl\/es\/wp-json\/wp\/v2\/comments?post=3383"}],"version-history":[{"count":10,"href":"https:\/\/themarquee.nl\/es\/wp-json\/wp\/v2\/pages\/3383\/revisions"}],"predecessor-version":[{"id":3665,"href":"https:\/\/themarquee.nl\/es\/wp-json\/wp\/v2\/pages\/3383\/revisions\/3665"}],"wp:featuredmedia":[{"embeddable":true,"href":"https:\/\/themarquee.nl\/es\/wp-json\/wp\/v2\/media\/2695"}],"wp:attachment":[{"href":"https:\/\/themarquee.nl\/es\/wp-json\/wp\/v2\/media?parent=3383"}],"curies":[{"name":"wp","href":"https:\/\/api.w.org\/{rel}","templated":true}]}}