{"id":3270,"date":"2024-05-24T11:37:36","date_gmt":"2024-05-24T09:37:36","guid":{"rendered":"https:\/\/staging.themarquee.nl\/?page_id=3270"},"modified":"2025-09-06T12:27:49","modified_gmt":"2025-09-06T10:27:49","slug":"dresscode","status":"publish","type":"page","link":"https:\/\/themarquee.nl\/es\/dresscode\/","title":{"rendered":"C\u00f3digo de vestimenta"},"content":{"rendered":"<h2>Vestir para impresionar<\/h2>\r\n<p>NUESTRO C\u00d3DIGO DE VESTIMENTA: UN ELEMENTO ESENCIAL DE NUESTROS EVENTOS EXCLUSIVOS<\/p>\r\n<p>En Marquee organizamos cuatro eventos espectaculares al a\u00f1o, cada uno de ellos con un tema \u00fanico y meticulosamente seleccionado. Estas refinadas veladas son de acceso exclusivo para nuestros socios Elite, lo que garantiza una experiencia \u00edntima e inigualable.<\/p>\r\n<p>Nuestros eventos est\u00e1n concebidos como la celebraci\u00f3n definitiva del lujo y la seducci\u00f3n. Los temas se anuncian con mucha antelaci\u00f3n, lo que le permite perfeccionar su look y sumergirse por completo en la encantadora atm\u00f3sfera de la velada. Pi\u00e9rdase en la m\u00fasica, del\u00e9itese con bebidas exquisitas y rod\u00e9ese de personas afines que comparten su pasi\u00f3n por la elegancia y la exclusividad.<\/p>\r\n<p>Para preservar la magia y el encanto de nuestras reuniones, aplicamos un estricto c\u00f3digo de vestimenta:<br \/>\u2022 Gentlemen &#8211; A perfectly tailored tuxedo<br \/>\u2022 Ladies &#8211; Exquisite lingerie and high heels<\/p>\r\n<p>This dress code is non-negotiable-failure to comply will result in denied entry, regardless of reservation or ticket. We believe that these standards contribute to the sophisticated ambiance that our guests expect and deserve.<\/p>\r\n<p>\u00danase a Marquee Luxury Events y forme parte de una comunidad exclusiva donde el estilo, el lujo y la tentaci\u00f3n se entrelazan a la perfecci\u00f3n. Tanto si es usted una pareja que busca nuevas dimensiones en su relaci\u00f3n como una mujer soltera que explora sus fantas\u00edas m\u00e1s profundas, nuestros eventos le ofrecen un entorno en el que podr\u00e1 expresarse libremente en una atm\u00f3sfera de elegancia y refinamiento.<\/p>\r\n<h4>Elegancia y clase para caballeros<\/h4>\r\n<p>For gentlemen, nothing exudes sophistication and class quite like a perfectly tailored tuxedo. This is no arbitrary choice-the tuxedo embodies respect, dignity, and refinement, elevating the exclusivity of our events. It is a statement of status and style, an essential component of the mesmerizing ambiance that defines Marquee Luxury Events.<\/p>\r\n<h4>Sensualidad y creatividad tem\u00e1tica para se\u00f1oras<\/h4>\r\n<p>Ladies are encouraged to express their sensuality and creativity through refined lingerie that aligns with the theme of the evening. The theme is announced well in advance, allowing our female guests to craft the perfect look-one that not only accentuates their figure with elegance but also reflects their personality and sensuality in the most exquisite way.<\/p>\r\n<h4>Cumplimiento estricto del c\u00f3digo de vestimenta<\/h4>\r\n<p>Nuestro equipo de seguridad est\u00e1 especialmente formado para hacer cumplir rigurosamente el c\u00f3digo de vestimenta. Los invitados que no cumplan las normas de vestimenta exigidas no ser\u00e1n admitidos, independientemente de la reserva o la entrada.<\/p>\r\n<p>At Marquee, we understand that our events are more than just indulgence-they are immersive experiences, a seamless fusion of luxury, seduction, and exclusivity. And every experience begins with the perfect choice of attire.<\/p>\r\n<h2>\u00bfPor qu\u00e9 un c\u00f3digo de vestimenta?<\/h2>\r\n<p>Nuestro c\u00f3digo de vestimenta tiene m\u00faltiples objetivos esenciales:<\/p>\r\n<ol>\r\n<li>\r\n<h3>Crear un entorno sensual y respetuoso a la vez.<\/h3>\r\n<p>El cumplimiento de las normas de vestimenta demuestra respeto por la experiencia, el ambiente y los dem\u00e1s hu\u00e9spedes.<\/p>\r\n<\/li>\r\n<li>\r\n<h3>Fomentar la igualdad y el sentido de comunidad.<\/h3>\r\n<p>En The Marquee se aplican las mismas normas a todos, independientemente de su estatus o procedencia. Esto garantiza un ambiente de armon\u00eda y exclusividad.<\/p>\r\n<\/li>\r\n<li>\r\n<h3>Aumentar el misterio y la emoci\u00f3n.<\/h3>\r\n<p>The anticipation of what others will wear, the thrill of revealing your own look, and the transformation you experience as you step inside-all of this contributes to the magic of Marquee.<\/p>\r\n<\/li>\r\n<\/ol>\r\n<p><img decoding=\"async\" title=\"Cita 4\" src=\"https:\/\/themarquee.nl\/wp-content\/uploads\/2024\/11\/Quote-4.svg\" alt=\"Quote 4\" width=\"0\" height=\"0\" \/><\/p>","protected":false},"excerpt":{"rendered":"<p>Dress to Impress OUR DRESS CODE: AN ESSENTIAL ELEMENT OF OUR EXCLUSIVE EVENTS At Marquee, we host four spectacular events each year, each featuring a unique and meticulously curated theme. These refined soir\u00e9es are exclusively accessible to our Elite members, ensuring an intimate and unparalleled experience. Our events are designed as the ultimate celebration of&hellip;<\/p>","protected":false},"author":1,"featured_media":0,"parent":0,"menu_order":0,"comment_status":"closed","ping_status":"closed","template":"","meta":{"_acf_changed":false,"inline_featured_image":false,"footnotes":""},"class_list":["post-3270","page","type-page","status-publish","hentry"],"acf":[],"_links":{"self":[{"href":"https:\/\/themarquee.nl\/es\/wp-json\/wp\/v2\/pages\/3270","targetHints":{"allow":["GET"]}}],"collection":[{"href":"https:\/\/themarquee.nl\/es\/wp-json\/wp\/v2\/pages"}],"about":[{"href":"https:\/\/themarquee.nl\/es\/wp-json\/wp\/v2\/types\/page"}],"author":[{"embeddable":true,"href":"https:\/\/themarquee.nl\/es\/wp-json\/wp\/v2\/users\/1"}],"replies":[{"embeddable":true,"href":"https:\/\/themarquee.nl\/es\/wp-json\/wp\/v2\/comments?post=3270"}],"version-history":[{"count":13,"href":"https:\/\/themarquee.nl\/es\/wp-json\/wp\/v2\/pages\/3270\/revisions"}],"predecessor-version":[{"id":3660,"href":"https:\/\/themarquee.nl\/es\/wp-json\/wp\/v2\/pages\/3270\/revisions\/3660"}],"wp:attachment":[{"href":"https:\/\/themarquee.nl\/es\/wp-json\/wp\/v2\/media?parent=3270"}],"curies":[{"name":"wp","href":"https:\/\/api.w.org\/{rel}","templated":true}]}}