{"id":3267,"date":"2024-05-24T11:37:20","date_gmt":"2024-05-24T09:37:20","guid":{"rendered":"https:\/\/staging.themarquee.nl\/?page_id=3267"},"modified":"2025-09-06T12:10:33","modified_gmt":"2025-09-06T10:10:33","slug":"privacy","status":"publish","type":"page","link":"https:\/\/themarquee.nl\/es\/privacy\/","title":{"rendered":"Privacidad"},"content":{"rendered":"<h2>Privacidad en Marquee<\/h2>\r\n<p>Nuestra promesa sagrada<\/p>\r\n<p>En Marquee, entendemos que la verdadera conexi\u00f3n florece en un entorno de confianza y confidencialidad. En un mundo en el que la privacidad a menudo parece un lujo ef\u00edmero, nosotros la consideramos una promesa sagrada para nuestros estimados miembros. Sus secretos, deseos y momentos compartidos en nuestra exclusiva comunidad son tesoros que guardamos con inquebrantable dedicaci\u00f3n.<\/p>\r\n<p>Nuestro compromiso con la privacidad se extiende a todos los detalles de nuestras reuniones. Para garantizar que su experiencia sea \u00edntima y segura, aplicamos una estricta pol\u00edtica de privacidad. <strong>pol\u00edtica de no llamar por tel\u00e9fono<\/strong>-for members, crew, and all event staff. Phones are not permitted inside our venues, allowing you to fully immerse yourself in each moment without the distraction of digital devices. This policy preserves the exclusive ambiance of Marquee, giving you a safe space to connect, explore, and celebrate.<\/p>\r\n<p>To further protect the confidentiality of our members, every individual involved in our events-from our trusted Marquee team to the external professionals we hire-signs a <strong>acuerdo de confidencialidad vinculante<\/strong>. This agreement ensures that the magic and mystery of Marquee remain within our community. Our staff and partners understand the importance of discretion, safeguarding every member&#8217;s experience from start to finish.<\/p>\r\n<p>Elaboramos cada evento con meticuloso cuidado, asegur\u00e1ndonos de que cada detalle realce su experiencia, libres de las miradas indiscretas del mundo exterior. Nuestro compromiso con la privacidad significa que nuestras reuniones no son fotografiadas ni grabadas; sus momentos encantadores siguen siendo personales, un exquisito tapiz tejido de risas compartidas, coqueteo y la emoci\u00f3n de la aventura. Aqu\u00ed podr\u00e1 deleitarse con su sensualidad, conectar con almas afines y explorar sus deseos sin vacilar.<\/p>\r\n<p>En una sociedad que a menudo exige apertura, Marquee se atreve a ser diferente. Creamos un espacio \u00edntimo donde puedes abrazar a tu diosa interior, celebrar tu feminidad y expresar tu confianza con absoluta libertad. Al dar prioridad a tu intimidad, creamos un santuario donde cada miembro puede entregarse a los exquisitos placeres de la vida, sin el ruido del mundo exterior.<\/p>\r\n<p>\u00danase a nosotros y experimente la incomparable libertad que supone saber que su intimidad no s\u00f3lo se respeta, sino que se celebra. En Marquee, le invitamos a descubrir un estilo de vida en el que sus deseos son apreciados, sus secretos est\u00e1n a salvo y sus momentos son s\u00f3lo suyos. Bienvenido a un reino donde la sofisticaci\u00f3n y la exclusividad se entrelazan y donde su viaje de exploraci\u00f3n no ha hecho m\u00e1s que empezar.<\/p>\r\n<p><img decoding=\"async\" title=\"comillas2\" src=\"https:\/\/themarquee.nl\/wp-content\/uploads\/2024\/05\/quotes2.png\" alt=\"quotes2\" width=\"347\" height=\"347\" \/><\/p>\r\n<h4>En Marquee, honramos la sagrada promesa de privacidad, creando un santuario \u00edntimo donde sus deseos permanecen confidenciales y sus conexiones florecen.<\/h4>\r\n<p>En un mundo deseoso de compartir, le invitamos a saborear la belleza de la discreci\u00f3n, donde cada momento se aprecia y cada experiencia es un tesoro privado. \u00danase a nosotros en un reino donde sus secretos est\u00e1n a salvo y comienza su viaje de exploraci\u00f3n.<\/p>","protected":false},"excerpt":{"rendered":"<p>Privacy at Marquee Our Sacred Promise At Marquee, we understand that true connection flourishes in an environment of trust and confidentiality. In a world where privacy often feels like a fleeting luxury, we hold it as a sacred promise to our esteemed members. Your secrets, desires, and moments shared within our exclusive community are treasures&hellip;<\/p>","protected":false},"author":1,"featured_media":0,"parent":0,"menu_order":0,"comment_status":"closed","ping_status":"closed","template":"","meta":{"_acf_changed":false,"inline_featured_image":false,"footnotes":""},"class_list":["post-3267","page","type-page","status-publish","hentry"],"acf":[],"_links":{"self":[{"href":"https:\/\/themarquee.nl\/es\/wp-json\/wp\/v2\/pages\/3267","targetHints":{"allow":["GET"]}}],"collection":[{"href":"https:\/\/themarquee.nl\/es\/wp-json\/wp\/v2\/pages"}],"about":[{"href":"https:\/\/themarquee.nl\/es\/wp-json\/wp\/v2\/types\/page"}],"author":[{"embeddable":true,"href":"https:\/\/themarquee.nl\/es\/wp-json\/wp\/v2\/users\/1"}],"replies":[{"embeddable":true,"href":"https:\/\/themarquee.nl\/es\/wp-json\/wp\/v2\/comments?post=3267"}],"version-history":[{"count":11,"href":"https:\/\/themarquee.nl\/es\/wp-json\/wp\/v2\/pages\/3267\/revisions"}],"predecessor-version":[{"id":3642,"href":"https:\/\/themarquee.nl\/es\/wp-json\/wp\/v2\/pages\/3267\/revisions\/3642"}],"wp:attachment":[{"href":"https:\/\/themarquee.nl\/es\/wp-json\/wp\/v2\/media?parent=3267"}],"curies":[{"name":"wp","href":"https:\/\/api.w.org\/{rel}","templated":true}]}}