{"id":3265,"date":"2024-05-24T11:36:51","date_gmt":"2024-05-24T09:36:51","guid":{"rendered":"https:\/\/staging.themarquee.nl\/?page_id=3265"},"modified":"2025-09-06T12:16:01","modified_gmt":"2025-09-06T10:16:01","slug":"community","status":"publish","type":"page","link":"https:\/\/themarquee.nl\/es\/community\/","title":{"rendered":"Comunidad"},"content":{"rendered":"<h2>Patio de recreo para la \u00e9lite<\/h2>\r\n<p>BIENVENIDO A LA COMUNIDAD MARQUEE, DONDE LA EXCLUSIVIDAD OFFLINE Y LA CONEXI\u00d3N ONLINE SE FUSIONAN.<\/p>\r\n<p>Nuestra comunidad se basa en dos pilares. Por un lado, hemos creado una red para la \u00e9lite de mente abierta de todo el mundo. Aqu\u00ed puedes crear un perfil personal, compartir detalles sobre ti o tu pareja y expresar tus sue\u00f1os, fantas\u00edas y deseos. Los perfiles pueden enriquecerse con fotos, compartirse en la l\u00ednea de tiempo y utilizarse para entablar conversaciones significativas con otras parejas y mujeres solteras.<\/p>\r\n<p>Al seleccionar t\u00e9rminos que se ajustan a tus preferencias y din\u00e1mica de relaci\u00f3n, permites que otros te descubran y conecten contigo en funci\u00f3n de intereses compartidos. Algunos usuarios eligen mantener sus perfiles privados, permaneciendo invisibles y sin posibilidad de b\u00fasqueda. Este nivel de privacidad est\u00e1 totalmente en manos de nuestros usuarios.<\/p>\r\n<h2>Events exclusivo, experiencias inolvidables<\/h2>\r\n<p>But the magic doesn&#8217;t stop there. Four times a year, our members gather for exclusive events that are nothing short of spectacular. Each edition boasts a unique theme, transforming our breathtaking venues into sophisticated playgrounds for adults, complete with high-end service and captivating performances.<\/p>\r\n<p>S\u00f3lo como socio podr\u00e1 acceder a estas experiencias inigualables, que har\u00e1n de cada reuni\u00f3n un acontecimiento inolvidable.<\/p>\r\n<h2>\u00bfPara qui\u00e9n es Marquee?<\/h2>\r\n<p>Tanto si eres una mujer soltera segura de s\u00ed misma como una pareja deseosa de explorar nuevas dimensiones de su relaci\u00f3n, Marquee se alinea a la perfecci\u00f3n con tus deseos.<\/p>\r\n<p>\u00bfEs usted nuevo en el mundo de los eventos sensuales y simplemente siente curiosidad por saber si este estilo de vida se adapta a usted? \u00bfO ya est\u00e1 familiarizado con una forma de vida abierta, en la que compartir experiencias con los dem\u00e1s es una parte natural de su viaje? Todas las personas que se ajustan a nuestro perfil son bienvenidas en la comunidad Marquee.<\/p>\r\n<h2>Respeto, consentimiento y confianza<\/h2>\r\n<p>Coquetea, seduce y explora. Esperamos que todos los miembros traten a los dem\u00e1s con el m\u00e1ximo nivel de respeto. El consentimiento y la confianza son la base de nuestra filosof\u00eda. Tanto online como offline, mantenemos una pol\u00edtica de tolerancia cero cuando se trata de comportamientos no deseados.<\/p>\r\n<p>Marquee is an exclusive, safe, and elegant community-a place where discretion and pleasure go hand in hand.<\/p>\r\n<p><img decoding=\"async\" title=\"comillas2\" src=\"https:\/\/themarquee.nl\/wp-content\/uploads\/2024\/05\/quotes2.png\" alt=\"quotes2\" width=\"347\" height=\"347\" \/><\/p>\r\n<h4>En Marquee, vestirse para impresionar no es s\u00f3lo una pauta<\/h4>\r\n<p>it&#8217;s an invitation to enchant. Our strict dress code transforms each event into a sophisticated soir\u00e9e where elegance and sensuality intertwine, ensuring every member feels not only valued but celebrated. Step into a world where your attire speaks volumes, and every glance becomes a part of the alluring tapestry of the night.<\/p>","protected":false},"excerpt":{"rendered":"<p>Playground for the Elite WELCOME TO THE MARQUEE COMMUNITY, WHERE OFFLINE EXCLUSIVITY AND ONLINE CONNECTION MERGE. Our community is built on two pillars. On one hand, we have created a network for the open-minded elite across the globe. Here, you can craft a personal profile, share details about yourself or your partner, and express your&hellip;<\/p>","protected":false},"author":1,"featured_media":0,"parent":0,"menu_order":0,"comment_status":"closed","ping_status":"closed","template":"","meta":{"_acf_changed":false,"inline_featured_image":false,"footnotes":""},"class_list":["post-3265","page","type-page","status-publish","hentry"],"acf":[],"_links":{"self":[{"href":"https:\/\/themarquee.nl\/es\/wp-json\/wp\/v2\/pages\/3265","targetHints":{"allow":["GET"]}}],"collection":[{"href":"https:\/\/themarquee.nl\/es\/wp-json\/wp\/v2\/pages"}],"about":[{"href":"https:\/\/themarquee.nl\/es\/wp-json\/wp\/v2\/types\/page"}],"author":[{"embeddable":true,"href":"https:\/\/themarquee.nl\/es\/wp-json\/wp\/v2\/users\/1"}],"replies":[{"embeddable":true,"href":"https:\/\/themarquee.nl\/es\/wp-json\/wp\/v2\/comments?post=3265"}],"version-history":[{"count":12,"href":"https:\/\/themarquee.nl\/es\/wp-json\/wp\/v2\/pages\/3265\/revisions"}],"predecessor-version":[{"id":3652,"href":"https:\/\/themarquee.nl\/es\/wp-json\/wp\/v2\/pages\/3265\/revisions\/3652"}],"wp:attachment":[{"href":"https:\/\/themarquee.nl\/es\/wp-json\/wp\/v2\/media?parent=3265"}],"curies":[{"name":"wp","href":"https:\/\/api.w.org\/{rel}","templated":true}]}}