{"id":3263,"date":"2024-05-24T11:36:36","date_gmt":"2024-05-24T09:36:36","guid":{"rendered":"https:\/\/staging.themarquee.nl\/?page_id=3263"},"modified":"2025-09-06T12:09:39","modified_gmt":"2025-09-06T10:09:39","slug":"the-process","status":"publish","type":"page","link":"https:\/\/themarquee.nl\/es\/the-process\/","title":{"rendered":"El proceso"},"content":{"rendered":"<p>Primer paso<\/p>\r\n<h2>Iniciar su solicitud<\/h2>\r\n<p>Experimente el encanto del anonimato absoluto en The Marquee, donde el misterio se une al deseo en un reino de pasi\u00f3n desenfrenada. Especializados en la creaci\u00f3n de fiestas er\u00f3ticas que no s\u00f3lo son sensuales y excitantes, sino que tambi\u00e9n mantienen el m\u00e1s alto grado de anonimato.<\/p>\r\n<p><strong>Su privacidad, nuestra prioridad: Nada de fotos ni v\u00eddeos en nuestros eventos exclusivos<\/strong><\/p>\r\n<p>At The Marquee, we value the privacy and discretion of our guests above all. We believe that the magic of our exclusive parties lies in living the moment, not capturing it. That&#8217;s why we enforce a strict &#8216;no photos and videos&#8217; policy during our events-no exceptions, no memories caught on tape.<\/p>\r\n<p><strong>Los tel\u00e9fonos est\u00e1n prohibidos<\/strong><br \/>Para garantizar su anonimato, los tel\u00e9fonos m\u00f3viles tambi\u00e9n est\u00e1n prohibidos. <strong>Un entorno sin c\u00e1maras<\/strong><br \/>Entendemos que en esta era digital, capturar momentos se ha convertido en algo natural. Sin embargo, para preservar la integridad y la privacidad de nuestros eventos, no permitimos ninguna forma de fotograf\u00eda o videograf\u00eda. Esto se aplica a todos los dispositivos, incluidos los tel\u00e9fonos m\u00f3viles.<\/p>\r\n<p>Paso 2<\/p>\r\n<h2>El proceso de selecci\u00f3n<\/h2>\r\n<p>Una vez presentada su solicitud, se somete a una evaluaci\u00f3n exhaustiva.<\/p>\r\n<p>Marquee takes pride in its selective process, ensuring that each member fits seamlessly into the community. Applications are assessed based on a blend of subjective and objective criteria, keeping in mind the community&#8217;s overarching goals.<\/p>\r\n<p>Professional status is one of the metrics used to gauge your fit within Marquee. While not the sole deciding factor, it helps in understanding your background and potential contributions to the community&#8217;s diverse tapestry.<\/p>\r\n<p>Su atractivo personal y sus posibles contribuciones tambi\u00e9n desempe\u00f1an un papel crucial. Marquee va m\u00e1s all\u00e1 de los curr\u00edculos y los t\u00edtulos, centr\u00e1ndose en las cualidades inherentes que le convierten en un miembro ideal.<\/p>\r\n<p>Paso 3<\/p>\r\n<h2>Aceptaci\u00f3n o rechazo<\/h2>\r\n<p>Receiving a decision on your application can be an exhilarating or disappointing experience. Here&#8217;s what happens next, regardless of the outcome.<\/p>\r\n<p>If your application is successful, congratulations are in order. You&#8217;ll gain access to Marquee&#8217;s online community, where you can start connecting with fellow members. This is your gateway to exclusive events and adventures.<\/p>\r\n<p>Not every application can be accepted, and it&#8217;s important to understand that rejection doesn&#8217;t reflect your worth. Due to the selective nature of Marquee, not all applicants can be accommodated. However, the opportunity to reapply exists, should your circumstances or motivations change.<\/p>\r\n<p>While Marquee maintains a no-explanation policy for rejections, this isn&#8217;t a reflection of disinterest. Rather, it&#8217;s a standard procedure to ensure privacy and integrity in the review process.<\/p>\r\n<p>Paso 4<\/p>\r\n<h2>Disfrute de nuestros eventos<\/h2>\r\n<p>Cuatro veces al a\u00f1o, nuestros socios Elite se re\u00fanen en eventos exclusivos realmente espectaculares. Cada ocasi\u00f3n cuenta con un tema distintivo, transformando nuestros exquisitos lugares en sofisticados patios de recreo para adultos que ofrecen un servicio inigualable y actuaciones cautivadoras.<\/p>\r\n<p>S\u00f3lo como socio puede acceder a estas extraordinarias experiencias, garantizando que cada evento sea inolvidable. Disfrute del baile, de exquisitas bebidas y de la compa\u00f1\u00eda de personas afines que comparten su pasi\u00f3n por el lujo. Coquetee, seduzca y haga realidad sus deseos.<\/p>\r\n<p>To uphold sophistication and allure, a strict dress code is enforced: gentlemen in sharp tuxedos, and ladies in elegant lingerie and high heels-failure to comply will result in denied entry. These standards are vital to maintaining the enchanting atmosphere our guests expect.<\/p>\r\n<p><img decoding=\"async\" title=\"Cita 4\" src=\"https:\/\/themarquee.nl\/wp-content\/uploads\/2024\/11\/Quote-4.svg\" alt=\"Quote 4\" width=\"0\" height=\"0\" \/><\/p>","protected":false},"excerpt":{"rendered":"<p>Step 1 Initiating Your Application Experience the Enchantment of Complete Anonymity at The Marquee, where mystery meets desire in a realm of unbridled passion. Specializing in creating erotic parties that are not only sensual and exciting but also uphold the highest degree of anonymity. Your Privacy, Our Priority: No Photos or Videos at our Exclusive&hellip;<\/p>","protected":false},"author":1,"featured_media":0,"parent":0,"menu_order":0,"comment_status":"closed","ping_status":"closed","template":"","meta":{"_acf_changed":false,"inline_featured_image":false,"footnotes":""},"class_list":["post-3263","page","type-page","status-publish","hentry"],"acf":[],"_links":{"self":[{"href":"https:\/\/themarquee.nl\/es\/wp-json\/wp\/v2\/pages\/3263","targetHints":{"allow":["GET"]}}],"collection":[{"href":"https:\/\/themarquee.nl\/es\/wp-json\/wp\/v2\/pages"}],"about":[{"href":"https:\/\/themarquee.nl\/es\/wp-json\/wp\/v2\/types\/page"}],"author":[{"embeddable":true,"href":"https:\/\/themarquee.nl\/es\/wp-json\/wp\/v2\/users\/1"}],"replies":[{"embeddable":true,"href":"https:\/\/themarquee.nl\/es\/wp-json\/wp\/v2\/comments?post=3263"}],"version-history":[{"count":12,"href":"https:\/\/themarquee.nl\/es\/wp-json\/wp\/v2\/pages\/3263\/revisions"}],"predecessor-version":[{"id":3649,"href":"https:\/\/themarquee.nl\/es\/wp-json\/wp\/v2\/pages\/3263\/revisions\/3649"}],"wp:attachment":[{"href":"https:\/\/themarquee.nl\/es\/wp-json\/wp\/v2\/media?parent=3263"}],"curies":[{"name":"wp","href":"https:\/\/api.w.org\/{rel}","templated":true}]}}