{"id":2928,"date":"2024-02-06T16:40:42","date_gmt":"2024-02-06T15:40:42","guid":{"rendered":"https:\/\/themarquee.nl\/cookiebeleid-eu\/"},"modified":"2024-11-27T12:21:38","modified_gmt":"2024-11-27T11:21:38","slug":"cookie-policy","status":"publish","type":"page","link":"https:\/\/themarquee.nl\/es\/cookie-policy\/","title":{"rendered":"Pol\u00edtica de cookies"},"content":{"rendered":"<p><strong>Bienvenido a nuestro sitio web<\/strong><\/p>\n<p>Queremos asegurarnos de que tengas la mejor experiencia de usuario, as\u00ed que, como muchos otros en el mundo digital, utilizamos cookies. Pero, \u00bfqu\u00e9 son exactamente estas cookies y por qu\u00e9 son importantes para ambos?<\/p>\n<p><strong>What Does &#8216;Cookies&#8217; Mean?<\/strong><\/p>\n<p>Durante su visita a nuestro sitio, se colocan en su dispositivo unos peque\u00f1os archivos llamados cookies. Estas cookies desempe\u00f1an un papel crucial en funciones como recordar sus preferencias y hacer un seguimiento de los art\u00edculos de su cesta de la compra.<\/p>\n<p><strong>La finalidad de las cookies<\/strong><\/p>\n<p>Las cookies tienen m\u00faltiples prop\u00f3sitos. No s\u00f3lo gestionan importantes aspectos t\u00e9cnicos de nuestros servicios, sino que tambi\u00e9n nos permiten ofrecerle una experiencia personalizada. Nos gu\u00edan silenciosamente mediante el seguimiento de sus interacciones con nuestro sitio, ayud\u00e1ndonos a mejorar constantemente.<\/p>\n<p><strong>Gesti\u00f3n de sus cookies<\/strong><\/p>\n<p>You have control over your cookies. It&#8217;s easy to adjust settings: configure your browser to receive warnings before storing cookies or choose to refuse them altogether. However, please note that opting out may result in a less convenient browsing experience on our website.<\/p>\n<p>By continuing to use our website, you consent to the use of cookies as described. If you have any questions about our cookie policy, don&#8217;t hesitate to contact us.<\/p>\n<p><strong>Gracias por su atenci\u00f3n y disfrute de todo lo que le ofrece nuestro sitio web.<\/strong><\/p>","protected":false},"excerpt":{"rendered":"<p>Welcome to our website! We want to ensure you have the best user experience, so like many others in the digital world, we use cookies. But what exactly are these cookies and why do they matter to both of us? What Does &#8216;Cookies&#8217; Mean? During your visit to our site, small files called cookies are&hellip;<\/p>","protected":false},"author":1,"featured_media":0,"parent":0,"menu_order":102,"comment_status":"closed","ping_status":"closed","template":"","meta":{"_acf_changed":false,"inline_featured_image":false,"footnotes":""},"class_list":["post-2928","page","type-page","status-publish","hentry"],"acf":[],"_links":{"self":[{"href":"https:\/\/themarquee.nl\/es\/wp-json\/wp\/v2\/pages\/2928","targetHints":{"allow":["GET"]}}],"collection":[{"href":"https:\/\/themarquee.nl\/es\/wp-json\/wp\/v2\/pages"}],"about":[{"href":"https:\/\/themarquee.nl\/es\/wp-json\/wp\/v2\/types\/page"}],"author":[{"embeddable":true,"href":"https:\/\/themarquee.nl\/es\/wp-json\/wp\/v2\/users\/1"}],"replies":[{"embeddable":true,"href":"https:\/\/themarquee.nl\/es\/wp-json\/wp\/v2\/comments?post=2928"}],"version-history":[{"count":11,"href":"https:\/\/themarquee.nl\/es\/wp-json\/wp\/v2\/pages\/2928\/revisions"}],"predecessor-version":[{"id":3541,"href":"https:\/\/themarquee.nl\/es\/wp-json\/wp\/v2\/pages\/2928\/revisions\/3541"}],"wp:attachment":[{"href":"https:\/\/themarquee.nl\/es\/wp-json\/wp\/v2\/media?parent=2928"}],"curies":[{"name":"wp","href":"https:\/\/api.w.org\/{rel}","templated":true}]}}