{"id":2575,"date":"2023-08-02T20:20:37","date_gmt":"2023-08-02T18:20:37","guid":{"rendered":"https:\/\/www.themarquee.nl\/?page_id=2575"},"modified":"2025-09-06T12:24:36","modified_gmt":"2025-09-06T10:24:36","slug":"events","status":"publish","type":"page","link":"https:\/\/themarquee.nl\/es\/events\/","title":{"rendered":"Eventos"},"content":{"rendered":"<h2>M\u00e1s all\u00e1 de su imaginaci\u00f3n<\/h2>\r\n<p>\u00c9lite de personas afines<\/p>\r\n<p>Cuatro veces al a\u00f1o, nuestros socios se re\u00fanen en eventos exclusivos realmente espectaculares. Cada edici\u00f3n cuenta con un tema \u00fanico, transformando nuestros impresionantes locales en sofisticados patios de recreo para adultos, ofreciendo un servicio inigualable y actuaciones cautivadoras.<\/p>\r\n<p>S\u00f3lo como socio puede acceder a estas extraordinarias experiencias, garantizando que cada reuni\u00f3n sea inolvidable. Disfrute del baile, de exquisitas bebidas y de la compa\u00f1\u00eda de personas afines que comparten su pasi\u00f3n por el lujo. Coquetee, seduzca y haga realidad sus deseos.<\/p>\r\n<p>Para mantener el refinamiento y el encanto de nuestros eventos, mantenemos un <strong>c\u00f3digo de vestimenta estricto<\/strong>:<\/p>\r\n<ul>\r\n<li><strong>Caballeros<\/strong>: Elegantemente vestido con un esmoquin perfectamente entallado<\/li>\r\n<li><strong>Se\u00f1oras<\/strong>: Gracefully adornado en lencer\u00eda de lujo y tacones altos<\/li>\r\n<\/ul>\r\n<p>Se denegar\u00e1 la entrada a quienes no respeten este c\u00f3digo de vestimenta. Estas normas son vitales para preservar el ambiente encantador que esperan nuestros hu\u00e9spedes.<\/p>\r\n<p>En <strong>Marquee Lujo Events<\/strong>La exclusividad y la discreci\u00f3n son primordiales. No compartimos im\u00e1genes ni v\u00eddeos en plataformas p\u00fablicas para salvaguardar la privacidad y la intimidad de nuestros encuentros. En cambio, ofrecemos la oportunidad de participar en sesiones de fotos profesionales en zonas designadas durante nuestros eventos cuidadosamente seleccionados.<\/p>\r\n<ul>\r\n<li><strong>Montajes fotogr\u00e1ficos tem\u00e1ticos<\/strong> est\u00e1n dise\u00f1ados para capturar momentos especiales<\/li>\r\n<li><strong>Las fotos se pueden imprimir in situ<\/strong> o recibido digitalmente por correo electr\u00f3nico despu\u00e9s del acto<\/li>\r\n<li><strong>Los miembros son libres de utilizar sus im\u00e1genes como deseen<\/strong>aunque animamos a preservar la esencia \u00fanica de Marquee dentro de nuestra exclusiva comunidad.<\/li>\r\n<\/ul>\r\n<p>\u00danete al <strong>C\u00edrculo Marquee<\/strong>donde se celebran el estilo, el lujo y la tentaci\u00f3n. Nuestros eventos ofrecen un santuario para que las mujeres abracen a su diosa interior, expresen su feminidad y confianza, e irradien su encanto y poder.<\/p>\r\n<p><a href=\"https:\/\/themarquee.nl\/es\/membership\/\" target=\"_self\"> Solicite su afiliaci\u00f3n <\/a> <img decoding=\"async\" title=\"comillas2\" src=\"https:\/\/themarquee.nl\/wp-content\/uploads\/2024\/05\/quotes2.png\" alt=\"quotes2\" width=\"347\" height=\"347\" \/><\/p>\r\n<h4>Entre en un mundo que va m\u00e1s all\u00e1 de su imaginaci\u00f3n en Marquee, donde cada evento exclusivo es una clase magistral de lujo y encanto.<\/h4>\r\n<p>Con temas cautivadores y entornos exquisitos, nuestras reuniones le invitan a bailar, coquetear y disfrutar de experiencias inolvidables junto a otros conocedores de la sofisticaci\u00f3n. Aqu\u00ed, cada momento es una celebraci\u00f3n del deseo, y cada detalle est\u00e1 dise\u00f1ado para honrar su viaje hacia la elegancia y el encanto.<\/p>","protected":false},"excerpt":{"rendered":"<p>Beyond your wildest imagination Elite of like-minded people Four times a year, our members gather for exclusive events that are truly spectacular. Each edition boasts a unique theme, transforming our breathtaking venues into sophisticated playgrounds for adults, offering unparalleled service and captivating performances. Only as a member can you access these extraordinary experiences, ensuring each&hellip;<\/p>","protected":false},"author":1,"featured_media":0,"parent":0,"menu_order":0,"comment_status":"closed","ping_status":"closed","template":"","meta":{"_acf_changed":false,"inline_featured_image":false,"footnotes":""},"class_list":["post-2575","page","type-page","status-publish","hentry"],"acf":[],"_links":{"self":[{"href":"https:\/\/themarquee.nl\/es\/wp-json\/wp\/v2\/pages\/2575","targetHints":{"allow":["GET"]}}],"collection":[{"href":"https:\/\/themarquee.nl\/es\/wp-json\/wp\/v2\/pages"}],"about":[{"href":"https:\/\/themarquee.nl\/es\/wp-json\/wp\/v2\/types\/page"}],"author":[{"embeddable":true,"href":"https:\/\/themarquee.nl\/es\/wp-json\/wp\/v2\/users\/1"}],"replies":[{"embeddable":true,"href":"https:\/\/themarquee.nl\/es\/wp-json\/wp\/v2\/comments?post=2575"}],"version-history":[{"count":20,"href":"https:\/\/themarquee.nl\/es\/wp-json\/wp\/v2\/pages\/2575\/revisions"}],"predecessor-version":[{"id":3658,"href":"https:\/\/themarquee.nl\/es\/wp-json\/wp\/v2\/pages\/2575\/revisions\/3658"}],"wp:attachment":[{"href":"https:\/\/themarquee.nl\/es\/wp-json\/wp\/v2\/media?parent=2575"}],"curies":[{"name":"wp","href":"https:\/\/api.w.org\/{rel}","templated":true}]}}