{"id":2561,"date":"2023-08-02T10:05:29","date_gmt":"2023-08-02T08:05:29","guid":{"rendered":"https:\/\/www.themarquee.nl\/?page_id=2561"},"modified":"2026-03-25T13:43:41","modified_gmt":"2026-03-25T12:43:41","slug":"home","status":"publish","type":"page","link":"https:\/\/themarquee.nl\/es\/","title":{"rendered":"Inicio"},"content":{"rendered":"<figure data-animation-delay=\"0\" data-animation-duration=\"1\" itemscope itemtype=\"https:\/\/schema.org\/ImageObject\">\n\t\t\t\t<img decoding=\"async\" src=\"https:\/\/themarquee.nl\/wp-content\/uploads\/2024\/01\/Logo-compleet-goud-grunge.svg\" alt=\"Logo compleet goud-grunge\" height=\"0\" width=\"0\" title=\"Logotipo completo goud-grunge\" onerror=\"this.style.display='none'\" loading=\"lazy\" \/>\n\t<\/figure>\n<figure data-animation-delay=\"1\" data-animation-duration=\"1\" itemscope itemtype=\"https:\/\/schema.org\/ImageObject\">\n\t\t\t\t<img decoding=\"async\" src=\"https:\/\/themarquee.nl\/wp-content\/uploads\/2024\/01\/Tekst-goud.svg\" alt=\"Tekst goud\" height=\"0\" width=\"0\" title=\"Tekst goud\" onerror=\"this.style.display='none'\" loading=\"lazy\" \/>\n\t<\/figure>\n<figure data-animation-delay=\"4\" data-animation-duration=\"1\" itemscope itemtype=\"https:\/\/schema.org\/ImageObject\">\n\t\t\t\t<img decoding=\"async\" src=\"https:\/\/themarquee.nl\/wp-content\/uploads\/2024\/01\/Scroll-Down-white.gif\" alt=\"Scroll-Down-white\" height=\"600\" width=\"800\" title=\"Despl\u00e1cese hacia abajo en blanco\" onerror=\"this.style.display='none'\" loading=\"lazy\" \/>\n\t<\/figure>\n<h2>\n\t\t\tSu pr\u00f3xima aventura le espera\t<\/h2>\n\t<iframe allowfullscreen allow=\"autoplay\" data-src=\"https:\/\/player.vimeo.com\/video\/1047404690?color=ac9577&amp;autopause=0&amp;loop=0&amp;muted=0&amp;title=0&amp;portrait=0&amp;byline=0&amp;h\"><\/iframe>\t\t\n\t\t\t\t\tReproducir v\u00eddeo\n<h1>\n\t\t\tSomos Marquee\t<\/h1>\n\t<p>Bienvenido a Marquee, una comunidad exclusiva dedicada a los corazones aventureros, los esp\u00edritus libres y las almas seguras de s\u00ed mismas. Aqu\u00ed invitamos a parejas de \u00e9xito y solteras de mente abierta que est\u00e1n en armon\u00eda con su sensualidad a conectar, flirtear y explorar sus deseos.<\/p>\n<p>Ser miembro de Marquee es un privilegio, una marca de distinci\u00f3n que s\u00f3lo se concede a quienes pueden mejorar nuestra vibrante comunidad. Nuestros miembros son elegidos en funci\u00f3n de su atractivo, su situaci\u00f3n profesional y sus posibles contribuciones a la comunidad de Marquee. Creemos en la calidad por encima de la cantidad, garantizando la experiencia Marquee.<\/p>\n\t\t\t<a href=\"https:\/\/themarquee.nl\/es\/about-marquee\/\"  target=\"_self\">\n\t\t\t\t\t\t\tAcerca de Marquee\n\t\t\t\t\t<\/a>\n<figure itemscope itemtype=\"https:\/\/schema.org\/ImageObject\">\n\t\t\t\t<img decoding=\"async\" src=\"https:\/\/themarquee.nl\/wp-content\/uploads\/2024\/05\/quotes2.png\" alt=\"quotes2\" height=\"347\" width=\"347\" title=\"comillas2\" onerror=\"this.style.display='none'\" loading=\"lazy\" \/>\n\t<\/figure>\n<h2>\n\t\t\tEntre en Marquee, donde lo atrevido y lo bello convergen en una celebraci\u00f3n de los mejores placeres de la vida.\t<\/h2>\n\t<p>Nuestra exclusiva comunidad invita a las almas aventureras a conectar, explorar y abrazar sus deseos en un ambiente de sofisticaci\u00f3n y encanto. Aqu\u00ed, cada momento es un tesoro privado, creado para aquellos que entienden que el verdadero lujo reside en las experiencias inolvidables compartidas entre esp\u00edritus afines.<\/p>\n<h2>\n\t\t\tEl proceso\t<\/h2>\n\t\t<ul>\n\t\t\t\t\t<li>\n\t\t\t\t<h3>01<\/h3>\n\t\t<p><strong>Solicite su afiliaci\u00f3n<\/strong>Solicite formar parte de nuestra exclusiva comunidad.<\/p>\t\t\t\n\t\t\t<\/li>\n\t\t\t\t\t<li>\n\t\t\t\t<h3>02<\/h3>\n\t\t<p><strong>Solicitar acceso<\/strong><\/p>\n<p>Nuestro equipo revisar\u00e1 sus solicitudes para garantizar un ajuste perfecto.<\/p>\n\t\t\t<\/li>\n\t\t\t\t\t<li>\n\t\t\t\t<h3>03<\/h3>\n\t\t<p><strong>Y que tu motivaci\u00f3n despierte nuestro inter\u00e9s<\/strong>Una vez seleccionado, acceder\u00e1 a nuestra plataforma en l\u00ednea.<\/p>\t\t\t\n\t\t\t<\/li>\n\t\t\t\t\t<li>\n\t\t\t\t<h3>04<\/h3>\n\t\t<p><strong>Disfrute de nuestros eventos (s\u00f3lo \u00e9lite)<\/strong>\u00danase a nosotros en eventos inolvidables llenos de diversi\u00f3n, conexi\u00f3n y emoci\u00f3n. \u00a1No se lo pierda!<\/p>\t\t\t\n\t\t\t<\/li>\n\t\t\t\t<\/ul>\n\t\t\t<a href=\"https:\/\/themarquee.nl\/es\/the-process\/\"  target=\"_self\">\n\t\t\t\t\t\t\tEl proceso completo\n\t\t\t\t\t<\/a>\n\t\t\t<a href=\"https:\/\/themarquee.nl\/es\/membership\/\"  target=\"_self\">\n\t\t\t\t\t\t\tSolicite su afiliaci\u00f3n\n\t\t\t\t\t<\/a>\n<h2>\n\t\t\tEl encanto de Marquee\t<\/h2>\n\t<p>Marquee se cre\u00f3 como un santuario para quienes buscan elegancia, intimidad y la emoci\u00f3n de una sensualidad sofisticada. En un mundo en el que la discreci\u00f3n y la autenticidad son escasas, Marquee ofrece un refugio exclusivo para parejas y mujeres seguras de s\u00ed mismas en el que explorar deseos, compartir conexiones y deleitarse con el encanto de lo desconocido. Aqu\u00ed cobran vida los placeres m\u00e1s exquisitos de la vida: momentos artesanales de seducci\u00f3n, belleza y aventura. Marquee no es s\u00f3lo una escapada; es un viaje a un mundo donde los l\u00edmites se disuelven, la sofisticaci\u00f3n se une a la intriga y cada encuentro invita a abrazar el arte de vivir con audacia, belleza y pasi\u00f3n.<\/p>\n<h4>\n\t\t\tPrivacidad\t<\/h4>\n\t<p>En Marquee, la privacidad es primordial. Nuestra pol\u00edtica de no hacer fotos y los acuerdos de confidencialidad garantizan que cada momento sea \u00edntimo y no se comparta, lo que le permite sumergirse plenamente en la experiencia.<\/p>\n\t\t\t<a href=\"https:\/\/themarquee.nl\/es\/privacy\/\"  target=\"_self\">\n\t\t\t\t\t\t\tSeguir leyendo\n\t\t\t\t\t<\/a>\n<h4>\n\t\t\tAfiliaci\u00f3n\t<\/h4>\n\t<p>Unirse a Marquee es un privilegio. Nuestro proceso selectivo crea una comunidad exclusiva de personas con ideas afines dispuestas a conectar, explorar y disfrutar en un entorno refinado y respetuoso.<\/p>\n\t\t\t<a href=\"https:\/\/themarquee.nl\/es\/membership\/\"  target=\"_self\">\n\t\t\t\t\t\t\tSeguir leyendo\n\t\t\t\t\t<\/a>\n<h4>\n\t\t\tC\u00f3digo de vestimenta\t<\/h4>\n\t<p>La sofisticaci\u00f3n y el encanto son esenciales. Se espera a los hombres de esmoquin y a las mujeres con lencer\u00eda elegante inspirada en el tema, preparando el escenario para una velada inolvidable y lujosa.<\/p>\n\t\t\t<a href=\"https:\/\/themarquee.nl\/es\/dresscode\/\"  target=\"_self\">\n\t\t\t\t\t\t\tSeguir leyendo\n\t\t\t\t\t<\/a>\n<h2>\n\t\t\tComunidad\t<\/h2>\n\t\t\t\t\t\t<h4>Consentimiento, respeto y elegancia<\/h4>\t\t\t\t\t\n\t\t\t\t\t\t<h4>La privacidad como valor fundamental<\/h4>\t\t\t\t\t\n\t\t\t\t\t\t<h4>Perfiles y conexiones personalizados<\/h4>\t\t\t\t\t\n\t\t\t\t\t\t<h4>Comunidad exclusiva de personas de mentalidad abierta<\/h4>\t\t\t\t\t\n\t\t\t\t\t\t<h4>Eventos inolvidables con una discreci\u00f3n inigualable<\/h4>\t\t\t\t\t\n\t\t\t<a href=\"https:\/\/themarquee.nl\/es\/community\/\"  target=\"_self\">\n\t\t\t\t\t\t\tM\u00e1s informaci\u00f3n sobre la comunidad\n\t\t\t\t\t<\/a>\n<h2>\n\t\t\tEventos\t<\/h2>\n\t<p>Cuatro veces al a\u00f1o, nuestros socios Elite se re\u00fanen en eventos exclusivos realmente espectaculares. Cada evento cuenta con un tema distintivo, transformando nuestros exquisitos lugares en sofisticados patios de recreo para adultos con un servicio inigualable y actuaciones cautivadoras.<\/p>\n<p>S\u00f3lo como socio Elite puede adquirir entradas para estas extraordinarias experiencias, garantizando que cada evento sea inolvidable. Disfrute del baile, de exquisitas bebidas y de la compa\u00f1\u00eda de personas afines que comparten su pasi\u00f3n por el lujo. Coquetee, seduzca y haga realidad sus deseos.<\/p>\n\t\t\t<a href=\"https:\/\/themarquee.nl\/es\/events\/\"  target=\"_self\">\n\t\t\t\t\t\t\tSeguir leyendo\n\t\t\t\t\t<\/a>\n<h2>\n\t\t\tVivir el momento\t<\/h2>\n\t<p>En una \u00e9poca en la que cada momento parece ser capturado, compartido y gustado en las redes sociales, Marquee se atreve a seguir un camino diferente. Creemos en el poder de vivir el momento.<\/p>\n<p>En \u2018Marquee\u2019 hemos tomado la decisi\u00f3n consciente de alejarnos de las redes sociales. Nuestros eventos no se fotograf\u00edan, no se graban y, lo m\u00e1s importante, son inolvidables. Esta \u00e9tica se deriva de nuestro compromiso con la privacidad y la discreci\u00f3n. Entendemos que el verdadero valor de una experiencia reside en su significado personal, no en su exhibici\u00f3n p\u00fablica.<\/p>\n\t\t\t<a href=\"https:\/\/themarquee.nl\/es\/social-media\/\"  target=\"_self\">\n\t\t\t\t\t\t\tSeguir leyendo\n\t\t\t\t\t<\/a>","protected":false},"excerpt":{"rendered":"<p>Tu Pr\u00f3xima Aventura Te Espera Play Video Somos Marquee Bienvenido a Marquee, un exclusivo community dedicado a los corazones aventureros, los esp\u00edritus libres y las almas seguras de s\u00ed mismas. Aqu\u00ed invitamos a parejas de \u00e9xito y solteras de mente abierta que est\u00e1n en armon\u00eda con su sensualidad a conectar, flirtear y explorar sus deseos. Ser miembro de Marquee es...<\/p>","protected":false},"author":1,"featured_media":2996,"parent":0,"menu_order":-1,"comment_status":"closed","ping_status":"closed","template":"","meta":{"_acf_changed":false,"inline_featured_image":false,"footnotes":""},"class_list":["post-2561","page","type-page","status-publish","has-post-thumbnail","hentry"],"acf":[],"_links":{"self":[{"href":"https:\/\/themarquee.nl\/es\/wp-json\/wp\/v2\/pages\/2561","targetHints":{"allow":["GET"]}}],"collection":[{"href":"https:\/\/themarquee.nl\/es\/wp-json\/wp\/v2\/pages"}],"about":[{"href":"https:\/\/themarquee.nl\/es\/wp-json\/wp\/v2\/types\/page"}],"author":[{"embeddable":true,"href":"https:\/\/themarquee.nl\/es\/wp-json\/wp\/v2\/users\/1"}],"replies":[{"embeddable":true,"href":"https:\/\/themarquee.nl\/es\/wp-json\/wp\/v2\/comments?post=2561"}],"version-history":[{"count":20,"href":"https:\/\/themarquee.nl\/es\/wp-json\/wp\/v2\/pages\/2561\/revisions"}],"predecessor-version":[{"id":3668,"href":"https:\/\/themarquee.nl\/es\/wp-json\/wp\/v2\/pages\/2561\/revisions\/3668"}],"wp:featuredmedia":[{"embeddable":true,"href":"https:\/\/themarquee.nl\/es\/wp-json\/wp\/v2\/media\/2996"}],"wp:attachment":[{"href":"https:\/\/themarquee.nl\/es\/wp-json\/wp\/v2\/media?parent=2561"}],"curies":[{"name":"wp","href":"https:\/\/api.w.org\/{rel}","templated":true}]}}