{"id":2103,"date":"2019-12-11T10:08:12","date_gmt":"2019-12-11T09:08:12","guid":{"rendered":"https:\/\/demo.justiin.nl\/?page_id=2103"},"modified":"2025-03-19T10:12:34","modified_gmt":"2025-03-19T09:12:34","slug":"terms-and-conditions","status":"publish","type":"page","link":"https:\/\/themarquee.nl\/es\/terms-and-conditions\/","title":{"rendered":"Condiciones generales"},"content":{"rendered":"<strong>\u00bfQu\u00e9 hacemos?<br \/>\n<\/strong>The Marquee ofrece una plataforma de citas en l\u00ednea exclusiva y privada para hombres y mujeres, con citas tanto gratuitas como beta. Adem\u00e1s, organizamos peri\u00f3dicamente eventos exclusivos para nuestros clientes.\n<p>&nbsp;<\/p>\n<strong>Lidmaatschap<br \/>\n<\/strong>Je kunt een lidmaatschapsaanvraag indienen via het formulier op onze website. Nos pondremos en contacto con usted por correo electr\u00f3nico en un plazo de 14 d\u00edas. Si lo desea, puede enviarnos un correo electr\u00f3nico de confirmaci\u00f3n:\n<p>tiene m\u00e1s de 23 a\u00f1os y est\u00e1 jur\u00eddicamente obligada a firmar un contrato;<\/p>\n<p>Si lo desea, puede registrarse en nuestro sitio web;<\/p>\n<p>informaci\u00f3n aut\u00e9ntica, precisa y completa que no induce a error;<\/p>\n<p>niet geregistreerd bent als zedendelinquent;<\/p>\n<p>no se considerar\u00e1n actos il\u00edcitos, fraudulentos, ilegales, intimidatorios, acechantes, terroristas o peligrosos.<\/p>\n<p>&nbsp;<\/p>\n<p>El env\u00edo de un mensaje no significa que hayas sido seleccionado autom\u00e1ticamente como nuevo usuario. Disponemos de una amplia gama de nuevas tapas. The Marquee le ofrece la posibilidad de elegir entre una gran variedad de opciones para elegir en cualquier momento. Los datos de los solicitantes de visado se aceptar\u00e1n directamente. Lidmaatschap kan worden ingetrokken al je je niet houdt aan ons beleid en\/of gedragsregels.<\/p>\n<p>Je mag geen meerdere accounts aanmaken.<\/p>\n<p>&nbsp;<\/p>\n<strong>Distancia m\u00ednima<br \/>\n<\/strong>Voor een lidmaatschapsaanvraag moet je minimaal 23 jaar oud zijn. Las solicitudes de personas mayores de 23 a\u00f1os se aceptar\u00e1n directamente.\n<p>&nbsp;<\/p>\n<p>&nbsp;<\/p>\n<p>&nbsp;<\/p>\n<strong>PERFIL<br \/>\n<\/strong>Verificatie van lidmaatschap en verwijdering van nep-profielen:\n<p>En The Marquee nos comprometemos a verificar la identidad de nuestros clientes. Si tenemos constancia de que se trata de un perfil, nos reservamos el derecho de modificar dicho perfil y ofrecerle acceso a todos los eventos de The Marquee. Tenga en cuenta que en este caso no se devolver\u00e1 el importe de la tasa de inscripci\u00f3n.<\/p>\n<p>&nbsp;<\/p>\n<strong>HERROEPINGSRECHT<br \/>\n<\/strong>Opzegging van het lidmaatschap:\n<p>Cuando reciba un correo electr\u00f3nico de The Marquee, su cuenta se activar\u00e1. A partir de ese d\u00eda, tiene derecho a recibir su tarjeta de cr\u00e9dito sin cargo alguno, adem\u00e1s de los gastos de gesti\u00f3n. Un cr\u00e9dito completo de la deuda betaalde est\u00e1 disponible.<\/p>\n<p>Si desea hacer uso de su derecho de protecci\u00f3n de la salud, debe rellenar el formulario de protecci\u00f3n de la salud adecuado y enviarlo inmediatamente a info@TheMarquee.nl.<\/p>\n<p>D\u00e9jalo: Als u v\u00f3\u00f3r het einde van de opzegtermijn inlogt op uw account en gebruik maakt van onze diensten, wordt dit beschouwd als een uitdrukkelijk verzoek om onmiddellijke toegang tot de diensten, waarvoor betaling verschuldigd is.<\/p>\n<p>&nbsp;<\/p>\n<strong>BERICHTEN<br \/>\n<\/strong>Opciones de comunicaci\u00f3n:\n<p>Si desea utilizar los servicios de The Marquee, le recordamos que podemos enviarle informaci\u00f3n sobre su cuenta o nuestros servicios. Puede enviar estos mensajes directamente a trav\u00e9s de nuestra plataforma en l\u00ednea o por correo electr\u00f3nico a su cuenta. Para controlar el tipo de noticias que quieres recibir de The Marquee, accede a tu cuenta en nuestra plataforma interactiva.<\/p>\n<p>&nbsp;<\/p>\n<strong>EVENEMENTEN<br \/>\n<\/strong>Entradas para eventos:\n<p>Los socios de The Marquee tienen la posibilidad de comprar entradas (sin cargo adicional) para los eventos organizados por The Marquee o sus socios. Con el c\u00f3digo \u00fanico y personal que aparece en la tapa, puede comprar entradas.<\/p>\n<p>Notif\u00edquelo: Las entradas no se pueden canjear por otras.<\/p>\n<p>Por favor, tenga en cuenta que no podemos garantizar la asistencia de los usuarios a los eventos ni el acceso a los mismos durante un periodo de tiempo prolongado.<\/p>\n<p>Voor de aangeboden evenementen gelden specifieke voorwaarden, die beschikbaar zijn op de pagina&#8217;s waarin de evenementen of activiteiten worden beschreven.<\/p>\n<p>&nbsp;<\/p>\n<p>&nbsp;<\/p>\n<strong>COMPRA DE ENTRADAS<br \/>\n<\/strong>Beleid: No se admiten devoluciones.\n<p>Si dispone de una entrada pero no desea asistir al evento, puede canjearla por un vale. Los c\u00f3digos de los vales se enviar\u00e1n por correo y se podr\u00e1n utilizar para realizar compras adicionales en nuestra tienda de entradas.<\/p>\n<p>&nbsp;<\/p>\n<p>Kredietpercentage van de ticketwaarde bij annulering van het evenement:<\/p>\n<p>Anulaci\u00f3n antes de 14 d\u00edas del evento: 90%<\/p>\n<p>Anulaci\u00f3n entre 7 y 14 d\u00edas antes del evento: 75%<\/p>\n<p>Anulaci\u00f3n dentro de los 7 d\u00edas siguientes al evento: 50%<\/p>\n<p>Anulaci\u00f3n en el d\u00eda del evento: 0%<\/p>\n<p>&nbsp;<\/p>\n<p>Kredietpercentage van de hotelwaarde bij annulering:<\/p>\n<p>Anulaci\u00f3n antes de 14 d\u00edas del evento: 90%<\/p>\n<p>Anulaci\u00f3n entre 7 y 14 d\u00edas antes del evento: 75%<\/p>\n<p>Anulaci\u00f3n entre 3 y 7 d\u00edas antes del evento: 50%<\/p>\n<p>Anulaci\u00f3n dentro de 3 d\u00edas para el evento: 0%<\/p>\n<p>&nbsp;<\/p>\n<p>D\u00e9jalo: No hay ninguna restricci\u00f3n al respecto. Deze voucherregeling geldt voor alle kaartkopers, ongeacht de reden van annulering.<\/p>\n<p>&nbsp;<\/p>\n<strong>OPSCHORTING EN BE\u00cbINDIGING VAN HET LIDMAATSCHAP<br \/>\n<\/strong>Si un usuario no dispone de m\u00e1s informaci\u00f3n o no desea que su perfil sea visible para otros usuarios, puede solicitar en cualquier momento la actualizaci\u00f3n de su perfil. Esta operaci\u00f3n es delicada y la tapa puede activar en cualquier momento su sistema de cierre.\n<p>Een lid kan zijn lidmaatschap op ieder moment be\u00ebindigen. Eventuele betaalde kosten kunnen helaas niet worden gerestitueerd.<\/p>\n<p>Para cualquier consulta o duda, p\u00f3ngase en contacto con The Marquee a trav\u00e9s de las siguientes direcciones de correo electr\u00f3nico: <a href=\"mailto:info@TheMarquee.nl\">info@TheMarquee.nl<\/a><\/p>\n<p>&nbsp;<\/p>\n<p>&nbsp;<\/p>\n<p>&nbsp;<\/p>\n<p>&nbsp;<\/p>\n<p>&nbsp;<\/p>\n<strong>PROTECCI\u00d3N DE DATOS PERSONALES\/PRIVACIDAD<br \/>\n<\/strong>The Marquee no acepta derechos de propiedad intelectual y se acoge a la Algemene Verordening Gegevensbescherming.\n<p>Nuestra pol\u00edtica de privacidad respeta todos los datos personales que recopilamos.<\/p>\n<p>&nbsp;<\/p>\n<strong>KOSTEN<br \/>\n<\/strong>Como usuario, est\u00e1s obligado a pagar los costes de uso de nuestro sitio web. Los precios y tarifas est\u00e1n disponibles en nuestro sitio web y pueden cambiar en cualquier momento.\n<p>&nbsp;<\/p>\n<strong>BETROUWBAARHEID<br \/>\n<\/strong>La Marquesina no es responsable del contenido, las actividades o la identidad de nuestros l\u00edderes.\n<p>Los conductores son responsables de la informaci\u00f3n que proporcionan en nuestro sitio web.<\/p>\n<p>No podemos garantizar que los perfiles y la informaci\u00f3n facilitados por los usuarios sean seguros, completos y eficaces. Tampoco podemos garantizar que el uso de esta informaci\u00f3n e informaci\u00f3n en caso de que se produzcan eventos, ni que la informaci\u00f3n proporcionada por los usuarios est\u00e9 protegida por derechos de terceros.<\/p>\n<p>&nbsp;<\/p>\n<strong>VEILIGHEID<br \/>\n<\/strong>Como l\u00edder de The Marquee, te ayudaremos a comunicarnos con otros l\u00edderes, as\u00ed como a comunicarnos con ellos o a comunicarnos personalmente.\n<p>Usted acepta que la divulgaci\u00f3n de informaci\u00f3n personal, confidencial y\/o confidencial (como nombre, direcci\u00f3n, n\u00famero de tel\u00e9fono, datos financieros) puede suponer un riesgo.<\/p>\n<p>&nbsp;<\/p>\n<strong>WIJZIGINGEN<br \/>\n<\/strong>The Marquee se reserva el derecho de cambiar en cualquier momento los productos y precios publicados en su sitio web. Esto tambi\u00e9n se aplica a los vendedores.\n<p>&nbsp;<\/p>\n<strong>DERECHO DE AUTOR (INTELLECTUEEL EIGENDOM)<br \/>\n<\/strong>Todas las im\u00e1genes y textos publicados en el sitio web est\u00e1n protegidos por derechos de autor.\n<p>Por favor, tenga en cuenta que todos los derechos, incluidos los derechos de autor, de marca y otros derechos intelectuales, as\u00ed como los nombres de dominio, el nombre de la p\u00e1gina web y la direcci\u00f3n de correo electr\u00f3nico, se encuentran en The Marquee.<\/p>\n<p>Leden die deelnemen aan evenementen van The Marquee stemmen ermee in dat hun foto&#8217;s worden gedeeld door de organisatoren van het evenement op het priv\u00e9 online platform. Leden hebben het recht om te verzoeken om verwijdering van hun foto&#8217;s door een e-mail te sturen naar The Marquee op info@TheMarquee.nl<\/p>\n<p>&nbsp;<\/p>\n<strong>UITSCHRIJVEN<br \/>\n<\/strong>Leden hebben het recht om zich zonder opgave van reden uit te schrijven van de website. Los datos personales que se utilizan en el desarrollo de la actividad de The Marquee se considerar\u00e1n cedidos a quien los solicite.\n<p>&nbsp;<\/p>\n<strong>KLACHTEN<br \/>\n<\/strong>Puede enviarnos sus preguntas, comentarios o sugerencias a trav\u00e9s del formulario de contacto del sitio web.\n<p>The Marquee zal zich inspannen om deze binnen een redelijke termijn te verwerken en passend te reageren.<\/p>\n<p>Los precios no est\u00e1n sujetos a cambios sin previo aviso. La tapa se ha cerrado para cubrir todos los gastos que The Marquee ocasiona como consecuencia de las compras realizadas.<\/p>\n<p>&nbsp;<\/p>\n<p><strong>NIETIGHEID<\/strong><\/p>\n<p>Al \u00e9\u00e9n of meerdere clausules van deze algemene voorwaarden geheel of gedeeltelijk ongeldig, nietig of niet-afdwingbaar zijn, heeft dit geen invloed op de geldigheid en afdwingbaarheid van de andere clausules en bepalingen.<\/p>\n<p>&nbsp;<\/p>\n<p><strong>TOEPASSELIJK RECHT<\/strong><\/p>\n<p>En estos contratos se aplica el derecho holand\u00e9s de transferencia. Los bancos de Amsterdam son los \u00fanicos autorizados para tramitar estos casos.<\/p>","protected":false},"excerpt":{"rendered":"<p>Wat bieden we aan? The Marquee biedt een exclusief en priv\u00e9 online datingplatform voor leden, met zowel gratis als betaalde lidmaatschappen. Bovendien organiseren we regelmatig exclusieve evenementen voor onze leden. &nbsp; Lidmaatschap Je kunt een lidmaatschapsaanvraag indienen via het formulier op onze website. We nemen binnen 14 dagen contact met je op per mail. Door&hellip;<\/p>","protected":false},"author":1,"featured_media":0,"parent":0,"menu_order":100,"comment_status":"closed","ping_status":"closed","template":"","meta":{"_acf_changed":false,"inline_featured_image":false,"footnotes":""},"class_list":["post-2103","page","type-page","status-publish","hentry"],"acf":[],"_links":{"self":[{"href":"https:\/\/themarquee.nl\/es\/wp-json\/wp\/v2\/pages\/2103","targetHints":{"allow":["GET"]}}],"collection":[{"href":"https:\/\/themarquee.nl\/es\/wp-json\/wp\/v2\/pages"}],"about":[{"href":"https:\/\/themarquee.nl\/es\/wp-json\/wp\/v2\/types\/page"}],"author":[{"embeddable":true,"href":"https:\/\/themarquee.nl\/es\/wp-json\/wp\/v2\/users\/1"}],"replies":[{"embeddable":true,"href":"https:\/\/themarquee.nl\/es\/wp-json\/wp\/v2\/comments?post=2103"}],"version-history":[{"count":12,"href":"https:\/\/themarquee.nl\/es\/wp-json\/wp\/v2\/pages\/2103\/revisions"}],"predecessor-version":[{"id":3646,"href":"https:\/\/themarquee.nl\/es\/wp-json\/wp\/v2\/pages\/2103\/revisions\/3646"}],"wp:attachment":[{"href":"https:\/\/themarquee.nl\/es\/wp-json\/wp\/v2\/media?parent=2103"}],"curies":[{"name":"wp","href":"https:\/\/api.w.org\/{rel}","templated":true}]}}