{"id":3625,"date":"2025-02-11T13:50:34","date_gmt":"2025-02-11T12:50:34","guid":{"rendered":"https:\/\/themarquee.nl\/?page_id=3625"},"modified":"2025-09-06T12:22:39","modified_gmt":"2025-09-06T10:22:39","slug":"gold-membership","status":"publish","type":"page","link":"https:\/\/themarquee.nl\/de\/gold-membership\/","title":{"rendered":"Gold-Mitgliedschaft"},"content":{"rendered":"<h2>Gold-Mitgliedschaft<\/h2>\r\n<p>Das exklusive Online-Erlebnis<\/p>\r\n<p>Eine Welt des Luxus, der Diskretion und der Exklusivit\u00e4t<\/p>\r\n<p>Bei Marquee dreht sich alles um die Erfahrung. Als Mitglied unserer Gemeinschaft erhalten Sie Zugang zu einer Welt, in der Raffinesse, Sinnlichkeit und Eleganz miteinander verschmelzen. Die Mitgliedschaft ist jedoch nicht f\u00fcr jedermann zug\u00e4nglich; sie ist ein exklusives Privileg f\u00fcr diejenigen, die unsere Werte und Standards teilen.<br \/>Mit der Wahl zwischen Gold- und Elite-Mitgliedschaft entscheiden Sie, wie tief Sie in die Welt von Marquee eintauchen m\u00f6chten.<\/p>\r\n<p>Die Gold-Mitgliedschaft bei Marquee bietet Ihnen exklusiven Zugang zu unserer privaten Online-Community, in der Eleganz und M\u00f6glichkeiten zusammenkommen. Als Gold-Mitglied werden Sie in einem raffinierten Netzwerk erfolgreicher, aufgeschlossener Paare und selbstbewusster Single-Frauen willkommen gehei\u00dfen, die eine Leidenschaft f\u00fcr Luxus, Raffinesse und bedeutungsvolle Beziehungen teilen.<\/p>\r\n<p>Mit Ihrem pers\u00f6nlichen Online-Goldprofil k\u00f6nnen Sie mit Gleichgesinnten in Kontakt treten, raffinierte Unterhaltungen f\u00fchren und gemeinsame Interessen erkunden. Diese Mitgliedschaft richtet sich an alle, die authentische Beziehungen in einem diskreten und eleganten Rahmen aufbauen m\u00f6chten. Ganz gleich, ob Sie auf der Suche nach anregenden Gespr\u00e4chen sind oder die Chance suchen, eine Online-Verbindung in eine aufregende Begegnung im wirklichen Leben zu verwandeln - die Gold-Mitgliedschaft \u00f6ffnet Ihnen die T\u00fcr zu einer Welt voller M\u00f6glichkeiten und Leidenschaft.<\/p>\r\n<p><strong>Dating f\u00fcr Aufgeschlossene:<\/strong> Marquee&#8217;s Gold Membership is perfect for those eager to explore new dimensions of connection in a respectful and refined environment. It&#8217;s an invitation to meet, flirt, and discover people who share your adventurous spirit.<\/p>\r\n<p>The Gold Membership grants you access to Marquee&#8217;s digital world. This is a network for open-minded, confident individuals and couples looking to surround themselves with like-minded people.<\/p>\r\n<ul>\r\n<li><strong>Zugang zur Online-Community<\/strong> &#8211; Create a personal profile, share your interests, and connect discreetly.<\/li>\r\n<li><strong>Teilen und entdecken<\/strong> &#8211; Participate in conversations, enrich your profile with photos, and share exclusive content within the community.<\/li>\r\n<li><strong>Aufbau von Online-Verbindungen f\u00fcr Begegnungen im wirklichen Leben<\/strong> &#8211; Meet couples and women worldwide who share your interests.<\/li>\r\n<li><strong>Vollst\u00e4ndige Kontrolle der Privatsph\u00e4re<\/strong> &#8211; Decide whether you are visible to others or remain invisible.<\/li>\r\n<\/ul>\r\n<p><em>Bitte beachten:<\/em> Gold members do not have access to Marquee&#8217;s physical events.<\/p>\r\n<h2>Sie haben die Wahl<\/h2>\r\n<p>Ob Sie sich f\u00fcr <strong>Gold<\/strong> f\u00fcr eine exklusive Online-Einf\u00fchrung oder <strong>Elite<\/strong> f\u00fcr ein vollst\u00e4ndiges Eintauchen in die Welt von Marquee werden Sie Teil einer Gemeinschaft, in der Diskretion, Eleganz und Raffinesse zusammenkommen.<\/p>\r\n<p>Die Mitgliedschaft ist nicht garantiert. Jeder Antrag wird sorgf\u00e4ltig gepr\u00fcft, um die Qualit\u00e4t und Exklusivit\u00e4t von Marquee zu gew\u00e4hrleisten.<\/p>\r\n<h3>Treffen Sie Ihre Wahl und entdecken Sie die Welt von Marquee.<\/h3>\r\n<p><a href=\"https:\/\/members.themarquee.nl\/registration\/\" target=\"_blank\" rel=\"noopener\"> Gold-Mitgliedschaft beantragen <\/a> <a href=\"https:\/\/members.themarquee.nl\/registration\/\" target=\"_blank\" rel=\"noopener\"> Antrag auf Elite-Mitgliedschaft <\/a><\/p>","protected":false},"excerpt":{"rendered":"<p>Gold Membership The Exclusive Online Experience A world of luxury, discretion, and exclusivity At Marquee, everything revolves around experience. As a member of our community, you gain access to a world where sophistication, sensuality, and elegance converge. However, membership is not available to everyone; it is an exclusive privilege for those who share our values&hellip;<\/p>","protected":false},"author":1,"featured_media":0,"parent":0,"menu_order":0,"comment_status":"closed","ping_status":"closed","template":"","meta":{"_acf_changed":false,"inline_featured_image":false,"footnotes":""},"class_list":["post-3625","page","type-page","status-publish","hentry"],"acf":[],"_links":{"self":[{"href":"https:\/\/themarquee.nl\/de\/wp-json\/wp\/v2\/pages\/3625","targetHints":{"allow":["GET"]}}],"collection":[{"href":"https:\/\/themarquee.nl\/de\/wp-json\/wp\/v2\/pages"}],"about":[{"href":"https:\/\/themarquee.nl\/de\/wp-json\/wp\/v2\/types\/page"}],"author":[{"embeddable":true,"href":"https:\/\/themarquee.nl\/de\/wp-json\/wp\/v2\/users\/1"}],"replies":[{"embeddable":true,"href":"https:\/\/themarquee.nl\/de\/wp-json\/wp\/v2\/comments?post=3625"}],"version-history":[{"count":5,"href":"https:\/\/themarquee.nl\/de\/wp-json\/wp\/v2\/pages\/3625\/revisions"}],"predecessor-version":[{"id":3656,"href":"https:\/\/themarquee.nl\/de\/wp-json\/wp\/v2\/pages\/3625\/revisions\/3656"}],"wp:attachment":[{"href":"https:\/\/themarquee.nl\/de\/wp-json\/wp\/v2\/media?parent=3625"}],"curies":[{"name":"wp","href":"https:\/\/api.w.org\/{rel}","templated":true}]}}