{"id":3619,"date":"2025-02-11T12:32:46","date_gmt":"2025-02-11T11:32:46","guid":{"rendered":"https:\/\/themarquee.nl\/?page_id=3619"},"modified":"2025-09-06T12:23:50","modified_gmt":"2025-09-06T10:23:50","slug":"elite-membership","status":"publish","type":"page","link":"https:\/\/themarquee.nl\/de\/elite-membership\/","title":{"rendered":"Elite-Mitgliedschaft"},"content":{"rendered":"<h2>Elite-Mitgliedschaft<\/h2>\r\n<p>Das volle Marquee-Erlebnis<\/p>\r\n<p>F\u00fcr diejenigen, die vollst\u00e4ndig in die exklusive Welt von Marquee eintauchen m\u00f6chten, bietet die Elite-Mitgliedschaft das ultimative Tor zu Eleganz, Geheimnis und Raffinesse.<\/p>\r\n<ul>\r\n<li>Access to the online community &#8211; Enjoy all the benefits of the Gold Membership, with additional privileges.<\/li>\r\n<li>Invitations to Marquee events &#8211; Only Elite members have the opportunity to participate in our carefully curated, private events.<\/li>\r\n<li>A personal Elite membership card &#8211; Essential for cashless payments and access to exclusive benefits.<\/li>\r\n<\/ul>\r\n<p><strong>Marquee Events<\/strong><br \/>Viermal im Jahr verwandeln sich unsere exquisiten Veranstaltungsorte in raffinierte Spielpl\u00e4tze f\u00fcr Erwachsene. Elite-Mitglieder genie\u00dfen:<\/p>\r\n<ul>\r\n<li>Einzigartige, geheimnisvolle und sinnliche Themen f\u00fcr jede Ausgabe<\/li>\r\n<li>Exquisite Unterhaltung und fesselnde Auff\u00fchrungen<\/li>\r\n<li>Eine umfangreiche Auswahl an edlen Getr\u00e4nken, Champagner und Cocktailservice<\/li>\r\n<li>VIP-Vorteile, darunter exklusiver Zugang<\/li>\r\n<\/ul>\r\n<p><em>Veranstaltungstickets sind nicht in der Mitgliedschaft enthalten und m\u00fcssen separat erworben werden.<\/em><\/p>\r\n<p><strong>Kleiderordnung &amp; Exklusivit\u00e4t<\/strong><br \/>Um das anspruchsvolle Ambiente von Marquee zu wahren, gilt eine strenge Kleiderordnung:<\/p>\r\n<ul>\r\n<li><strong>Meine Herren:<\/strong> Stilvoll im perfekt geschneiderten Smoking<\/li>\r\n<li><strong>Damen:<\/strong> Elegant in luxuri\u00f6sen Dessous und hochhackigen Schuhen<\/li>\r\n<\/ul>\r\n<p><em>Wer sich nicht an diesen Standard h\u00e4lt, dem wird der Zugang verweigert.<\/em><\/p>\r\n<p><strong>Diskretion und Datenschutz<\/strong><br \/>Der Datenschutz hat bei Marquee oberste Priorit\u00e4t. Deshalb:<\/p>\r\n<ul>\r\n<li><strong>Keine Fotos oder Videos<\/strong> &#8211; Experiences remain personal<\/li>\r\n<li>Ger\u00e4umige Schlie\u00dff\u00e4cher und eine diskrete Garderobe<\/li>\r\n<li>Tadellose Hygiene und Einrichtungen, einschlie\u00dflich luxuri\u00f6ser Erfrischungsprodukte<\/li>\r\n<\/ul>\r\n<p><strong>Zus\u00e4tzliche Privilegien<\/strong><br \/>Elite-Mitglieder erhalten Einladungen zu exklusiven Privatveranstaltungen und genie\u00dfen die VIP-Betreuung durch unsere engagierten Hostessen. <strong>Hotel &amp; Transport<\/strong><br \/>Um das Erlebnis abzurunden, bietet Marquee seinen Elite-Mitgliedern die M\u00f6glichkeit, in einem ausgew\u00e4hlten Marquee-Partnerhotel zu \u00fcbernachten:<\/p>\r\n<ul>\r\n<li>Organisierter Transport zum und vom geheimen Veranstaltungsort<\/li>\r\n<li>Sp\u00e4ter Check-out (sofern verf\u00fcgbar)<\/li>\r\n<li>Optionales Fr\u00fchst\u00fcck nach einer unvergesslichen Nacht<\/li>\r\n<\/ul>\r\n<p><em>Hotelaufenthalte sind nicht in der Mitgliedschaft enthalten und m\u00fcssen je nach Verf\u00fcgbarkeit separat gebucht werden.<\/em><\/p>\r\n<h2>Sie haben die Wahl<\/h2>\r\n<p>Ob Sie sich f\u00fcr Gold entscheiden, um eine exklusive Online-Einf\u00fchrung zu erhalten, oder f\u00fcr Elite, um vollst\u00e4ndig in die Welt von Marquee einzutauchen, Sie werden Teil einer Gemeinschaft, in der Diskretion, Eleganz und Raffinesse zusammenkommen.<\/p>\r\n<p>Die Mitgliedschaft ist nicht garantiert. Jeder Antrag wird sorgf\u00e4ltig gepr\u00fcft, um die Qualit\u00e4t und Exklusivit\u00e4t von Marquee zu gew\u00e4hrleisten.<\/p>\r\n<h3>Treffen Sie Ihre Wahl und entdecken Sie die Welt von Marquee.<\/h3>\r\n<p><a href=\"https:\/\/members.themarquee.nl\/registration\/\" target=\"_blank\" rel=\"noopener\"> Gold-Mitgliedschaft beantragen <\/a> <a href=\"https:\/\/members.themarquee.nl\/registration\/\" target=\"_blank\" rel=\"noopener\"> Antrag auf Elite-Mitgliedschaft <\/a><\/p>","protected":false},"excerpt":{"rendered":"<p>Elite Membership The Full Marquee Experience For those who wish to fully immerse themselves in the exclusive world of Marquee, the Elite Membership offers the ultimate gateway to elegance, mystery, and sophistication. Access to the online community &#8211; Enjoy all the benefits of the Gold Membership, with additional privileges. Invitations to Marquee events &#8211; Only&hellip;<\/p>","protected":false},"author":1,"featured_media":0,"parent":0,"menu_order":0,"comment_status":"closed","ping_status":"closed","template":"","meta":{"_acf_changed":false,"inline_featured_image":false,"footnotes":""},"class_list":["post-3619","page","type-page","status-publish","hentry"],"acf":[],"_links":{"self":[{"href":"https:\/\/themarquee.nl\/de\/wp-json\/wp\/v2\/pages\/3619","targetHints":{"allow":["GET"]}}],"collection":[{"href":"https:\/\/themarquee.nl\/de\/wp-json\/wp\/v2\/pages"}],"about":[{"href":"https:\/\/themarquee.nl\/de\/wp-json\/wp\/v2\/types\/page"}],"author":[{"embeddable":true,"href":"https:\/\/themarquee.nl\/de\/wp-json\/wp\/v2\/users\/1"}],"replies":[{"embeddable":true,"href":"https:\/\/themarquee.nl\/de\/wp-json\/wp\/v2\/comments?post=3619"}],"version-history":[{"count":5,"href":"https:\/\/themarquee.nl\/de\/wp-json\/wp\/v2\/pages\/3619\/revisions"}],"predecessor-version":[{"id":3657,"href":"https:\/\/themarquee.nl\/de\/wp-json\/wp\/v2\/pages\/3619\/revisions\/3657"}],"wp:attachment":[{"href":"https:\/\/themarquee.nl\/de\/wp-json\/wp\/v2\/media?parent=3619"}],"curies":[{"name":"wp","href":"https:\/\/api.w.org\/{rel}","templated":true}]}}