{"id":3423,"date":"2024-11-20T20:32:21","date_gmt":"2024-11-20T19:32:21","guid":{"rendered":"https:\/\/themarquee.nl\/?page_id=3423"},"modified":"2025-09-06T12:20:31","modified_gmt":"2025-09-06T10:20:31","slug":"member-card","status":"publish","type":"page","link":"https:\/\/themarquee.nl\/de\/member-card\/","title":{"rendered":"Mitgliedskarte"},"content":{"rendered":"<h2>Die Marquee Mitgliedskarte<\/h2>\r\n<p>Exklusivit\u00e4t und Bequemlichkeit mit der Marquee Member Card.<\/p>\r\n<p>Willkommen im The Marquee, wo wir unseren Mitgliedern mit unserer Marquee Member Card ein exklusives Erlebnis bieten. Diese personalisierte Karte ist Ihr Zugang zu einer Welt voller Privilegien und Annehmlichkeiten, die Ihre Besuche bei unseren Veranstaltungen reibungslos und angenehm gestalten.<\/p>\r\n<p>Jede Marquee Member Card ist mit einem eindeutigen QR-Code und einer entsprechenden Nummer versehen, mit der Sie Ihre Karte problemlos aufladen k\u00f6nnen. Der Vorgang ist schnell, einfach und sicher. Verwenden Sie einfach Ihr Smartphone, um den QR-Code zu scannen und Ihr Guthaben aufzuladen. So k\u00f6nnen Sie den ganzen Abend lang unbesorgt mit Ihrer Mitgliedskarte bezahlen.<\/p>\r\n<p>Alternativ haben Sie auch die M\u00f6glichkeit, Ihr Guthaben online \u00fcber Ihr pers\u00f6nliches Konto aufzuladen. So haben Sie die Flexibilit\u00e4t, Ihre Karte aufzuladen, wo immer Sie sind.<\/p>\r\n<p>At The Marquee, we understand that transparency is important. That&#8217;s why our members can check their balance at any time. Moreover, it is possible to request a refund for any remaining balance at any time, should you wish to do so.<\/p>\r\n<p>Wir bem\u00fchen uns, unseren Mitgliedern ein hervorragendes Erlebnis zu bieten, und die Marquee Member Card ist ein wesentlicher Bestandteil dieses Versprechens. Mit schnellen, einfachen Zahlungen und voller Kontrolle \u00fcber Ihr Guthaben war es noch nie so einfach, Ihre Zeit im Marquee zu genie\u00dfen.<\/p>\r\n<p>Bringen Sie Ihre Marquee Member Card zu unseren Veranstaltungen mit und erleben Sie den Komfort und die Exklusivit\u00e4t selbst.<\/p>\r\n<p><img decoding=\"async\" title=\"ELITE-KARTE_DRUKKLAAR_BRUIN-V3\" src=\"https:\/\/themarquee.nl\/wp-content\/uploads\/2024\/11\/ELITE-CARD_DRUKKLAAR_BRUIN-V3.png\" alt=\"ELITE-CARD_DRUKKLAAR_BRUIN-V3\" width=\"1000\" height=\"651\" \/><\/p>","protected":false},"excerpt":{"rendered":"<p>The Marquee Member Card Exclusivity and Convenience with the Marquee Member Card. Welcome to The Marquee, where we provide our members with an exclusive experience through our Marquee Member Card. This personalised card is your gateway to a world of privilege and convenience, designed to make your visits to our events seamless and enjoyable. Each&hellip;<\/p>","protected":false},"author":1,"featured_media":0,"parent":0,"menu_order":0,"comment_status":"closed","ping_status":"closed","template":"","meta":{"_acf_changed":false,"inline_featured_image":false,"footnotes":""},"class_list":["post-3423","page","type-page","status-publish","hentry"],"acf":[],"_links":{"self":[{"href":"https:\/\/themarquee.nl\/de\/wp-json\/wp\/v2\/pages\/3423","targetHints":{"allow":["GET"]}}],"collection":[{"href":"https:\/\/themarquee.nl\/de\/wp-json\/wp\/v2\/pages"}],"about":[{"href":"https:\/\/themarquee.nl\/de\/wp-json\/wp\/v2\/types\/page"}],"author":[{"embeddable":true,"href":"https:\/\/themarquee.nl\/de\/wp-json\/wp\/v2\/users\/1"}],"replies":[{"embeddable":true,"href":"https:\/\/themarquee.nl\/de\/wp-json\/wp\/v2\/comments?post=3423"}],"version-history":[{"count":9,"href":"https:\/\/themarquee.nl\/de\/wp-json\/wp\/v2\/pages\/3423\/revisions"}],"predecessor-version":[{"id":3655,"href":"https:\/\/themarquee.nl\/de\/wp-json\/wp\/v2\/pages\/3423\/revisions\/3655"}],"wp:attachment":[{"href":"https:\/\/themarquee.nl\/de\/wp-json\/wp\/v2\/media?parent=3423"}],"curies":[{"name":"wp","href":"https:\/\/api.w.org\/{rel}","templated":true}]}}