{"id":3403,"date":"2024-11-20T20:05:15","date_gmt":"2024-11-20T19:05:15","guid":{"rendered":"https:\/\/themarquee.nl\/?page_id=3403"},"modified":"2025-09-06T12:27:02","modified_gmt":"2025-09-06T10:27:02","slug":"guidelines-etiquette","status":"publish","type":"page","link":"https:\/\/themarquee.nl\/de\/events\/guidelines-etiquette\/","title":{"rendered":"Richtlinien und Etikette"},"content":{"rendered":"<h2>Einhaltung der Mitgliedschaftsbestimmungen<\/h2>\r\n<p><strong>Strenge Einhaltung der Zustimmungsregeln.<\/strong><br \/>Die Nichteinhaltung unserer Zustimmungsstandards f\u00fchrt zum sofortigen Ausschluss von der Veranstaltung und zum Entzug Ihrer Mitgliedschaft, ohne Ausnahme.<\/p>\r\n<h2>Verhaltensknigge<\/h2>\r\n<p><strong>Respektieren Sie die Gemeinschaft.<\/strong><br \/>Pflegen Sie eine sinnliche, angenehme Atmosph\u00e4re, indem Sie alle Mitglieder mit Freundlichkeit und H\u00f6flichkeit behandeln. Nehmen Sie R\u00fccksicht auf andere und vermeiden Sie es, Unbehagen zu verursachen. Verst\u00f6\u00dfe k\u00f6nnen zum Entzug der Mitgliedschaft f\u00fchren. <strong>Respektieren Sie den pers\u00f6nlichen Freiraum.<\/strong><br \/>Behalten Sie Ihre H\u00e4nde bei sich und halten Sie einen respektvollen Abstand ein. Das Ber\u00fchren anderer, einschlie\u00dflich des Personals des Festzelts, bedarf der ausdr\u00fccklichen Zustimmung. Weitere Hinweise finden Sie im Abschnitt \"Einverst\u00e4ndniserkl\u00e4rung\". <strong>Keine Fotografie oder Videografie.<\/strong><br \/>Um die Privatsph\u00e4re zu sch\u00fctzen, gilt bei allen Veranstaltungen ein striktes Foto- und Videoverbot. Handys sollten w\u00e4hrend der Veranstaltung in den Schlie\u00dff\u00e4chern bleiben. <strong>H\u00f6flichkeit gegen\u00fcber dem Personal.<\/strong><br \/>Unser Team ist hier, um Sie bei Ihrem Erlebnis zu unterst\u00fctzen. Respektlosigkeit oder Bel\u00e4stigung gegen\u00fcber dem Personal wird nicht toleriert, da sie integrale Mitglieder der Marquee-Gemeinschaft sind und den gleichen Respekt verdienen wie alle Besucher. <strong>Bleiben Sie n\u00fcchtern.<\/strong><br \/>Mitglieder, die \u00fcberm\u00e4\u00dfig betrunken erscheinen, werden zur Sicherheit aller gebeten, das Lokal zu verlassen. Die Nichteinhaltung dieser Regel kann zur Aussetzung oder zum Entzug der Mitgliedschaft f\u00fchren. <strong>Rauchen in Innenr\u00e4umen verboten.<\/strong><br \/>Aus Gr\u00fcnden des Gesundheitsschutzes und der Sicherheit ist das Rauchen innerhalb des Veranstaltungsortes verboten. Ausgewiesene Raucherbereiche sind vorhanden. <strong>Kein Druck, nur Vergn\u00fcgen.<\/strong><br \/>Die Teilnahme ist immer freiwillig. Setzen Sie Ihre eigenen Grenzen und genie\u00dfen Sie die Erfahrung in Ihrem eigenen Tempo. <strong>Nulltoleranz f\u00fcr Intoleranz.<\/strong><br \/>Discrimination of any form-including racist, homophobic, or transphobic comments-is not accepted. Marquee values respect for all bodies, equitable dynamics, and diverse preferences. <strong>Probleme umgehend melden.<\/strong><br \/>Wenn Sie ein Verhalten erleben oder beobachten, das gegen unsere Richtlinien verst\u00f6\u00dft, informieren Sie bitte sofort ein Mitglied des Marquee-Teams, damit wir eine sichere Umgebung aufrechterhalten k\u00f6nnen. <strong>Sprechen Sie lauter.<\/strong><br \/>Wenn Sie w\u00e4hrend einer Veranstaltung Bedenken haben, wenden Sie sich an ein Mitglied unseres Sicherheitsteams oder an einen Zeltwirt, um sofortige Hilfe zu erhalten. <strong>Teilen Sie Ihr Feedback mit.<\/strong><br \/>Wenn Sie bei einer Veranstaltung auf Probleme sto\u00dfen, senden Sie uns eine E-Mail an <strong>info@TheMarquee.nl<\/strong>. Ihr Feedback wird ernst genommen, und wir bem\u00fchen uns, alle Probleme umgehend zu l\u00f6sen. <strong>Sanktionen f\u00fcr Fehlverhalten.<\/strong><br \/>Wenn das Marquee-Team oder andere Mitglieder Bedenken \u00fcber Ihr Verhalten \u00e4u\u00dfern, kann Ihre Mitgliedschaft f\u00fcr mindestens sechs Monate ausgesetzt werden, damit wir Ihre Eignung f\u00fcr unsere Gemeinschaft beurteilen k\u00f6nnen. Bei formellen Beschwerden behalten wir uns das Recht vor, diese Suspendierung zu verl\u00e4ngern, bis eine L\u00f6sung gefunden ist.<\/p>\r\n<h2>Etikette f\u00fcr die Zustimmung<\/h2>\r\n<p><strong>Beobachten...<\/strong><\/p>\r\n<p><strong>Grenzen respektieren.<\/strong> Ber\u00fchren Sie andere nicht ohne deren ausdr\u00fcckliche Zustimmung, und vermeiden Sie es, Szenen zu unterbrechen oder aufdringlich zu sein. Bitten Sie immer um Erlaubnis, wenn Sie sich mit einer Person, die an einer Aktivit\u00e4t beteiligt ist, besch\u00e4ftigen m\u00f6chten.<\/p>\r\n<p><strong>Voyeurismus mit Respekt.<\/strong> Beobachten ist akzeptabel, aber Sie sollten Ihre Grenzen kennen. Vermeiden Sie es, unaufgefordert zu starren, und wenn Sie sich als Voyeur identifizieren, spielen Sie nicht allein, w\u00e4hrend Sie andere beobachten, da dies zu einer nicht-konsensuellen Erfahrung f\u00fchren kann.<\/p>\r\n<p><strong>Engagiert...<\/strong><\/p>\r\n<p><strong>Gemeinsame R\u00e4ume respektieren.<\/strong> Be considerate of shared spaces, keeping them clean and hygienic. Avoid interrupting others&#8217; activities, and always seek consent before any physical interaction, even during play.<\/p>\r\n<p><strong>Einverst\u00e4ndnis zur Teilnahme.<\/strong> If you wish to involve someone else in a scene you&#8217;re part of, ensure all parties consent. If consent is not granted, continue without them or play separately.<\/p>\r\n<p><strong>Sofortiger Entzug der Mitgliedschaft bei Nichteinhaltung der Vorschriften.<\/strong> Ein Versto\u00df gegen unsere Zustimmungsrichtlinien f\u00fchrt zur sofortigen Beendigung der Mitgliedschaft und zum Ausschluss von zuk\u00fcnftigen Marquee-Veranstaltungen.<\/p>\r\n<p>Vielen Dank, dass Sie ein Teil der Marquee-Gemeinschaft sind. Indem Sie diese Richtlinien befolgen, tragen Sie zu einem einladenden und denkw\u00fcrdigen Erlebnis f\u00fcr alle bei.<\/p>","protected":false},"excerpt":{"rendered":"<p>Membership Compliance Strict Adherence to Consent Rules.Failure to comply with our consent standards will result in immediate removal from the event and revocation of your membership, without exception. Behavioral Etiquette Respect the Community.Cultivate a sensual, comfortable atmosphere by treating all members with kindness and courtesy. Be mindful of others, and avoid causing discomfort. Violations may&hellip;<\/p>","protected":false},"author":1,"featured_media":0,"parent":2575,"menu_order":0,"comment_status":"closed","ping_status":"closed","template":"","meta":{"_acf_changed":false,"inline_featured_image":false,"footnotes":""},"class_list":["post-3403","page","type-page","status-publish","hentry"],"acf":[],"_links":{"self":[{"href":"https:\/\/themarquee.nl\/de\/wp-json\/wp\/v2\/pages\/3403","targetHints":{"allow":["GET"]}}],"collection":[{"href":"https:\/\/themarquee.nl\/de\/wp-json\/wp\/v2\/pages"}],"about":[{"href":"https:\/\/themarquee.nl\/de\/wp-json\/wp\/v2\/types\/page"}],"author":[{"embeddable":true,"href":"https:\/\/themarquee.nl\/de\/wp-json\/wp\/v2\/users\/1"}],"replies":[{"embeddable":true,"href":"https:\/\/themarquee.nl\/de\/wp-json\/wp\/v2\/comments?post=3403"}],"version-history":[{"count":8,"href":"https:\/\/themarquee.nl\/de\/wp-json\/wp\/v2\/pages\/3403\/revisions"}],"predecessor-version":[{"id":3659,"href":"https:\/\/themarquee.nl\/de\/wp-json\/wp\/v2\/pages\/3403\/revisions\/3659"}],"up":[{"embeddable":true,"href":"https:\/\/themarquee.nl\/de\/wp-json\/wp\/v2\/pages\/2575"}],"wp:attachment":[{"href":"https:\/\/themarquee.nl\/de\/wp-json\/wp\/v2\/media?parent=3403"}],"curies":[{"name":"wp","href":"https:\/\/api.w.org\/{rel}","templated":true}]}}