{"id":3383,"date":"2024-10-25T09:35:46","date_gmt":"2024-10-25T07:35:46","guid":{"rendered":"https:\/\/themarquee.nl\/?page_id=3383"},"modified":"2025-10-20T22:42:31","modified_gmt":"2025-10-20T20:42:31","slug":"about-marquee","status":"publish","type":"page","link":"https:\/\/themarquee.nl\/de\/about-marquee\/","title":{"rendered":"\u00dcber Marquee"},"content":{"rendered":"<h2>\n\t\t\tDas Festzelt\t<\/h2>\n\t<p>Willkommen bei Marquee, einem exklusiven community, das den abenteuerlustigen Herzen, den freien Geistern und den selbstbewussten Seelen gewidmet ist. Hier laden wir aufgeschlossene, erfolgreiche Paare und Single-Ladies, die in Harmonie mit ihrer Sinnlichkeit sind, ein, sich zu treffen, zu flirten und <a href=\"https:\/\/erotisch-uitgaan.nl\/erotisch-avondje-uit\/\" target=\"_blank\" rel=\"noopener\">erkunden.<\/a> ihre Begierden.<\/p>\n<p><a href=\"https:\/\/themarquee.nl\/de\/membership\/\">Mitgliedschaft<\/a> bei Marquee ist ein Privileg, eine Auszeichnung, die nur denjenigen zuteil wird, die unser lebendiges community bereichern k\u00f6nnen. Unsere Mitglieder werden auf der Grundlage ihrer Attraktivit\u00e4t, ihres beruflichen Status und ihres potenziellen Beitrags zum Marquee ausgew\u00e4hlt. <a href=\"https:\/\/themarquee.nl\/de\/community\/\">community<\/a>. Wir glauben an Qualit\u00e4t statt Quantit\u00e4t, um die Marquee Erfahrung zu gew\u00e4hrleisten.<\/p>\n<p>Wir sind stolz darauf, jedes Jahr vier spektakul\u00e4re Veranstaltungen auszurichten, zu denen ausschlie\u00dflich unsere gesch\u00e4tzten Mitglieder Zugang haben. Unsere Standards f\u00fcr unsere Veranstaltungen sind kompromisslos. Wir erzwingen eine<a href=\"https:\/\/themarquee.nl\/de\/community\/\"> Kleiderordnung<\/a> to uphold the sophistication and allure of the event. Men in sharp tuxedos, and women in elegant lingerie and high heels. We ensure each event&#8217;s theme is communicated well in advance, providing inspiration and guidance. For a glamorous night of life&#8217;s most exquisite pleasures.<\/p>\n<p>Marquee ist mehr als nur eine Online-Community oder ein Eventveranstalter. Wir sind ein Zufluchtsort f\u00fcr Frauen, um ihre innere G\u00f6ttin zu umarmen, in ihrer Weiblichkeit zu schwelgen und ihr Selbstbewusstsein stolz zum Ausdruck zu bringen. Wir glauben daran, Frauen, ihre Ausstrahlung und ihre Kraft zu feiern.<\/p>\n<p>Today&#8217;s world is consumed by <a href=\"https:\/\/themarquee.nl\/de\/social-media\/\">soziale Medien<\/a> und den digitalen Fu\u00dfabdruck, den wir hinterlassen. Marquee w\u00e4hlt jedoch bewusst einen anderen Weg. Wir halten uns von sozialen Medien fern; unsere Veranstaltungen sind privat, nicht fotografiert, nicht aufgezeichnet und wirklich unvergesslich. Wir glauben daran, Erinnerungen zu schaffen, nicht Posts. Ihre Erlebnisse bei Marquee bleiben pers\u00f6nlich und bedeutsam, sicher vor der \u00d6ffentlichkeit.<\/p>\n<p>Bei Marquee geht es darum, das Leben in vollen Z\u00fcgen zu genie\u00dfen, jeden Moment zu zelebrieren und unsere Sehns\u00fcchte mit offenen Armen zu umarmen. Kommen Sie zu uns nach Marquee, wo Raffinesse auf Exklusivit\u00e4t trifft und Vergn\u00fcgen immer auf der Speisekarte steht. Entfalten Sie Ihren au\u00dfergew\u00f6hnlichen Lebensstil mit uns, denn Sie haben es verdient. Treten Sie noch heute unserem community bei und erheben Sie Ihre Sinne in neue Dimensionen.<\/p>\n<h3  data-animation-delay=\"2\" data-animation-duration=\"2\">\n\t\t\tAre you curious what&#8217;s going on behind the closed doors of Marquee? \t<\/h3>\n\t\t\t<a href=\"https:\/\/themarquee.nl\/de\/membership\/\" target=\"_self\">\n\t\t\t\t\t\t\tBeantragen Sie Ihre Mitgliedschaft\n\t\t\t\t\t<\/a>","protected":false},"excerpt":{"rendered":"<p>The Marquee Welcome to Marquee, an exclusive community dedicated to the adventurous hearts, the free spirits, and the confident souls. Here, we invite open-minded successful couples and single ladies who are in harmony with their sensuality to connect, flirt, and explore their desires. Membership at Marquee is a privilege, a mark of distinction given only&hellip;<\/p>","protected":false},"author":1,"featured_media":2695,"parent":0,"menu_order":0,"comment_status":"closed","ping_status":"closed","template":"","meta":{"_acf_changed":false,"inline_featured_image":false,"footnotes":""},"class_list":["post-3383","page","type-page","status-publish","has-post-thumbnail","hentry"],"acf":[],"_links":{"self":[{"href":"https:\/\/themarquee.nl\/de\/wp-json\/wp\/v2\/pages\/3383","targetHints":{"allow":["GET"]}}],"collection":[{"href":"https:\/\/themarquee.nl\/de\/wp-json\/wp\/v2\/pages"}],"about":[{"href":"https:\/\/themarquee.nl\/de\/wp-json\/wp\/v2\/types\/page"}],"author":[{"embeddable":true,"href":"https:\/\/themarquee.nl\/de\/wp-json\/wp\/v2\/users\/1"}],"replies":[{"embeddable":true,"href":"https:\/\/themarquee.nl\/de\/wp-json\/wp\/v2\/comments?post=3383"}],"version-history":[{"count":10,"href":"https:\/\/themarquee.nl\/de\/wp-json\/wp\/v2\/pages\/3383\/revisions"}],"predecessor-version":[{"id":3665,"href":"https:\/\/themarquee.nl\/de\/wp-json\/wp\/v2\/pages\/3383\/revisions\/3665"}],"wp:featuredmedia":[{"embeddable":true,"href":"https:\/\/themarquee.nl\/de\/wp-json\/wp\/v2\/media\/2695"}],"wp:attachment":[{"href":"https:\/\/themarquee.nl\/de\/wp-json\/wp\/v2\/media?parent=3383"}],"curies":[{"name":"wp","href":"https:\/\/api.w.org\/{rel}","templated":true}]}}