{"id":3270,"date":"2024-05-24T11:37:36","date_gmt":"2024-05-24T09:37:36","guid":{"rendered":"https:\/\/staging.themarquee.nl\/?page_id=3270"},"modified":"2025-09-06T12:27:49","modified_gmt":"2025-09-06T10:27:49","slug":"dresscode","status":"publish","type":"page","link":"https:\/\/themarquee.nl\/de\/dresscode\/","title":{"rendered":"Dresscode"},"content":{"rendered":"<h2>Dress to Impress<\/h2>\r\n<p>UNSER DRESSCODE: EIN WESENTLICHES ELEMENT UNSERER EXKLUSIVEN VERANSTALTUNGEN<\/p>\r\n<p>Bei Marquee veranstalten wir jedes Jahr vier spektakul\u00e4re Events, die jeweils ein einzigartiges und sorgf\u00e4ltig ausgew\u00e4hltes Thema haben. Diese raffinierten Soirees sind ausschlie\u00dflich f\u00fcr unsere Elite-Mitglieder zug\u00e4nglich und garantieren ein intimes und unvergleichliches Erlebnis.<\/p>\r\n<p>Unsere Veranstaltungen sind als das ultimative Fest des Luxus und der Verf\u00fchrung konzipiert. Die Themen werden lange im Voraus bekannt gegeben, damit Sie Ihren Look perfektionieren und ganz in die bezaubernde Atmosph\u00e4re des Abends eintauchen k\u00f6nnen. Lassen Sie sich von der Musik mitrei\u00dfen, g\u00f6nnen Sie sich exquisite Drinks und umgeben Sie sich mit Gleichgesinnten, die Ihre Leidenschaft f\u00fcr Eleganz und Exklusivit\u00e4t teilen.<\/p>\r\n<p>Um den Zauber und die Faszination unserer Veranstaltungen zu erhalten, gilt eine strenge Kleiderordnung:<br \/>\u2022 Gentlemen &#8211; A perfectly tailored tuxedo<br \/>\u2022 Ladies &#8211; Exquisite lingerie and high heels<\/p>\r\n<p>This dress code is non-negotiable-failure to comply will result in denied entry, regardless of reservation or ticket. We believe that these standards contribute to the sophisticated ambiance that our guests expect and deserve.<\/p>\r\n<p>Schlie\u00dfen Sie sich Marquee Luxury Events an und werden Sie Teil einer exklusiven Gemeinschaft, in der Stil, Luxus und Versuchung nahtlos ineinander \u00fcbergehen. Ob Sie ein Paar sind, das neue Dimensionen in seiner Beziehung sucht, oder eine alleinstehende Frau, die ihre tiefsten Fantasien erforscht, unsere Veranstaltungen bieten einen Rahmen, in dem Sie sich frei in einer Atmosph\u00e4re von Eleganz und Raffinesse ausdr\u00fccken k\u00f6nnen.<\/p>\r\n<h4>Eleganz und Klasse f\u00fcr Gentlemen<\/h4>\r\n<p>For gentlemen, nothing exudes sophistication and class quite like a perfectly tailored tuxedo. This is no arbitrary choice-the tuxedo embodies respect, dignity, and refinement, elevating the exclusivity of our events. It is a statement of status and style, an essential component of the mesmerizing ambiance that defines Marquee Luxury Events.<\/p>\r\n<h4>Sinnlichkeit und thematische Kreativit\u00e4t f\u00fcr Damen<\/h4>\r\n<p>Ladies are encouraged to express their sensuality and creativity through refined lingerie that aligns with the theme of the evening. The theme is announced well in advance, allowing our female guests to craft the perfect look-one that not only accentuates their figure with elegance but also reflects their personality and sensuality in the most exquisite way.<\/p>\r\n<h4>Strenge Durchsetzung der Kleiderordnung<\/h4>\r\n<p>Unser Sicherheitsteam ist speziell geschult, um die Kleiderordnung rigoros durchzusetzen. G\u00e4ste, die die geforderte Kleiderordnung nicht einhalten, werden nicht eingelassen, unabh\u00e4ngig von Reservierung oder Eintrittskarte.<\/p>\r\n<p>At Marquee, we understand that our events are more than just indulgence-they are immersive experiences, a seamless fusion of luxury, seduction, and exclusivity. And every experience begins with the perfect choice of attire.<\/p>\r\n<h2>Warum eine Kleiderordnung?<\/h2>\r\n<p>Unsere Kleiderordnung dient mehreren wichtigen Zwecken:<\/p>\r\n<ol>\r\n<li>\r\n<h3>Eine Umgebung schaffen, die sowohl sinnlich als auch respektvoll ist.<\/h3>\r\n<p>Wenn Sie sich an die Kleiderordnung halten, zeigen Sie Respekt vor dem Erlebnis, dem Ambiente und den anderen G\u00e4sten.<\/p>\r\n<\/li>\r\n<li>\r\n<h3>F\u00f6rderung der Gleichberechtigung und des Gemeinschaftssinns.<\/h3>\r\n<p>Bei The Marquee gelten f\u00fcr alle die gleichen Standards, unabh\u00e4ngig von Status und Herkunft. Dies sorgt f\u00fcr eine Atmosph\u00e4re der Harmonie und Exklusivit\u00e4t.<\/p>\r\n<\/li>\r\n<li>\r\n<h3>Das Mysterium und die Aufregung werden verst\u00e4rkt.<\/h3>\r\n<p>The anticipation of what others will wear, the thrill of revealing your own look, and the transformation you experience as you step inside-all of this contributes to the magic of Marquee.<\/p>\r\n<\/li>\r\n<\/ol>\r\n<p><img decoding=\"async\" title=\"Zitat 4\" src=\"https:\/\/themarquee.nl\/wp-content\/uploads\/2024\/11\/Quote-4.svg\" alt=\"Quote 4\" width=\"0\" height=\"0\" \/><\/p>","protected":false},"excerpt":{"rendered":"<p>Dress to Impress OUR DRESS CODE: AN ESSENTIAL ELEMENT OF OUR EXCLUSIVE EVENTS At Marquee, we host four spectacular events each year, each featuring a unique and meticulously curated theme. These refined soir\u00e9es are exclusively accessible to our Elite members, ensuring an intimate and unparalleled experience. Our events are designed as the ultimate celebration of&hellip;<\/p>","protected":false},"author":1,"featured_media":0,"parent":0,"menu_order":0,"comment_status":"closed","ping_status":"closed","template":"","meta":{"_acf_changed":false,"inline_featured_image":false,"footnotes":""},"class_list":["post-3270","page","type-page","status-publish","hentry"],"acf":[],"_links":{"self":[{"href":"https:\/\/themarquee.nl\/de\/wp-json\/wp\/v2\/pages\/3270","targetHints":{"allow":["GET"]}}],"collection":[{"href":"https:\/\/themarquee.nl\/de\/wp-json\/wp\/v2\/pages"}],"about":[{"href":"https:\/\/themarquee.nl\/de\/wp-json\/wp\/v2\/types\/page"}],"author":[{"embeddable":true,"href":"https:\/\/themarquee.nl\/de\/wp-json\/wp\/v2\/users\/1"}],"replies":[{"embeddable":true,"href":"https:\/\/themarquee.nl\/de\/wp-json\/wp\/v2\/comments?post=3270"}],"version-history":[{"count":13,"href":"https:\/\/themarquee.nl\/de\/wp-json\/wp\/v2\/pages\/3270\/revisions"}],"predecessor-version":[{"id":3660,"href":"https:\/\/themarquee.nl\/de\/wp-json\/wp\/v2\/pages\/3270\/revisions\/3660"}],"wp:attachment":[{"href":"https:\/\/themarquee.nl\/de\/wp-json\/wp\/v2\/media?parent=3270"}],"curies":[{"name":"wp","href":"https:\/\/api.w.org\/{rel}","templated":true}]}}