{"id":3265,"date":"2024-05-24T11:36:51","date_gmt":"2024-05-24T09:36:51","guid":{"rendered":"https:\/\/staging.themarquee.nl\/?page_id=3265"},"modified":"2025-09-06T12:16:01","modified_gmt":"2025-09-06T10:16:01","slug":"community","status":"publish","type":"page","link":"https:\/\/themarquee.nl\/de\/community\/","title":{"rendered":"Gemeinschaft"},"content":{"rendered":"<h2>Spielplatz f\u00fcr die Elite<\/h2>\r\n<p>WILLKOMMEN IN DER MARQUEE-COMMUNITY, IN DER OFFLINE-EXKLUSIVIT\u00c4T UND ONLINE-VERBINDUNG VERSCHMELZEN.<\/p>\r\n<p>Unsere Gemeinschaft st\u00fctzt sich auf zwei S\u00e4ulen. Auf der einen Seite haben wir ein Netzwerk f\u00fcr die aufgeschlossene Elite auf der ganzen Welt geschaffen. Hier k\u00f6nnen Sie ein pers\u00f6nliches Profil erstellen, Details \u00fcber sich oder Ihren Partner mitteilen und Ihre Tr\u00e4ume, Fantasien und W\u00fcnsche \u00e4u\u00dfern. Profile k\u00f6nnen mit Fotos angereichert, auf der Timeline geteilt und f\u00fcr sinnvolle Unterhaltungen mit anderen Paaren und Single-Frauen genutzt werden.<\/p>\r\n<p>Indem Sie Begriffe ausw\u00e4hlen, die Ihren Vorlieben und Ihrer Beziehungsdynamik entsprechen, erm\u00f6glichen Sie es anderen, Sie auf der Grundlage gemeinsamer Interessen zu entdecken und sich mit Ihnen zu verbinden. Einige Mitglieder entscheiden sich daf\u00fcr, ihre Profile privat zu halten, damit sie unsichtbar und nicht durchsuchbar sind. Dieser Grad der Privatsph\u00e4re liegt ganz in den H\u00e4nden unserer Mitglieder.<\/p>\r\n<h2>Exklusive Events, Unvergessliche Erlebnisse<\/h2>\r\n<p>But the magic doesn&#8217;t stop there. Four times a year, our members gather for exclusive events that are nothing short of spectacular. Each edition boasts a unique theme, transforming our breathtaking venues into sophisticated playgrounds for adults, complete with high-end service and captivating performances.<\/p>\r\n<p>Nur als Mitglied haben Sie Zugang zu diesen unvergleichlichen Erlebnissen, die jedes Treffen zu einem unvergesslichen Ereignis machen.<\/p>\r\n<h2>F\u00fcr wen ist Marquee gedacht?<\/h2>\r\n<p>Egal, ob Sie eine selbstbewusste Single-Frau oder ein Paar sind, das neue Dimensionen in Ihrer Beziehung erkunden m\u00f6chte, Marquee passt sich nahtlos Ihren W\u00fcnschen an.<\/p>\r\n<p>Sind Sie neu in der Welt der sinnlichen Veranstaltungen und einfach neugierig, ob dieser Lebensstil zu Ihnen passt? Oder sind Sie bereits versiert in einer aufgeschlossenen Lebensweise, bei der der Austausch von Erfahrungen mit anderen ein nat\u00fcrlicher Teil Ihrer Reise ist? Jeder, der in unser Profil passt, ist in der Marquee-Gemeinschaft willkommen.<\/p>\r\n<h2>Respekt, Einverst\u00e4ndnis und Vertrauen<\/h2>\r\n<p>Flirten, verf\u00fchren und erkunden! Wir erwarten von jedem Mitglied, dass es andere mit dem h\u00f6chsten Ma\u00df an Respekt behandelt. Einverst\u00e4ndnis und Vertrauen sind der Kern unserer Philosophie. Sowohl online als auch offline halten wir eine Null-Toleranz-Politik aufrecht, wenn es um unerw\u00fcnschtes Verhalten geht.<\/p>\r\n<p>Marquee is an exclusive, safe, and elegant community-a place where discretion and pleasure go hand in hand.<\/p>\r\n<p><img decoding=\"async\" title=\"Zitate2\" src=\"https:\/\/themarquee.nl\/wp-content\/uploads\/2024\/05\/quotes2.png\" alt=\"quotes2\" width=\"347\" height=\"347\" \/><\/p>\r\n<h4>Bei Marquee ist \"Dressing to impress\" nicht nur ein Leitfaden<\/h4>\r\n<p>it&#8217;s an invitation to enchant. Our strict dress code transforms each event into a sophisticated soir\u00e9e where elegance and sensuality intertwine, ensuring every member feels not only valued but celebrated. Step into a world where your attire speaks volumes, and every glance becomes a part of the alluring tapestry of the night.<\/p>","protected":false},"excerpt":{"rendered":"<p>Playground for the Elite WELCOME TO THE MARQUEE COMMUNITY, WHERE OFFLINE EXCLUSIVITY AND ONLINE CONNECTION MERGE. Our community is built on two pillars. On one hand, we have created a network for the open-minded elite across the globe. Here, you can craft a personal profile, share details about yourself or your partner, and express your&hellip;<\/p>","protected":false},"author":1,"featured_media":0,"parent":0,"menu_order":0,"comment_status":"closed","ping_status":"closed","template":"","meta":{"_acf_changed":false,"inline_featured_image":false,"footnotes":""},"class_list":["post-3265","page","type-page","status-publish","hentry"],"acf":[],"_links":{"self":[{"href":"https:\/\/themarquee.nl\/de\/wp-json\/wp\/v2\/pages\/3265","targetHints":{"allow":["GET"]}}],"collection":[{"href":"https:\/\/themarquee.nl\/de\/wp-json\/wp\/v2\/pages"}],"about":[{"href":"https:\/\/themarquee.nl\/de\/wp-json\/wp\/v2\/types\/page"}],"author":[{"embeddable":true,"href":"https:\/\/themarquee.nl\/de\/wp-json\/wp\/v2\/users\/1"}],"replies":[{"embeddable":true,"href":"https:\/\/themarquee.nl\/de\/wp-json\/wp\/v2\/comments?post=3265"}],"version-history":[{"count":12,"href":"https:\/\/themarquee.nl\/de\/wp-json\/wp\/v2\/pages\/3265\/revisions"}],"predecessor-version":[{"id":3652,"href":"https:\/\/themarquee.nl\/de\/wp-json\/wp\/v2\/pages\/3265\/revisions\/3652"}],"wp:attachment":[{"href":"https:\/\/themarquee.nl\/de\/wp-json\/wp\/v2\/media?parent=3265"}],"curies":[{"name":"wp","href":"https:\/\/api.w.org\/{rel}","templated":true}]}}