{"id":3263,"date":"2024-05-24T11:36:36","date_gmt":"2024-05-24T09:36:36","guid":{"rendered":"https:\/\/staging.themarquee.nl\/?page_id=3263"},"modified":"2025-09-06T12:09:39","modified_gmt":"2025-09-06T10:09:39","slug":"the-process","status":"publish","type":"page","link":"https:\/\/themarquee.nl\/de\/the-process\/","title":{"rendered":"Der Prozess"},"content":{"rendered":"<p>Schritt 1<\/p>\r\n<h2>Initiierung Ihrer Bewerbung<\/h2>\r\n<p>Erleben Sie den Zauber der v\u00f6lligen Anonymit\u00e4t im The Marquee, wo das Geheimnis auf die Lust in einem Reich der ungez\u00fcgelten Leidenschaft trifft. Spezialisiert auf die Schaffung von erotischen Partys, die nicht nur sinnlich und aufregend sind, sondern auch das h\u00f6chste Ma\u00df an Anonymit\u00e4t zu wahren.<\/p>\r\n<p><strong>Ihre Privatsph\u00e4re, unsere Priorit\u00e4t: Keine Fotos oder Videos bei unseren exklusiven Veranstaltungen<\/strong><\/p>\r\n<p>At The Marquee, we value the privacy and discretion of our guests above all. We believe that the magic of our exclusive parties lies in living the moment, not capturing it. That&#8217;s why we enforce a strict &#8216;no photos and videos&#8217; policy during our events-no exceptions, no memories caught on tape.<\/p>\r\n<p><strong>Handys sind verboten<\/strong><br \/>Um Ihre Anonymit\u00e4t zu wahren, sind Mobiltelefone ebenfalls tabu. <strong>Eine kamerafreie Umgebung<\/strong><br \/>Wir verstehen, dass im digitalen Zeitalter das Festhalten von Momenten zur zweiten Natur geworden ist. Um jedoch die Integrit\u00e4t und die Privatsph\u00e4re unserer Veranstaltungen zu wahren, ist jegliche Form von Foto- oder Videoaufnahmen nicht gestattet. Dies gilt f\u00fcr alle Ger\u00e4te, einschlie\u00dflich Mobiltelefone.<\/p>\r\n<p>Schritt 2<\/p>\r\n<h2>Das Auswahlverfahren<\/h2>\r\n<p>Sobald Ihre Bewerbung eingereicht ist, wird sie einer gr\u00fcndlichen Pr\u00fcfung unterzogen.<\/p>\r\n<p>Marquee takes pride in its selective process, ensuring that each member fits seamlessly into the community. Applications are assessed based on a blend of subjective and objective criteria, keeping in mind the community&#8217;s overarching goals.<\/p>\r\n<p>Professional status is one of the metrics used to gauge your fit within Marquee. While not the sole deciding factor, it helps in understanding your background and potential contributions to the community&#8217;s diverse tapestry.<\/p>\r\n<p>Auch Ihre pers\u00f6nliche Attraktivit\u00e4t und Ihr potenzieller Beitrag spielen eine entscheidende Rolle. Marquee schaut nicht nur auf Lebensl\u00e4ufe und Titel, sondern konzentriert sich auf die Eigenschaften, die Sie zu einem idealen Mitglied machen.<\/p>\r\n<p>Schritt 3<\/p>\r\n<h2>Akzeptanz oder Ablehnung<\/h2>\r\n<p>Receiving a decision on your application can be an exhilarating or disappointing experience. Here&#8217;s what happens next, regardless of the outcome.<\/p>\r\n<p>If your application is successful, congratulations are in order. You&#8217;ll gain access to Marquee&#8217;s online community, where you can start connecting with fellow members. This is your gateway to exclusive events and adventures.<\/p>\r\n<p>Not every application can be accepted, and it&#8217;s important to understand that rejection doesn&#8217;t reflect your worth. Due to the selective nature of Marquee, not all applicants can be accommodated. However, the opportunity to reapply exists, should your circumstances or motivations change.<\/p>\r\n<p>While Marquee maintains a no-explanation policy for rejections, this isn&#8217;t a reflection of disinterest. Rather, it&#8217;s a standard procedure to ensure privacy and integrity in the review process.<\/p>\r\n<p>Schritt 4<\/p>\r\n<h2>Genie\u00dfen Sie unsere Veranstaltungen<\/h2>\r\n<p>Viermal im Jahr treffen sich unsere Elite-Mitglieder zu exklusiven Veranstaltungen, die wirklich spektakul\u00e4r sind. Jede Veranstaltung steht unter einem bestimmten Motto und verwandelt unsere exquisiten Veranstaltungsorte in anspruchsvolle Spielpl\u00e4tze f\u00fcr Erwachsene, die einen unvergleichlichen Service und fesselnde Darbietungen bieten.<\/p>\r\n<p>Nur als Mitglied haben Sie Zugang zu diesen au\u00dfergew\u00f6hnlichen Erlebnissen, die jede Veranstaltung zu einem unvergesslichen Erlebnis machen. Genie\u00dfen Sie Tanz, exquisite Getr\u00e4nke und die Gesellschaft von Gleichgesinnten, die Ihre Leidenschaft f\u00fcr Luxus teilen. Flirten Sie, verf\u00fchren Sie und lassen Sie Ihre W\u00fcnsche wahr werden!<\/p>\r\n<p>To uphold sophistication and allure, a strict dress code is enforced: gentlemen in sharp tuxedos, and ladies in elegant lingerie and high heels-failure to comply will result in denied entry. These standards are vital to maintaining the enchanting atmosphere our guests expect.<\/p>\r\n<p><img decoding=\"async\" title=\"Zitat 4\" src=\"https:\/\/themarquee.nl\/wp-content\/uploads\/2024\/11\/Quote-4.svg\" alt=\"Quote 4\" width=\"0\" height=\"0\" \/><\/p>","protected":false},"excerpt":{"rendered":"<p>Step 1 Initiating Your Application Experience the Enchantment of Complete Anonymity at The Marquee, where mystery meets desire in a realm of unbridled passion. Specializing in creating erotic parties that are not only sensual and exciting but also uphold the highest degree of anonymity. Your Privacy, Our Priority: No Photos or Videos at our Exclusive&hellip;<\/p>","protected":false},"author":1,"featured_media":0,"parent":0,"menu_order":0,"comment_status":"closed","ping_status":"closed","template":"","meta":{"_acf_changed":false,"inline_featured_image":false,"footnotes":""},"class_list":["post-3263","page","type-page","status-publish","hentry"],"acf":[],"_links":{"self":[{"href":"https:\/\/themarquee.nl\/de\/wp-json\/wp\/v2\/pages\/3263","targetHints":{"allow":["GET"]}}],"collection":[{"href":"https:\/\/themarquee.nl\/de\/wp-json\/wp\/v2\/pages"}],"about":[{"href":"https:\/\/themarquee.nl\/de\/wp-json\/wp\/v2\/types\/page"}],"author":[{"embeddable":true,"href":"https:\/\/themarquee.nl\/de\/wp-json\/wp\/v2\/users\/1"}],"replies":[{"embeddable":true,"href":"https:\/\/themarquee.nl\/de\/wp-json\/wp\/v2\/comments?post=3263"}],"version-history":[{"count":12,"href":"https:\/\/themarquee.nl\/de\/wp-json\/wp\/v2\/pages\/3263\/revisions"}],"predecessor-version":[{"id":3649,"href":"https:\/\/themarquee.nl\/de\/wp-json\/wp\/v2\/pages\/3263\/revisions\/3649"}],"wp:attachment":[{"href":"https:\/\/themarquee.nl\/de\/wp-json\/wp\/v2\/media?parent=3263"}],"curies":[{"name":"wp","href":"https:\/\/api.w.org\/{rel}","templated":true}]}}