{"id":2928,"date":"2024-02-06T16:40:42","date_gmt":"2024-02-06T15:40:42","guid":{"rendered":"https:\/\/themarquee.nl\/cookiebeleid-eu\/"},"modified":"2024-11-27T12:21:38","modified_gmt":"2024-11-27T11:21:38","slug":"cookie-policy","status":"publish","type":"page","link":"https:\/\/themarquee.nl\/de\/cookie-policy\/","title":{"rendered":"Cookie-Politik"},"content":{"rendered":"<p><strong>Willkommen auf unserer Website!<\/strong><\/p>\n<p>Wir m\u00f6chten sicherstellen, dass Sie die bestm\u00f6gliche Nutzererfahrung haben. Deshalb verwenden wir, wie viele andere in der digitalen Welt, Cookies. Aber was genau sind diese Cookies und warum sind sie f\u00fcr uns beide wichtig?<\/p>\n<p><strong>What Does &#8216;Cookies&#8217; Mean?<\/strong><\/p>\n<p>W\u00e4hrend Ihres Besuchs auf unserer Website werden kleine Dateien, so genannte Cookies, auf Ihrem Ger\u00e4t gespeichert. Diese Cookies spielen eine entscheidende Rolle bei Funktionen wie der Erinnerung an Ihre Pr\u00e4ferenzen und der Verfolgung von Artikeln in Ihrem Warenkorb.<\/p>\n<p><strong>Der Zweck von Cookies<\/strong><\/p>\n<p>Cookies dienen mehreren Zwecken. Sie behandeln nicht nur wichtige technische Aspekte unserer Dienste, sondern erm\u00f6glichen es uns auch, Ihnen ein personalisiertes Erlebnis zu bieten. Sie leiten uns stillschweigend, indem sie Ihre Interaktionen mit unserer Website verfolgen und uns helfen, uns st\u00e4ndig zu verbessern.<\/p>\n<p><strong>Verwaltung Ihrer Cookies<\/strong><\/p>\n<p>You have control over your cookies. It&#8217;s easy to adjust settings: configure your browser to receive warnings before storing cookies or choose to refuse them altogether. However, please note that opting out may result in a less convenient browsing experience on our website.<\/p>\n<p>By continuing to use our website, you consent to the use of cookies as described. If you have any questions about our cookie policy, don&#8217;t hesitate to contact us.<\/p>\n<p><strong>Wir danken Ihnen f\u00fcr Ihre Aufmerksamkeit und w\u00fcnschen Ihnen viel Spa\u00df auf unserer Website!<\/strong><\/p>","protected":false},"excerpt":{"rendered":"<p>Welcome to our website! We want to ensure you have the best user experience, so like many others in the digital world, we use cookies. But what exactly are these cookies and why do they matter to both of us? What Does &#8216;Cookies&#8217; Mean? During your visit to our site, small files called cookies are&hellip;<\/p>","protected":false},"author":1,"featured_media":0,"parent":0,"menu_order":102,"comment_status":"closed","ping_status":"closed","template":"","meta":{"_acf_changed":false,"inline_featured_image":false,"footnotes":""},"class_list":["post-2928","page","type-page","status-publish","hentry"],"acf":[],"_links":{"self":[{"href":"https:\/\/themarquee.nl\/de\/wp-json\/wp\/v2\/pages\/2928","targetHints":{"allow":["GET"]}}],"collection":[{"href":"https:\/\/themarquee.nl\/de\/wp-json\/wp\/v2\/pages"}],"about":[{"href":"https:\/\/themarquee.nl\/de\/wp-json\/wp\/v2\/types\/page"}],"author":[{"embeddable":true,"href":"https:\/\/themarquee.nl\/de\/wp-json\/wp\/v2\/users\/1"}],"replies":[{"embeddable":true,"href":"https:\/\/themarquee.nl\/de\/wp-json\/wp\/v2\/comments?post=2928"}],"version-history":[{"count":11,"href":"https:\/\/themarquee.nl\/de\/wp-json\/wp\/v2\/pages\/2928\/revisions"}],"predecessor-version":[{"id":3541,"href":"https:\/\/themarquee.nl\/de\/wp-json\/wp\/v2\/pages\/2928\/revisions\/3541"}],"wp:attachment":[{"href":"https:\/\/themarquee.nl\/de\/wp-json\/wp\/v2\/media?parent=2928"}],"curies":[{"name":"wp","href":"https:\/\/api.w.org\/{rel}","templated":true}]}}