{"id":2652,"date":"2023-08-04T13:19:38","date_gmt":"2023-08-04T11:19:38","guid":{"rendered":"https:\/\/www.themarquee.nl\/?page_id=2652"},"modified":"2025-09-06T12:28:34","modified_gmt":"2025-09-06T10:28:34","slug":"faq","status":"publish","type":"page","link":"https:\/\/themarquee.nl\/de\/faq\/","title":{"rendered":"FAQ"},"content":{"rendered":"<h2>Allgemeine Fragen<\/h2>\r\n<p>Was f\u00fcr Leute kommen zu Ihren Veranstaltungen?<\/p>\r\n<p>Marquee Events ziehen erfolgreiche, aufgeschlossene Paare und selbstbewusste Single-Frauen an, die Exklusivit\u00e4t, Stil und Opulenz sch\u00e4tzen. Unsere Mitglieder f\u00fchren ein erf\u00fclltes Leben und sind begierig darauf, ihre Grenzen in einer anspruchsvollen, diskreten Umgebung auszuloten. Die Marquee-Gemeinschaft besteht aus Menschen, die ihre romantischen und sinnlichen Erfahrungen mit Gleichgesinnten vertiefen m\u00f6chten. Die meisten Mitglieder sind zwischen 26 und 50 Jahre alt und besuchen unsere Veranstaltungen, um Kontakte zu kn\u00fcpfen, zu flirten und ihre W\u00fcnsche in einer Atmosph\u00e4re absoluter Vertraulichkeit zu erkunden.<\/p>\r\n<p>Was kann ich bei Ihren Veranstaltungen erwarten?<\/p>\r\n<p>Bei unseren Veranstaltungen dreht sich alles um Eleganz, Erotik und aufregende Unterhaltung. Jedes Treffen ist so konzipiert, dass es zu einem unvergesslichen Erlebnis wird, mit sch\u00f6nen Menschen, aufregenden Darbietungen und einem einzigartigen Thema, das Ihre Kleidung und Interaktionen inspiriert. Freuen Sie sich auf eine Nacht voller Kontakte, Aufregung und die M\u00f6glichkeit, Ihre Fantasien in einer sicheren und anspruchsvollen Umgebung auszuleben.<\/p>\r\n<p>D\u00fcrfen alleinstehende M\u00e4nner an Veranstaltungen teilnehmen?<\/p>\r\n<p>Nein, unsere Veranstaltungen sind ausschlie\u00dflich f\u00fcr Paare (M\u00e4nner\/Frauen) und alleinstehende Frauen zug\u00e4nglich. Diese Politik gew\u00e4hrleistet eine ausgewogene, intime Atmosph\u00e4re f\u00fcr unsere Mitglieder.<\/p>\r\n<p>Gibt es bei Veranstaltungen Schlie\u00dff\u00e4cher?<\/p>\r\n<p>Ja, es stehen kostenlose Schlie\u00dff\u00e4cher f\u00fcr Sie zur Verf\u00fcgung. Handys sind bei Veranstaltungen nicht erlaubt. Bitte bewahren Sie sie zusammen mit anderen pers\u00f6nlichen Gegenst\u00e4nden sicher in Ihrem Schlie\u00dffach auf.<\/p>\r\n<p>Gibt es einen Ort, an dem man die Kleidung f\u00fcr die Veranstaltung wechseln kann?<\/p>\r\n<p>Unbedingt. Ausgewiesene Umkleidebereiche befinden sich in der N\u00e4he der Schlie\u00dff\u00e4cher, so dass Sie sich vor der Veranstaltung in aller Ruhe umziehen k\u00f6nnen.<\/p>\r\n<p>Kann ich bei Veranstaltungen im Festzelt Fotos machen?<\/p>\r\n<p>Fotografieren ist strengstens untersagt, damit sich jeder Gast wohl und entspannt f\u00fchlt. Wenn wir jemanden beim Fotografieren beobachten, werden die Bilder gel\u00f6scht, und der Gast kann aufgefordert werden, die Veranstaltung zu verlassen.<\/p>\r\n<p>Bietet Marquee Fotografie f\u00fcr Veranstaltungen an?<\/p>\r\n<p>Ja. Unsere professionellen Fotografen halten Momente mit Ihrer Zustimmung fest. Die Fotos k\u00f6nnen nur von Mitgliedern, die an der Veranstaltung teilgenommen haben, mit Hilfe eines Sicherheitscodes angesehen werden. So wird sichergestellt, dass nur die Anwesenden Zugang zu diesen exklusiven Erinnerungen haben.<\/p>\r\n<h2>Datenschutz<\/h2>\r\n<p>Was passiert mit den Fotos, die ich bei der Anmeldung einreiche?<\/p>\r\n<p>Ihre Fotos werden nur vom Marquee-Team eingesehen und ausschlie\u00dflich zur Beurteilung Ihrer Bewerbung verwendet. Wir geben diese Bilder niemals an Dritte weiter.<\/p>\r\n<p>Wie werden meine pers\u00f6nlichen Daten im Mitgliedsantrag verwendet?<\/p>\r\n<p>Ihre Angaben werden streng vertraulich behandelt und nur zur Bewertung Ihrer Bewerbung verwendet. Wir verpflichten uns zur Wahrung Ihrer Privatsph\u00e4re und geben Ihre Daten nicht an Dritte weiter.<\/p>\r\n<p>Kann ich kontrollieren, wer die Fotos sieht, die ich in mein Profil hochlade?<\/p>\r\n<p>Ja. Standardm\u00e4\u00dfig sind Ihre Fotos gesch\u00fctzt, aber Sie haben die volle Kontrolle \u00fcber Ihre Sichtbarkeitseinstellungen. Sie k\u00f6nnen w\u00e4hlen, ob sie f\u00fcr alle, nur f\u00fcr Ihre Verbindungen oder f\u00fcr niemanden sichtbar sein sollen.<\/p>\r\n<p>Wie kann ich mein Profil bearbeiten?<\/p>\r\n<p>Log in, click on your name or photo at the top right, then select &#8220;Account.&#8221; You&#8217;ll be able to make adjustments to your profile details.<\/p>\r\n<p>Wie kann ich mein Profil dauerhaft l\u00f6schen?<\/p>\r\n<p>Log in, click on your name or photo, go to &#8220;Account,&#8221; and select the option to delete your profile permanently. Please note that this action is irreversible.<\/p>\r\n<p>Kann ich ein Profil erstellen, ohne dass andere es sehen?<\/p>\r\n<p>Yes, you may set your profile to &#8220;invisible&#8221; mode. To do so, log in, go to &#8220;Account&#8221; under your name or photo, and adjust your visibility settings under &#8220;Privacy.&#8221;<\/p>\r\n<h2>Marquee Moments Fotografie<\/h2>\r\n<p>Kann ich w\u00e4hrend der Veranstaltungen im Festzelt Fotos machen lassen?<\/p>\r\n<p>Ja, wir bieten <strong>Festzelt-Momente<\/strong>-an exclusive photo opportunity in private areas with themed backdrops. You can choose from self-service photo booths with on-the-spot prints or have portraits taken by our professional photographers, who will email you edited copies after the event. These photos are for your personal use, and we encourage members to keep them within the community.<\/p>\r\n<p>Kann ich andere Mitglieder auch au\u00dferhalb von Veranstaltungen treffen?<\/p>\r\n<p>Ja, \u00fcber unsere exklusive Online-Community k\u00f6nnen Sie mit anderen Mitgliedern in Kontakt treten. Hier k\u00f6nnen Sie Kontakte kn\u00fcpfen und, wenn die Chemie stimmt, private Treffen vereinbaren. Diskretion und Respekt stehen dabei immer an erster Stelle.<\/p>\r\n<h2>Verhaltenskodex<\/h2>\r\n<p>Was wird von mir als Marquee-Mitglied erwartet?<\/p>\r\n<p>We expect all members to respect the Marquee community by adhering to our consent guidelines, treating others with courtesy, and honoring each individual&#8217;s boundaries. Both online and offline, we prioritize respect, kindness, and consent.<\/p>\r\n<p>Wie kann ich ein Problem oder unerw\u00fcnschtes Verhalten melden?<\/p>\r\n<p>Wenn Sie ein Verhalten erleben oder beobachten, das gegen unsere Gemeinschaftsstandards verst\u00f6\u00dft, informieren Sie bitte einen Marquee-Mitarbeiter w\u00e4hrend der Veranstaltungen oder kontaktieren Sie uns unter info@TheMarquee.nl. Wir nehmen alle Meldungen ernst und legen gro\u00dfen Wert auf die Sicherheit und den Komfort unserer Mitglieder.<\/p>\r\n<p>Was passiert, wenn ich gegen den Verhaltenskodex versto\u00dfe?<\/p>\r\n<p>Ein Versto\u00df gegen unseren Verhaltenskodex kann zur vor\u00fcbergehenden Suspendierung oder zum dauerhaften Ausschluss von der Marquee-Community und von Veranstaltungen f\u00fchren. Wir haben strenge Richtlinien, um die Sicherheit und den Komfort aller unserer Mitglieder zu gew\u00e4hrleisten.<\/p>\r\n<h2>Veranstaltungen<\/h2>\r\n<p>Wie h\u00e4ufig werden Marquee-Veranstaltungen organisiert?<\/p>\r\n<p>Marquee hosts approximately four to five events annually, ranging from large themed gatherings with 500-750 guests to more intimate &#8220;Exclusively Elite&#8221; evenings. These exclusive events offer a deeply personal experience and are only open to selected members.<\/p>\r\n<p>Wo finden die Veranstaltungen im Festzelt statt?<\/p>\r\n<p>We select only the most stunning locations across the Netherlands to meet your high expectations. You&#8217;ll receive the full address one day before the event, though the general region is provided in advance so you can arrange accommodations if needed.<\/p>\r\n<p>Gibt es Themen f\u00fcr jede Veranstaltung?<\/p>\r\n<p>Ja, jede Veranstaltung steht unter einem einzigartigen und sorgf\u00e4ltig ausgew\u00e4hlten Thema. Dieses Thema inspiriert die Kleiderordnung und schafft eine stimmige, bezaubernde Atmosph\u00e4re. Die Themen werden lange im Voraus bekannt gegeben, damit Sie gen\u00fcgend Zeit haben, sich vorzubereiten.<\/p>\r\n<p>Kann ich Sonderw\u00fcnsche f\u00fcr Veranstaltungen einreichen?<\/p>\r\n<p>Ja, wir freuen uns \u00fcber Sonderw\u00fcnsche, die Ihr Erlebnis verbessern. Kontaktieren Sie unser Team unter info@TheMarquee.nl, und wir werden unser Bestes tun, um Ihre W\u00fcnsche zu erf\u00fcllen.<\/p>\r\n<h2>Mitgliedschaften<\/h2>\r\n<p>Warum ist eine Mitgliedschaft bei Marquee erforderlich?<\/p>\r\n<p>Die Mitgliedschaft bei Marquee garantiert eine ausgew\u00e4hlte, exklusive Gemeinschaft, in der die Mitglieder in einer angenehmen Umgebung Kontakte kn\u00fcpfen und sich austauschen k\u00f6nnen. Alle Bewerber werden sorgf\u00e4ltig gepr\u00fcft, um die Qualit\u00e4t und Integrit\u00e4t unserer Gemeinschaft zu wahren und eine sichere und anspruchsvolle Erfahrung f\u00fcr alle zu schaffen.<\/p>\r\n<p>Welche Art von Fotos sollte ich mit meiner Bewerbung einreichen?<\/p>\r\n<p>We request recent, full-body color photos that capture your authentic self-without filters or sunglasses. Clear, elegant photos increase the likelihood of acceptance, as they help us understand your alignment with our community.<\/p>\r\n<p>Wie lange dauert die Pr\u00fcfung meines Antrags?<\/p>\r\n<p>Wir bem\u00fchen uns, Ihre Bewerbung innerhalb von zwei Wochen zu pr\u00fcfen. Aufgrund unseres gr\u00fcndlichen Auswahlverfahrens kann es l\u00e4nger dauern. Sobald eine Entscheidung getroffen wurde, erhalten Sie eine Best\u00e4tigung.<\/p>\r\n<h2>Dresscode<\/h2>\r\n<p>Wie lautet die Kleiderordnung f\u00fcr Veranstaltungen im Festzelt?<\/p>\r\n<p>Unsere Kleiderordnung soll den Zauber und die Faszination unserer Zusammenk\u00fcnfte unterstreichen. M\u00e4nner m\u00fcssen einen Smoking (keinen Anzug) tragen, und Frauen sollten elegante Dessous tragen, die zum Thema des Abends passen. Diese Kleidung gibt den Ton f\u00fcr einen Abend der Verbindung und Eleganz an und schafft eine einzigartige Atmosph\u00e4re f\u00fcr alle Teilnehmer.<\/p>\r\n<p>What happens if I don&#8217;t adhere to the dress code?<\/p>\r\n<p>Wir halten uns an eine strenge Kleiderordnung. Mitgliedern, die sich nicht an die vorgeschriebene Kleidung halten, wird der Zutritt zur Veranstaltung h\u00f6flich verweigert. Dies ist wichtig, um die Atmosph\u00e4re und die Exklusivit\u00e4t unserer Zusammenk\u00fcnfte zu wahren.<\/p>\r\n<h2>Eintrittskarten<\/h2>\r\n<p>Can I sell my ticket to someone else if I can&#8217;t attend?<\/p>\r\n<p>Nein, die Tickets sind pers\u00f6nlich und nicht \u00fcbertragbar. Sie sind an Ihr Konto gebunden und werden beim Einlass validiert, um Ihre Identit\u00e4t zu best\u00e4tigen.<\/p>\r\n<p>Kann ich ein Ticket von einem anderen Mitglied kaufen?<\/p>\r\n<p>No, Marquee tickets are non-transferable and exclusively available through each member&#8217;s personal account. Tickets are scanned at the entrance, and only the purchaser is granted access.<\/p>\r\n<p>What if I can&#8217;t attend an event after purchasing a ticket?<\/p>\r\n<p>Die Tickets sind nicht erstattungsf\u00e4hig, aber wir bieten eine begrenzte Stornierungspolitik an. Wenn Sie uns unter info@TheMarquee.nl benachrichtigen, k\u00f6nnen wir Ihnen einen bestimmten Prozentsatz des Ticketpreises gutschreiben, je nachdem, wie weit im Voraus Sie stornieren:<\/p>\r\n<ul>\r\n<li>21+ Tage vor der Veranstaltung: 50% Gutschrift auf Ihr Konto<\/li>\r\n<li>14-21 Tage vor der Veranstaltung: 25% Gutschrift auf Ihr Konto<\/li>\r\n<li>Innerhalb von 14 Tagen: Keine Gutschrift<\/li>\r\n<\/ul>\r\n<p>Diese Politik gew\u00e4hrleistet sowohl die Exklusivit\u00e4t unserer Veranstaltungen als auch die Flexibilit\u00e4t f\u00fcr unsere Mitglieder.<\/p>\r\n<p>Kann ich eine Eintrittskarte an der T\u00fcr kaufen?<\/p>\r\n<p>Nein, Tickets sind nur \u00fcber Ihr pers\u00f6nliches Online-Konto erh\u00e4ltlich und m\u00fcssen im Voraus gekauft werden. Tickets k\u00f6nnen nicht an der T\u00fcr gekauft werden.<\/p>\r\n<h2>Online-Gemeinschaftsplattform<\/h2>\r\n<p>Was beinhaltet die Marquee Online-Plattform?<\/p>\r\n<p>Unsere Online-Plattform ist ein Ort, an dem Paare und alleinstehende Frauen Profile erstellen, sich mit anderen verbinden und gemeinsame Interessen erkunden k\u00f6nnen. Mitglieder k\u00f6nnen Fotos hinzuf\u00fcgen, ihre W\u00fcnsche \u00e4u\u00dfern und sich mit Gleichgesinnten austauschen.<\/p>\r\n<p>Kann ich mein Online-Profil privat halten?<\/p>\r\n<p>Yes, you have full control over your profile&#8217;s visibility. You can choose to keep it private, making it invisible and unsearchable to others. Privacy is paramount to Marquee, and we respect all members&#8217; preferences.<\/p>\r\n<p>Welche Richtlinien sollte ich bei Online-Interaktionen beachten?<\/p>\r\n<p>Alle Interaktionen auf unserer Plattform sollten respektvoll und einvernehmlich sein. Wir haben eine Null-Toleranz-Politik f\u00fcr Bel\u00e4stigung, unerw\u00fcnschte Ann\u00e4herungsversuche und respektloses Verhalten. Holen Sie immer Ihr Einverst\u00e4ndnis ein, bevor Sie mit anderen interagieren, und melden Sie Verst\u00f6\u00dfe an unser Support-Team unter <a href=\"mailto:info@TheMarquee.nl\">info@TheMarquee.nl<\/a>.<\/p>\r\n<p><a href=\"https:\/\/themarquee.nl\/de\/membership\/\" target=\"_self\"> Beantragen Sie Ihre Mitgliedschaft <\/a><\/p>","protected":false},"excerpt":{"rendered":"<p>General questions What kind of people come to your events? Marquee events attract successful, open-minded couples and confident single women who appreciate exclusivity, style, and opulence. Our members lead fulfilling lives and are eager to explore their boundaries within a sophisticated, discreet environment. The Marquee community consists of individuals passionate about enhancing their romantic and&hellip;<\/p>","protected":false},"author":1,"featured_media":0,"parent":0,"menu_order":20,"comment_status":"closed","ping_status":"closed","template":"","meta":{"_acf_changed":false,"inline_featured_image":false,"footnotes":""},"class_list":["post-2652","page","type-page","status-publish","hentry"],"acf":[],"_links":{"self":[{"href":"https:\/\/themarquee.nl\/de\/wp-json\/wp\/v2\/pages\/2652","targetHints":{"allow":["GET"]}}],"collection":[{"href":"https:\/\/themarquee.nl\/de\/wp-json\/wp\/v2\/pages"}],"about":[{"href":"https:\/\/themarquee.nl\/de\/wp-json\/wp\/v2\/types\/page"}],"author":[{"embeddable":true,"href":"https:\/\/themarquee.nl\/de\/wp-json\/wp\/v2\/users\/1"}],"replies":[{"embeddable":true,"href":"https:\/\/themarquee.nl\/de\/wp-json\/wp\/v2\/comments?post=2652"}],"version-history":[{"count":20,"href":"https:\/\/themarquee.nl\/de\/wp-json\/wp\/v2\/pages\/2652\/revisions"}],"predecessor-version":[{"id":3661,"href":"https:\/\/themarquee.nl\/de\/wp-json\/wp\/v2\/pages\/2652\/revisions\/3661"}],"wp:attachment":[{"href":"https:\/\/themarquee.nl\/de\/wp-json\/wp\/v2\/media?parent=2652"}],"curies":[{"name":"wp","href":"https:\/\/api.w.org\/{rel}","templated":true}]}}