{"id":2594,"date":"2023-08-02T20:52:28","date_gmt":"2023-08-02T18:52:28","guid":{"rendered":"https:\/\/www.themarquee.nl\/?page_id=2594"},"modified":"2025-09-06T12:19:43","modified_gmt":"2025-09-06T10:19:43","slug":"membership","status":"publish","type":"page","link":"https:\/\/themarquee.nl\/de\/membership\/","title":{"rendered":"Mitgliedschaft"},"content":{"rendered":"<p>Complete the registration form on our website together with a credible motivation, and Marquee&#8217;s organization will duly inform you whether membership is possible. Once accepted, you simply create a unique profile, log in and view event guests lists. You can purchase tickets for upcoming events, chat and flirt with other member who share common interests. View and share photos and participate in private events. You decide whether you share your profile with other members or keep it private. You can adjust your private preferences in your account settings. You can purchase tickets for upcoming event. (For Elite member only)<\/p>\r\n<h4>Gold<\/h4>\r\n<p>\u20ac750,- \/ year<br \/>pro Paar<\/p>\r\n<ul>\r\n<li>Zugang zur Online-Community<\/li>\r\n<li>Pers\u00f6nliches Online-Goldkonto<\/li>\r\n<li><b>Kein Zugang<\/b> zu den Marquee-Veranstaltungen<\/li>\r\n<\/ul>\r\n<p><a href=\"https:\/\/members.themarquee.nl\/registration\/\" target=\"_blank\" rel=\"noopener\"> Gold-Mitgliedschaft beantragen <\/a> <a href=\"https:\/\/members.themarquee.nl\/registration\/\" target=\"_blank\" rel=\"noopener\"> Oder als alleinstehende Frau (50% aus) <\/a><\/p>\r\n<h4>Elite<\/h4>\r\n<p>\u20ac1500,- \/ year<br \/>pro Paar<\/p>\r\n<ul>\r\n<li>Zugang zur Online-Community<\/li>\r\n<li>Pers\u00f6nliches Online-Elite-Konto<\/li>\r\n<li>Exklusive Privilegien innerhalb der Online-Community<\/li>\r\n<li>Zahlungskarte f\u00fcr die Elite-Mitgliedschaft<\/li>\r\n<\/ul>\r\n<p>Veranstaltungen<\/p>\r\n<ul>\r\n<li>Bezahlter Zugang zu unseren hochexklusiven Veranstaltungen<\/li>\r\n<li>Die sch\u00f6nsten, sorgf\u00e4ltig ausgew\u00e4hlten geheimen Orte<\/li>\r\n<li>Jede Ausgabe hat ein geheimnisvolles und verf\u00fchrerisches Thema<\/li>\r\n<li>Schicke und fesselnde Unterhaltung und Auff\u00fchrungen<\/li>\r\n<li>Cashless payments mit Ihrer pers\u00f6nlichen Elite-Mitgliedskarte<\/li>\r\n<li>Umfangreiche Auswahl an erlesenen Getr\u00e4nken<\/li>\r\n<li>Top-tier Champagne &amp; Cocktail service<\/li>\r\n<li>Fantastischer VIP-Empfang mit stilvollem Eingang<\/li>\r\n<\/ul>\r\n<p>Dresscode<\/p>\r\n<ul>\r\n<li>Die Herren m\u00fcssen einen eleganten Smoking tragen.<\/li>\r\n<li>Damen m\u00fcssen in eleganten Dessous und hochhackigen Schuhen erscheinen<\/li>\r\n<li>Diese Kleiderordnung wird streng durchgesetzt und ist nicht verhandelbar. Bei Nichteinhaltung wird der Zutritt zur Veranstaltung verweigert.<\/li>\r\n<\/ul>\r\n<p>Datenschutz<\/p>\r\n<ul>\r\n<li>Diskreter Garderobendienst<\/li>\r\n<li>Ger\u00e4umige, sichere Schlie\u00dff\u00e4cher<\/li>\r\n<li>Unbegrenzter Zugang zu luxuri\u00f6sen Pflege- und Erfrischungsprodukten<\/li>\r\n<li>Tadellos gepflegte Toiletten mit aufmerksamen Bediensteten<\/li>\r\n<li>Ultra-diskrete Umgebung mit professioneller Sicherheit<\/li>\r\n<li>Foto- und Videoaufnahmen w\u00e4hrend der Veranstaltungen sind nicht gestattet.<\/li>\r\n<\/ul>\r\n<p>Privilegien<\/p>\r\n<ul>\r\n<li>Exklusive Einladungen zu intimen, privaten Soireen, die unseren hochgesch\u00e4tzten Mitgliedern vorbehalten sind<\/li>\r\n<li>Pers\u00f6nliche VIP-Betreuung durch unsere engagierten Hostessen, die f\u00fcr ein nahtloses und raffiniertes Erlebnis sorgen<\/li>\r\n<\/ul>\r\n<p>Hotel<\/p>\r\n<ul>\r\n<li>Bezahlter Aufenthalt in sorgf\u00e4ltig ausgew\u00e4hlten Marquee-Partnerhotels<\/li>\r\n<li>Elite-Transport vom Hotel zum geheimen Veranstaltungsort und zur\u00fcck<\/li>\r\n<li>Sp\u00e4ter Check-out, sofern verf\u00fcgbar<\/li>\r\n<li>Fr\u00fchst\u00fcck auf Anfrage<\/li>\r\n<\/ul>\r\n<p><a href=\"https:\/\/members.themarquee.nl\/registration\/\" target=\"_blank\" rel=\"noopener\"> Antrag auf Elite-Mitgliedschaft <\/a> <a href=\"https:\/\/members.themarquee.nl\/registration\/\" target=\"_blank\" rel=\"noopener\"> Oder als alleinstehende Frau (50% aus) <\/a><\/p>","protected":false},"excerpt":{"rendered":"<p>Complete the registration form on our website together with a credible motivation, and Marquee&#8217;s organization will duly inform you whether membership is possible. Once accepted, you simply create a unique profile, log in and view event guests lists. You can purchase tickets for upcoming events, chat and flirt with other member who share common interests.&hellip;<\/p>","protected":false},"author":1,"featured_media":0,"parent":0,"menu_order":0,"comment_status":"closed","ping_status":"closed","template":"","meta":{"_acf_changed":false,"inline_featured_image":false,"footnotes":""},"class_list":["post-2594","page","type-page","status-publish","hentry"],"acf":[],"_links":{"self":[{"href":"https:\/\/themarquee.nl\/de\/wp-json\/wp\/v2\/pages\/2594","targetHints":{"allow":["GET"]}}],"collection":[{"href":"https:\/\/themarquee.nl\/de\/wp-json\/wp\/v2\/pages"}],"about":[{"href":"https:\/\/themarquee.nl\/de\/wp-json\/wp\/v2\/types\/page"}],"author":[{"embeddable":true,"href":"https:\/\/themarquee.nl\/de\/wp-json\/wp\/v2\/users\/1"}],"replies":[{"embeddable":true,"href":"https:\/\/themarquee.nl\/de\/wp-json\/wp\/v2\/comments?post=2594"}],"version-history":[{"count":20,"href":"https:\/\/themarquee.nl\/de\/wp-json\/wp\/v2\/pages\/2594\/revisions"}],"predecessor-version":[{"id":3654,"href":"https:\/\/themarquee.nl\/de\/wp-json\/wp\/v2\/pages\/2594\/revisions\/3654"}],"wp:attachment":[{"href":"https:\/\/themarquee.nl\/de\/wp-json\/wp\/v2\/media?parent=2594"}],"curies":[{"name":"wp","href":"https:\/\/api.w.org\/{rel}","templated":true}]}}