{"id":2575,"date":"2023-08-02T20:20:37","date_gmt":"2023-08-02T18:20:37","guid":{"rendered":"https:\/\/www.themarquee.nl\/?page_id=2575"},"modified":"2025-09-06T12:24:36","modified_gmt":"2025-09-06T10:24:36","slug":"events","status":"publish","type":"page","link":"https:\/\/themarquee.nl\/de\/events\/","title":{"rendered":"Veranstaltungen"},"content":{"rendered":"<h2>Jenseits Ihrer wildesten Vorstellungskraft<\/h2>\r\n<p>Elite der Gleichgesinnten<\/p>\r\n<p>Viermal im Jahr treffen sich unsere Mitglieder zu exklusiven Veranstaltungen, die wirklich spektakul\u00e4r sind. Jede Ausgabe steht unter einem anderen Motto und verwandelt unsere atemberaubenden Veranstaltungsorte in anspruchsvolle Spielpl\u00e4tze f\u00fcr Erwachsene, die einen unvergleichlichen Service und fesselnde Darbietungen bieten.<\/p>\r\n<p>Nur als Mitglied haben Sie Zugang zu diesen au\u00dfergew\u00f6hnlichen Erlebnissen, die jedes Treffen zu einem unvergesslichen Erlebnis machen. Genie\u00dfen Sie Tanz, exquisite Getr\u00e4nke und die Gesellschaft von Gleichgesinnten, die Ihre Leidenschaft f\u00fcr Luxus teilen. Flirten Sie, verf\u00fchren Sie und bringen Sie Ihre W\u00fcnsche zum Leben.<\/p>\r\n<p>Um die Raffinesse und den Reiz unserer Veranstaltungen zu erhalten, halten wir eine <strong>strenge Kleiderordnung<\/strong>:<\/p>\r\n<ul>\r\n<li><strong>Meine Herren<\/strong>: Elegant gekleidet in einem perfekt geschneiderten Smoking<\/li>\r\n<li><strong>Damen<\/strong>: Anmutig geschm\u00fcckt in luxuri\u00f6sen Dessous und hohen Abs\u00e4tzen<\/li>\r\n<\/ul>\r\n<p>Personen, die sich nicht an diese Kleiderordnung halten, wird der Zutritt verweigert. Diese Standards sind wichtig, um die bezaubernde Atmosph\u00e4re zu erhalten, die unsere G\u00e4ste erwarten.<\/p>\r\n<p>Unter <strong>Marquee Luxus Events<\/strong>Exklusivit\u00e4t und Diskretion sind oberstes Gebot. Wir ver\u00f6ffentlichen keine Bilder oder Videos auf \u00f6ffentlichen Plattformen, um die Privatsph\u00e4re und Intimit\u00e4t unserer Veranstaltungen zu sch\u00fctzen. Stattdessen bieten wir die M\u00f6glichkeit, an professionellen Fotoshootings in bestimmten Bereichen w\u00e4hrend unserer sorgf\u00e4ltig ausgew\u00e4hlten Veranstaltungen teilzunehmen.<\/p>\r\n<ul>\r\n<li><strong>Thematische Aufbauten f\u00fcr die Fotografie<\/strong> sind daf\u00fcr konzipiert, besondere Momente festzuhalten<\/li>\r\n<li><strong>Fotos k\u00f6nnen vor Ort gedruckt werden<\/strong> oder in digitaler Form per E-Mail nach der Veranstaltung erhalten<\/li>\r\n<li><strong>Die Mitglieder k\u00f6nnen ihre Bilder nach Belieben verwenden.<\/strong>obwohl wir uns daf\u00fcr einsetzen, die einzigartige Marquee-Essenz innerhalb unserer exklusiven Gemeinschaft zu bewahren<\/li>\r\n<\/ul>\r\n<p>Beitritt zum <strong>Marquee Kreis<\/strong>, wo Stil, Luxus und Verf\u00fchrung zelebriert werden. Unsere Veranstaltungen bieten einen Zufluchtsort f\u00fcr Frauen, um ihre innere G\u00f6ttin zu umarmen, ihre Weiblichkeit und ihr Selbstvertrauen zum Ausdruck zu bringen und ihre Anziehungskraft und Macht auszustrahlen.<\/p>\r\n<p><a href=\"https:\/\/themarquee.nl\/de\/membership\/\" target=\"_self\"> Beantragen Sie Ihre Mitgliedschaft <\/a> <img decoding=\"async\" title=\"Zitate2\" src=\"https:\/\/themarquee.nl\/wp-content\/uploads\/2024\/05\/quotes2.png\" alt=\"quotes2\" width=\"347\" height=\"347\" \/><\/p>\r\n<h4>Tauchen Sie ein in eine Welt jenseits Ihrer Vorstellungskraft im Marquee, wo jede exklusive Veranstaltung ein Meisterwerk an Luxus und Verf\u00fchrung ist.<\/h4>\r\n<p>Mit fesselnden Themen und einer exquisiten Umgebung laden unsere Veranstaltungen zum Tanzen, Flirten und zu unvergesslichen Erlebnissen mit anderen Liebhabern der Raffinesse ein. Hier ist jeder Moment ein Fest der Begierde, und jedes Detail ist so gestaltet, dass es Ihre Reise in die Eleganz und Verzauberung w\u00fcrdigt.<\/p>","protected":false},"excerpt":{"rendered":"<p>Beyond your wildest imagination Elite of like-minded people Four times a year, our members gather for exclusive events that are truly spectacular. Each edition boasts a unique theme, transforming our breathtaking venues into sophisticated playgrounds for adults, offering unparalleled service and captivating performances. Only as a member can you access these extraordinary experiences, ensuring each&hellip;<\/p>","protected":false},"author":1,"featured_media":0,"parent":0,"menu_order":0,"comment_status":"closed","ping_status":"closed","template":"","meta":{"_acf_changed":false,"inline_featured_image":false,"footnotes":""},"class_list":["post-2575","page","type-page","status-publish","hentry"],"acf":[],"_links":{"self":[{"href":"https:\/\/themarquee.nl\/de\/wp-json\/wp\/v2\/pages\/2575","targetHints":{"allow":["GET"]}}],"collection":[{"href":"https:\/\/themarquee.nl\/de\/wp-json\/wp\/v2\/pages"}],"about":[{"href":"https:\/\/themarquee.nl\/de\/wp-json\/wp\/v2\/types\/page"}],"author":[{"embeddable":true,"href":"https:\/\/themarquee.nl\/de\/wp-json\/wp\/v2\/users\/1"}],"replies":[{"embeddable":true,"href":"https:\/\/themarquee.nl\/de\/wp-json\/wp\/v2\/comments?post=2575"}],"version-history":[{"count":20,"href":"https:\/\/themarquee.nl\/de\/wp-json\/wp\/v2\/pages\/2575\/revisions"}],"predecessor-version":[{"id":3658,"href":"https:\/\/themarquee.nl\/de\/wp-json\/wp\/v2\/pages\/2575\/revisions\/3658"}],"wp:attachment":[{"href":"https:\/\/themarquee.nl\/de\/wp-json\/wp\/v2\/media?parent=2575"}],"curies":[{"name":"wp","href":"https:\/\/api.w.org\/{rel}","templated":true}]}}