{"id":2561,"date":"2023-08-02T10:05:29","date_gmt":"2023-08-02T08:05:29","guid":{"rendered":"https:\/\/www.themarquee.nl\/?page_id=2561"},"modified":"2026-03-25T13:43:41","modified_gmt":"2026-03-25T12:43:41","slug":"home","status":"publish","type":"page","link":"https:\/\/themarquee.nl\/de\/","title":{"rendered":"Startseite"},"content":{"rendered":"<figure data-animation-delay=\"0\" data-animation-duration=\"1\" itemscope itemtype=\"https:\/\/schema.org\/ImageObject\">\n\t\t\t\t<img decoding=\"async\" src=\"https:\/\/themarquee.nl\/wp-content\/uploads\/2024\/01\/Logo-compleet-goud-grunge.svg\" alt=\"Logo compleet goud-grunge\" height=\"0\" width=\"0\" title=\"Logo komplettiert goud-grunge\" onerror=\"this.style.display='none'\" loading=\"lazy\" \/>\n\t<\/figure>\n<figure data-animation-delay=\"1\" data-animation-duration=\"1\" itemscope itemtype=\"https:\/\/schema.org\/ImageObject\">\n\t\t\t\t<img decoding=\"async\" src=\"https:\/\/themarquee.nl\/wp-content\/uploads\/2024\/01\/Tekst-goud.svg\" alt=\"Tekst goud\" height=\"0\" width=\"0\" title=\"Tekst goud\" onerror=\"this.style.display='none'\" loading=\"lazy\" \/>\n\t<\/figure>\n<figure data-animation-delay=\"4\" data-animation-duration=\"1\" itemscope itemtype=\"https:\/\/schema.org\/ImageObject\">\n\t\t\t\t<img decoding=\"async\" src=\"https:\/\/themarquee.nl\/wp-content\/uploads\/2024\/01\/Scroll-Down-white.gif\" alt=\"Scroll-Down-white\" height=\"600\" width=\"800\" title=\"Scroll-Down-wei\u00df\" onerror=\"this.style.display='none'\" loading=\"lazy\" \/>\n\t<\/figure>\n<h2>\n\t\t\tIhr n\u00e4chstes Abenteuer erwartet Sie\t<\/h2>\n\t<iframe allowfullscreen allow=\"autoplay\" data-src=\"https:\/\/player.vimeo.com\/video\/1047404690?color=ac9577&amp;autopause=0&amp;loop=0&amp;muted=0&amp;title=0&amp;portrait=0&amp;byline=0&amp;h\"><\/iframe>\t\t\n\t\t\t\t\tVideo abspielen\n<h1>\n\t\t\tWir sind Marquee\t<\/h1>\n\t<p>Willkommen bei Marquee, einer exklusiven Community f\u00fcr abenteuerlustige Herzen, freie Geister und selbstbewusste Seelen. Hier laden wir aufgeschlossene, erfolgreiche Paare und Single-Frauen, die mit ihrer Sinnlichkeit im Einklang sind, ein, sich zu treffen, zu flirten und ihre W\u00fcnsche zu erkunden.<\/p>\n<p>Die Mitgliedschaft bei Marquee ist ein Privileg, eine Auszeichnung, die nur denjenigen zuteil wird, die unsere lebendige Gemeinschaft bereichern k\u00f6nnen. Unsere Mitglieder werden auf der Grundlage ihrer Attraktivit\u00e4t, ihres beruflichen Status und ihres potenziellen Beitrags zur Marquee-Gemeinschaft ausgew\u00e4hlt. Wir glauben an Qualit\u00e4t statt Quantit\u00e4t, um das Marquee-Erlebnis zu gew\u00e4hrleisten.<\/p>\n\t\t\t<a href=\"https:\/\/themarquee.nl\/de\/about-marquee\/\"  target=\"_self\">\n\t\t\t\t\t\t\t\u00dcber Marquee\n\t\t\t\t\t<\/a>\n<figure itemscope itemtype=\"https:\/\/schema.org\/ImageObject\">\n\t\t\t\t<img decoding=\"async\" src=\"https:\/\/themarquee.nl\/wp-content\/uploads\/2024\/05\/quotes2.png\" alt=\"quotes2\" height=\"347\" width=\"347\" title=\"Zitate2\" onerror=\"this.style.display='none'\" loading=\"lazy\" \/>\n\t<\/figure>\n<h2>\n\t\t\tTreten Sie ein in Marquee, wo die K\u00fchnheit und die Sch\u00f6nheit in einer Feier der sch\u00f6nsten Freuden des Lebens zusammenkommen\t<\/h2>\n\t<p>Unsere exklusive Gemeinschaft l\u00e4dt abenteuerlustige Seelen dazu ein, in einer Atmosph\u00e4re von Raffinesse und Verf\u00fchrung Kontakte zu kn\u00fcpfen, zu erforschen und sich ihren W\u00fcnschen hinzugeben. Hier ist jeder Moment ein privater Schatz, geschaffen f\u00fcr diejenigen, die verstehen, dass wahrer Luxus in unvergesslichen Erfahrungen liegt, die sie mit Gleichgesinnten teilen.<\/p>\n<h2>\n\t\t\tDer Prozess\t<\/h2>\n\t\t<ul>\n\t\t\t\t\t<li>\n\t\t\t\t<h3>01<\/h3>\n\t\t<p><strong>Beantragen Sie Ihre Mitgliedschaft<\/strong>Bewerben Sie sich in unserer exklusiven Gemeinschaft.<\/p>\t\t\t\n\t\t\t<\/li>\n\t\t\t\t\t<li>\n\t\t\t\t<h3>02<\/h3>\n\t\t<p><strong>Zugang beantragen<\/strong><\/p>\n<p>Unser Team pr\u00fcft Ihre Bewerbungen, um eine perfekte Passform zu gew\u00e4hrleisten.<\/p>\n\t\t\t<\/li>\n\t\t\t\t\t<li>\n\t\t\t\t<h3>03<\/h3>\n\t\t<p><strong>Und lassen Sie Ihre Motivation unser Interesse wecken<\/strong>Sobald Sie ausgew\u00e4hlt wurden, erhalten Sie Zugang zu unserer Online-Plattform.<\/p>\t\t\t\n\t\t\t<\/li>\n\t\t\t\t\t<li>\n\t\t\t\t<h3>04<\/h3>\n\t\t<p><strong>Genie\u00dfen Sie unsere Veranstaltungen (nur Elite)<\/strong>Freuen Sie sich mit uns auf unvergessliche Veranstaltungen voller Spa\u00df, Kontakte und Spannung. Verpassen Sie es nicht!<\/p>\t\t\t\n\t\t\t<\/li>\n\t\t\t\t<\/ul>\n\t\t\t<a href=\"https:\/\/themarquee.nl\/de\/the-process\/\"  target=\"_self\">\n\t\t\t\t\t\t\tDer gesamte Prozess\n\t\t\t\t\t<\/a>\n\t\t\t<a href=\"https:\/\/themarquee.nl\/de\/membership\/\"  target=\"_self\">\n\t\t\t\t\t\t\tBeantragen Sie Ihre Mitgliedschaft\n\t\t\t\t\t<\/a>\n<h2>\n\t\t\tDer Reiz von Marquee\t<\/h2>\n\t<p>Marquee wurde als Zufluchtsort f\u00fcr diejenigen geschaffen, die Eleganz, Intimit\u00e4t und den Nervenkitzel der anspruchsvollen Sinnlichkeit suchen. In einer Welt, in der Diskretion und Authentizit\u00e4t selten sind, bietet Marquee einen exklusiven Zufluchtsort f\u00fcr selbstbewusste Paare und Frauen, um W\u00fcnsche zu erkunden, Beziehungen zu teilen und den Reiz des Unbekannten zu genie\u00dfen. Hier werden die exquisitesten Vergn\u00fcgungen des Lebens zum Leben erweckt - handgefertigte Momente der Verf\u00fchrung, der Sch\u00f6nheit und des Abenteuers. Marquee ist nicht nur eine Flucht, sondern eine Reise in eine Welt, in der sich Grenzen aufl\u00f6sen, Raffinesse auf Intrigen trifft und jede Begegnung Sie dazu einl\u00e4dt, die Kunst des k\u00fchnen, sch\u00f6nen und leidenschaftlichen Lebens zu ergreifen.<\/p>\n<h4>\n\t\t\tDatenschutz\t<\/h4>\n\t<p>Bei Marquee steht die Privatsph\u00e4re an erster Stelle. Unser Fotografierverbot und unsere Vertraulichkeitsvereinbarungen sorgen daf\u00fcr, dass jeder Moment intim bleibt und nicht mit anderen geteilt wird, so dass Sie sich ganz auf das Erlebnis einlassen k\u00f6nnen.<\/p>\n\t\t\t<a href=\"https:\/\/themarquee.nl\/de\/privacy\/\"  target=\"_self\">\n\t\t\t\t\t\t\tMehr lesen\n\t\t\t\t\t<\/a>\n<h4>\n\t\t\tMitgliedschaft\t<\/h4>\n\t<p>Der Beitritt zu Marquee ist ein Privileg. Unser selektiver Prozess schafft eine exklusive Gemeinschaft von Gleichgesinnten, die bereit sind, in einer kultivierten und respektvollen Umgebung Kontakte zu kn\u00fcpfen, zu entdecken und zu genie\u00dfen.<\/p>\n\t\t\t<a href=\"https:\/\/themarquee.nl\/de\/membership\/\"  target=\"_self\">\n\t\t\t\t\t\t\tMehr lesen\n\t\t\t\t\t<\/a>\n<h4>\n\t\t\tDresscode\t<\/h4>\n\t<p>Raffinesse und Verf\u00fchrung sind das A und O. Die M\u00e4nner werden im Smoking erwartet, die Frauen in eleganter, themenbezogener W\u00e4sche - die B\u00fchne f\u00fcr einen unvergesslichen, luxuri\u00f6sen Abend zu zweit.<\/p>\n\t\t\t<a href=\"https:\/\/themarquee.nl\/de\/dresscode\/\"  target=\"_self\">\n\t\t\t\t\t\t\tMehr lesen\n\t\t\t\t\t<\/a>\n<h2>\n\t\t\tGemeinschaft\t<\/h2>\n\t\t\t\t\t\t<h4>Einverst\u00e4ndnis, Respekt und Eleganz<\/h4>\t\t\t\t\t\n\t\t\t\t\t\t<h4>Datenschutz als Grundwert<\/h4>\t\t\t\t\t\n\t\t\t\t\t\t<h4>Personalisierte Profile &amp; Verbindungen<\/h4>\t\t\t\t\t\n\t\t\t\t\t\t<h4>Exklusive Gemeinschaft von aufgeschlossenen Menschen<\/h4>\t\t\t\t\t\n\t\t\t\t\t\t<h4>Unvergessliche Events mit un\u00fcbertroffener Diskretion<\/h4>\t\t\t\t\t\n\t\t\t<a href=\"https:\/\/themarquee.nl\/de\/community\/\"  target=\"_self\">\n\t\t\t\t\t\t\tLesen Sie mehr \u00fcber die Gemeinschaft\n\t\t\t\t\t<\/a>\n<h2>\n\t\t\tVeranstaltungen\t<\/h2>\n\t<p>Viermal im Jahr treffen sich unsere Elite-Mitglieder zu exklusiven Veranstaltungen, die wirklich spektakul\u00e4r sind. Jede Veranstaltung steht unter einem bestimmten Motto und verwandelt unsere exquisiten Veranstaltungsorte in anspruchsvolle Spielpl\u00e4tze f\u00fcr Erwachsene mit unvergleichlichem Service und fesselnden Darbietungen.<\/p>\n<p>Nur als Elite-Mitglied k\u00f6nnen Sie Tickets f\u00fcr diese au\u00dfergew\u00f6hnlichen Erlebnisse erwerben und so sicherstellen, dass jede Veranstaltung unvergesslich ist. Genie\u00dfen Sie Tanz, exquisite Getr\u00e4nke und die Gesellschaft von Gleichgesinnten, die Ihre Leidenschaft f\u00fcr Luxus teilen. Flirten Sie, verf\u00fchren Sie und erwecken Sie Ihre W\u00fcnsche zum Leben!<\/p>\n\t\t\t<a href=\"https:\/\/themarquee.nl\/de\/events\/\"  target=\"_self\">\n\t\t\t\t\t\t\tMehr lesen\n\t\t\t\t\t<\/a>\n<h2>\n\t\t\tIm Augenblick leben\t<\/h2>\n\t<p>In einer Zeit, in der jeder Moment auf den sozialen Medien festgehalten, geteilt und geliked zu werden scheint, wagt Marquee einen anderen Weg zu beschreiten. Wir glauben an die Kraft, im Moment zu leben.<\/p>\n<p>Bei \u2018Marquee\u2019 haben wir uns bewusst daf\u00fcr entschieden, uns von den sozialen Medien zur\u00fcckzuziehen. Unsere Veranstaltungen werden nicht fotografiert, nicht aufgezeichnet und - was am wichtigsten ist - sie bleiben unvergesslich. Dieser Ethos entspringt unserer Verpflichtung zu Privatsph\u00e4re und Diskretion. Wir wissen, dass der wahre Wert eines Erlebnisses in seiner pers\u00f6nlichen Bedeutung liegt, nicht in seiner \u00f6ffentlichen Darstellung.<\/p>\n\t\t\t<a href=\"https:\/\/themarquee.nl\/de\/social-media\/\"  target=\"_self\">\n\t\t\t\t\t\t\tMehr lesen\n\t\t\t\t\t<\/a>","protected":false},"excerpt":{"rendered":"<p>Dein n\u00e4chstes Abenteuer wartet Video abspielen Wir sind Marquee Willkommen bei Marquee, einem exklusiven community, das den abenteuerlustigen Herzen, den freien Geistern und den selbstbewussten Seelen gewidmet ist. Hier laden wir aufgeschlossene, erfolgreiche Paare und Single-Frauen, die mit ihrer Sinnlichkeit im Einklang sind, ein, sich zu treffen, zu flirten und ihre W\u00fcnsche zu erkunden. Die Mitgliedschaft bei Marquee ist ein...<\/p>","protected":false},"author":1,"featured_media":2996,"parent":0,"menu_order":-1,"comment_status":"closed","ping_status":"closed","template":"","meta":{"_acf_changed":false,"inline_featured_image":false,"footnotes":""},"class_list":["post-2561","page","type-page","status-publish","has-post-thumbnail","hentry"],"acf":[],"_links":{"self":[{"href":"https:\/\/themarquee.nl\/de\/wp-json\/wp\/v2\/pages\/2561","targetHints":{"allow":["GET"]}}],"collection":[{"href":"https:\/\/themarquee.nl\/de\/wp-json\/wp\/v2\/pages"}],"about":[{"href":"https:\/\/themarquee.nl\/de\/wp-json\/wp\/v2\/types\/page"}],"author":[{"embeddable":true,"href":"https:\/\/themarquee.nl\/de\/wp-json\/wp\/v2\/users\/1"}],"replies":[{"embeddable":true,"href":"https:\/\/themarquee.nl\/de\/wp-json\/wp\/v2\/comments?post=2561"}],"version-history":[{"count":20,"href":"https:\/\/themarquee.nl\/de\/wp-json\/wp\/v2\/pages\/2561\/revisions"}],"predecessor-version":[{"id":3668,"href":"https:\/\/themarquee.nl\/de\/wp-json\/wp\/v2\/pages\/2561\/revisions\/3668"}],"wp:featuredmedia":[{"embeddable":true,"href":"https:\/\/themarquee.nl\/de\/wp-json\/wp\/v2\/media\/2996"}],"wp:attachment":[{"href":"https:\/\/themarquee.nl\/de\/wp-json\/wp\/v2\/media?parent=2561"}],"curies":[{"name":"wp","href":"https:\/\/api.w.org\/{rel}","templated":true}]}}