{"id":2103,"date":"2019-12-11T10:08:12","date_gmt":"2019-12-11T09:08:12","guid":{"rendered":"https:\/\/demo.justiin.nl\/?page_id=2103"},"modified":"2025-03-19T10:12:34","modified_gmt":"2025-03-19T09:12:34","slug":"terms-and-conditions","status":"publish","type":"page","link":"https:\/\/themarquee.nl\/de\/terms-and-conditions\/","title":{"rendered":"Bedingungen und Konditionen"},"content":{"rendered":"<strong>Was bieten wir an?<br \/>\n<\/strong>The Marquee bietet eine exklusive und private Online-Dating-Plattform f\u00fcr Frauen und M\u00e4nner, sowohl mit kostenlosen als auch mit kostenpflichtigen Kontaktanzeigen. Dar\u00fcber hinaus veranstalten wir regelm\u00e4\u00dfig exklusive Events f\u00fcr unsere Mitglieder.\n<p>&nbsp;<\/p>\n<strong>Lidmaatschap<br \/>\n<\/strong>Sie k\u00f6nnen einen Lidmaatschapsaanvraag mit Hilfe des Formulars auf unserer Website einreichen. Wir nehmen innerhalb von 14 Tagen Kontakt mit Ihnen per E-Mail auf. Door een aanvraag in te dienen, verklaar en garandeer je dat je:\n<p>Ich war j\u00fcnger als 23 Jahre und wurde juristisch dazu verurteilt, einen Vertrag zu unterschreiben;<\/p>\n<p>auf unserer Website vermeldet werden;<\/p>\n<p>eerlijke, nauwkeurige en betrouwbare informatie verstrekt die niet misleidend is;<\/p>\n<p>niet geregistreerd bent as zedendelinquent;<\/p>\n<p>geen strafrechtelijke veroordelingen hebt voor frauduleus, seksueel, gewelddadig (inclusief huiselijk geweld), intimiderend, stalkend, terrorist of haatdragend gedrag.<\/p>\n<p>&nbsp;<\/p>\n<p>Das Anlegen einer Nachricht bedeutet nicht automatisch, dass Sie als neue Karte ausgew\u00e4hlt wurden. Wir verf\u00fcgen \u00fcber eine beachtliche Anzahl von neuen Deckeln. The Marquee hat das Recht, dass Sie zu einem bestimmten Zeitpunkt eine Nachricht erhalten, die Sie verweigern, verfassen oder mit einem anderen Titel versehen k\u00f6nnen. Gegevens van afgewezen aanvragers worden direct verwijderd. Lidmaatschap kann ingetrokken werden, wenn je je niet houdt aan ons beleid en\/of gedragsregels.<\/p>\n<p>Je mag geen meerdere accounts aanmaken.<\/p>\n<p>&nbsp;<\/p>\n<strong>Minimumleeftijd<br \/>\n<\/strong>F\u00fcr einen Lidmaatschapsaanvraag m\u00fcssen Sie mindestens 23 Jahre alt sein. Profielen van personen onder de 23 jaar worden direct verwijderd.\n<p>&nbsp;<\/p>\n<p>&nbsp;<\/p>\n<p>&nbsp;<\/p>\n<strong>PROFIELEN<br \/>\n<\/strong>Verificatie van lidmaatschap en verwijdering van nep-profielen:\n<p>Bei The Marquee behalten wir uns das Recht vor, die Identit\u00e4t unserer F\u00fchrungskr\u00e4fte zu verifizieren. Wenn wir vermuten, dass es sich um ein neues Profil handelt, haben wir das Recht, dieses Profil zu verwirren und den Zugang zu allen Veranstaltungen von The Marquee zu erm\u00f6glichen. Wir weisen darauf hin, dass in diesem Fall eine R\u00fcckerstattung des Deckelgeldes nicht m\u00f6glich ist.<\/p>\n<p>&nbsp;<\/p>\n<strong>HERROEPINGSRECHT<br \/>\n<\/strong>Opzegging van het lidmaatschap:\n<p>Wenn Sie eine E-Mail-Best\u00e4tigung von The Marquee erhalten haben, wird Ihre Karte aktiviert. Von diesem Tag an haben Sie das Recht, Ihre Karte mit einem anderen Angebot zu versehen, in Absprache mit dem Geldgeber. Eine vollst\u00e4ndige Gutschrift des Betrages ist dann m\u00f6glich.<\/p>\n<p>Wenn Sie Ihr Herbstrecht in Anspruch nehmen m\u00f6chten, m\u00fcssen Sie das entsprechende Herbstrecht-Formular ausf\u00fcllen und an info@TheMarquee.nl weiterleiten.<\/p>\n<p>Lassen Sie auf: Wenn Sie sich auf Ihrem Konto anmelden und unsere Dienste in Anspruch nehmen, gilt dies als ein wichtiger Hinweis f\u00fcr den Zugang zu den Diensten, bei dem die Zahlung verschuldet ist.<\/p>\n<p>&nbsp;<\/p>\n<strong>BERICHTEN<br \/>\n<\/strong>Opties voor communicatie:\n<p>Wenn Sie die Dienste von The Marquee in Anspruch nehmen m\u00f6chten, k\u00f6nnen Sie sich darauf verlassen, dass wir Sie \u00fcber Ihr Konto oder \u00fcber unsere Dienste informieren. Sie k\u00f6nnen diese Berichte direkt auf unserer Online-Plattform oder \u00fcber die E-Mailadresse, die an Ihr Konto gekoppelt ist, abrufen. Um zu kontrollieren, welche Art von Berichten Sie von The Marquee erhalten m\u00f6chten, m\u00fcssen Sie Ihre Einstellungen auf der interaktiven Plattform bekijken.<\/p>\n<p>&nbsp;<\/p>\n<strong>EVENEMENTEN<br \/>\n<\/strong>Eintrittskarten f\u00fcr Veranstaltungen:\n<p>The Marquee-Leitungen haben die M\u00f6glichkeit, Karten f\u00fcr Veranstaltungen zu kaufen, die von The Marquee oder seinen Leitern organisiert werden (ohne R\u00fccksicht auf die Beschaffenheit). Mit dem einmaligen und pers\u00f6nlichen Code, der auf dem Deckel steht, k\u00f6nnen Sie Karten kaufen.<\/p>\n<p>Lassen Sie auf: Eintrittskarten k\u00f6nnen nicht an andere Personen weitergegeben werden.<\/p>\n<p>Wir haben das Recht, den Ticketinhabern den Zugang zu der Veranstaltung zu erm\u00f6glichen und den Zeitraum zu begrenzen, in dem sie die Veranstaltung besuchen k\u00f6nnen.<\/p>\n<p>Voor de aangeboden evenementen gelden specifieke voorwaarden, die beschikbaar zijn op de pagina&#8217;s waarin de evenementen of activiteiten worden beschreven.<\/p>\n<p>&nbsp;<\/p>\n<p>&nbsp;<\/p>\n<strong>FAHRKARTENVERKAUF<br \/>\n<\/strong>Beleidigt: Geen terugbetalingen beschikbaar.\n<p>Wenn Sie ein Ticket haben, aber die Veranstaltung nicht besuchen k\u00f6nnen, m\u00fcssen Sie das Ticket gegen einen Gutschein eintauschen. Der\/die Gutscheincode(s) wurden per Post an Sie verschickt und k\u00f6nnen f\u00fcr den Verkauf in unserem Ticketshop verwendet werden.<\/p>\n<p>&nbsp;<\/p>\n<p>Kredietpercentage van de ticketwaarde bij annulering van het eventement:<\/p>\n<p>Annulering meer dan 14 dagen voor het evenement: 90%<\/p>\n<p>Annulering tussen 7 en 14 dagen voor het evenement: 75%<\/p>\n<p>Annulering binnen 7 dagen voor het evenement: 50%<\/p>\n<p>Annulering op de dag van het evenement: 0%<\/p>\n<p>&nbsp;<\/p>\n<p>Kredietpercentage van de hotelwaarde bij annulering:<\/p>\n<p>Annulering meer dan 14 dagen voor het evenement: 90%<\/p>\n<p>Annulering tussen 7 en 14 dagen voor het evenement: 75%<\/p>\n<p>Annulering tussen 3 en 7 dagen voor het evenement: 50%<\/p>\n<p>Annulering binnen 3 dagen voor het evenement: 0%<\/p>\n<p>&nbsp;<\/p>\n<p>Auflassen: Er zijn geen uitzonderingen op dit beleid. Diese Gutscheinregelung gilt f\u00fcr alle Kartenk\u00e4ufer, abgesehen von der Annullierung.<\/p>\n<p>&nbsp;<\/p>\n<strong>DIE AUFTEILUNG UND EINBINDUNG DES LIDMAATSCHAPS<br \/>\n<\/strong>Wenn ein Nutzer nicht mehr berichten kann oder nicht will, dass sein Profil f\u00fcr andere Nutzer sichtbar ist, kann der Nutzer in einem bestimmten Moment auf die Ver\u00f6ffentlichung seines Profils verzichten. Dieser Vorgang ist sehr zeitaufwendig, und die Klappe kann zu einem bestimmten Zeitpunkt aktiviert werden.\n<p>Ein Deckel kann zu einem anderen Zeitpunkt ge\u00f6ffnet werden. Eventuell anfallende Betaldekosten k\u00f6nnen nicht \u00fcbernommen werden.<\/p>\n<p>F\u00fcr die Kontaktaufnahme mit The Marquee \u00fcber die folgenden E-Mail-Adressen k\u00f6nnen Sie sich mit The Marquee in Verbindung setzen: <a href=\"mailto:info@TheMarquee.nl\">info@TheMarquee.nl<\/a><\/p>\n<p>&nbsp;<\/p>\n<p>&nbsp;<\/p>\n<p>&nbsp;<\/p>\n<p>&nbsp;<\/p>\n<p>&nbsp;<\/p>\n<strong>BESCHERMING VAN PERSOONLIJKE GEGEVENS\/PRIVATSPH\u00c4RE<br \/>\n<\/strong>The Marquee ist an die Algemene Verordening Gegevensbescherming gebunden und nimmt keine personenbezogenen Daten entgegen.\n<p>Der Schutz der Privatsph\u00e4re gilt f\u00fcr alle personenbezogenen Daten, die wir ver\u00f6ffentlichen.<\/p>\n<p>&nbsp;<\/p>\n<strong>KOSTEN<br \/>\n<\/strong>Als Nutzer sind Sie verpflichtet, die Kosten f\u00fcr die Nutzung unserer Website zu tragen. Die Preise und Tarieven wurden auf unserer Website vermeldet und k\u00f6nnen jederzeit ge\u00e4ndert werden.\n<p>&nbsp;<\/p>\n<strong>BETROUWBAARHEID<br \/>\n<\/strong>Das Marquee ist nicht verantwortlich f\u00fcr den Gedanke, die Aktivit\u00e4ten oder die N\u00fcchternheit der Leiter.\n<p>Leden sind selbst verantwortlich f\u00fcr die Informationen, die sie auf unserer Website bereitstellen.<\/p>\n<p>Wir k\u00f6nnen nicht garantieren, dass die Informationen und Daten, die von den Betreibern zur Verf\u00fcgung gestellt werden, korrekt, vollst\u00e4ndig und aktuell sind. Wir sind auch nicht verantwortlich f\u00fcr andere Ereignisse, die mit der Nutzung dieser Informationen und Daten verbunden sind, noch f\u00fcr Daten, die von anderen Nutzern verwendet werden und die nicht den Rechten anderer Nutzer unterliegen.<\/p>\n<p>&nbsp;<\/p>\n<strong>VEILIGHEID<br \/>\n<\/strong>Als Direktor von The Marquee k\u00f6nnen Sie sich auf die Einhaltung von Regeln f\u00fcr die Kommunikation mit anderen Personen einstellen, auch wenn Sie sich auf unsere Dienste verlassen m\u00f6chten, um mit ihnen zu kommunizieren oder sie pers\u00f6nlich zu treffen.\n<p>Sie erkennen an, dass die Angabe von pers\u00f6nlichen, vertraulichen und \/ oder vertraulichen Informationen (z.B. Name, Adresse, Telefonnummer, Finanzdaten) mit einem eigenen Risiko verbunden ist.<\/p>\n<p>&nbsp;<\/p>\n<strong>WIJZIGINGEN<br \/>\n<\/strong>The Marquee beh\u00e4lt sich das Recht vor, die auf der Website ver\u00f6ffentlichten Dienstleistungen und Preise zu einem bestimmten Zeitpunkt zu \u00e4ndern. Dies gilt auch f\u00fcr die Verk\u00e4ufer.\n<p>&nbsp;<\/p>\n<strong>INTELLECTUEEL EIGENDOM (AUTORENRECHT)<br \/>\n<\/strong>Alle Beitr\u00e4ge und Nachrichten, die auf der Website ver\u00f6ffentlicht wurden, sind urheberrechtlich gesch\u00fctzt.\n<p>Tenzij anders vermeldet, behoren alle Rechte, inclusief auteursrechte, merkrechte en andere intellectuele eigendomsrechte, evenals domeinnamen, de naam van de website en de inhoud ervan, toe aan The Marquee.<\/p>\n<p>Leden die deelnemen aan evenementen van The Marquee stemmen ermee in dat hun foto&#8217;s worden gedeeld door de organisatoren van het evenement op het priv\u00e9 online platform. Leden hebben het recht om te verzoeken om verwijdering van hun foto&#8217;s door een e-mail te sturen naar The Marquee op info@TheMarquee.nl<\/p>\n<p>&nbsp;<\/p>\n<strong>UITSCHRIJVEN<br \/>\n<\/strong>Leden hebben het recht om zich zonder opgave van reden uit te schrijven van de website. Personenbezogene Daten, die im Rahmen der Dienstver\u00e4nderung von The Marquee verzamelt, geopfert, verwertet und verwendet werden, werden verwaltet, wenn Sie sich bei uns melden.\n<p>&nbsp;<\/p>\n<strong>KLACHTEN<br \/>\n<\/strong>\u00dcber das Kontaktformular auf der Website k\u00f6nnen Sie Ihre Meinung \u00e4u\u00dfern, Fragen stellen oder Feedback geben.\n<p>The Marquee soll uns inspirieren, damit wir uns in einer neuen Welt zurechtfinden und auf sie reagieren k\u00f6nnen.<\/p>\n<p>Klachten hebben geen invloed op de betalingsverplichtingen van het lid. Der Deckel ist verplichtet, um alle Kosten zu verrechnen, die The Marquee als Folge von einseitigem Klachten verursacht.<\/p>\n<p>&nbsp;<\/p>\n<p><strong>NIETIGHEID<\/strong><\/p>\n<p>Wenn eine oder mehrere Klauseln dieser allgemeinen Bedingungen nicht bezahlt werden oder nicht schwankungsfrei sind, hat dies keinen Einfluss auf die Schwankungsbreite und die Schwankungsbreite der anderen Klauseln.<\/p>\n<p>&nbsp;<\/p>\n<p><strong>TOEPASSELIJK RECHT<\/strong><\/p>\n<p>Op deze voorwaarden is uitsluitend het Nederlands recht van toepassing. Bei bestimmten Ereignissen sind die Rechtsbanken von Amsterdam ausschlie\u00dflich befugt, dieses Recht zu behandeln.<\/p>","protected":false},"excerpt":{"rendered":"<p>Wat bieden we aan? The Marquee biedt een exclusief en priv\u00e9 online datingplatform voor leden, met zowel gratis als betaalde lidmaatschappen. Bovendien organiseren we regelmatig exclusieve evenementen voor onze leden. &nbsp; Lidmaatschap Je kunt een lidmaatschapsaanvraag indienen via het formulier op onze website. We nemen binnen 14 dagen contact met je op per mail. Door&hellip;<\/p>","protected":false},"author":1,"featured_media":0,"parent":0,"menu_order":100,"comment_status":"closed","ping_status":"closed","template":"","meta":{"_acf_changed":false,"inline_featured_image":false,"footnotes":""},"class_list":["post-2103","page","type-page","status-publish","hentry"],"acf":[],"_links":{"self":[{"href":"https:\/\/themarquee.nl\/de\/wp-json\/wp\/v2\/pages\/2103","targetHints":{"allow":["GET"]}}],"collection":[{"href":"https:\/\/themarquee.nl\/de\/wp-json\/wp\/v2\/pages"}],"about":[{"href":"https:\/\/themarquee.nl\/de\/wp-json\/wp\/v2\/types\/page"}],"author":[{"embeddable":true,"href":"https:\/\/themarquee.nl\/de\/wp-json\/wp\/v2\/users\/1"}],"replies":[{"embeddable":true,"href":"https:\/\/themarquee.nl\/de\/wp-json\/wp\/v2\/comments?post=2103"}],"version-history":[{"count":12,"href":"https:\/\/themarquee.nl\/de\/wp-json\/wp\/v2\/pages\/2103\/revisions"}],"predecessor-version":[{"id":3646,"href":"https:\/\/themarquee.nl\/de\/wp-json\/wp\/v2\/pages\/2103\/revisions\/3646"}],"wp:attachment":[{"href":"https:\/\/themarquee.nl\/de\/wp-json\/wp\/v2\/media?parent=2103"}],"curies":[{"name":"wp","href":"https:\/\/api.w.org\/{rel}","templated":true}]}}